{"id":11189,"date":"2022-07-04T07:44:01","date_gmt":"2022-07-04T07:44:01","guid":{"rendered":"https:\/\/mf.aquariushost.net\/?page_id=11189"},"modified":"2024-07-23T08:52:04","modified_gmt":"2024-07-23T08:52:04","slug":"revolving-2","status":"publish","type":"page","link":"https:\/\/mfbanka.com\/index.php\/revolving-2\/","title":{"rendered":"REVOLVING"},"content":{"rendered":"\t\t<div data-elementor-type=\"wp-page\" data-elementor-id=\"11189\" class=\"elementor elementor-11189\" data-elementor-settings=\"{&quot;ha_cmc_init_switcher&quot;:&quot;no&quot;}\" data-elementor-post-type=\"page\">\n\t\t\t\t\t\t<section class=\"elementor-section elementor-top-section elementor-element elementor-element-db257c1 elementor-reverse-tablet elementor-reverse-mobile elementor-section-boxed elementor-section-height-default elementor-section-height-default cmsmasters-block-default\" data-id=\"db257c1\" data-element_type=\"section\" data-settings=\"{&quot;_ha_eqh_enable&quot;:false}\">\n\t\t\t\t\t\t<div class=\"elementor-container elementor-column-gap-no\">\n\t\t\t\t\t<div class=\"elementor-column elementor-col-50 elementor-top-column elementor-element elementor-element-893eda5\" data-id=\"893eda5\" data-element_type=\"column\" data-settings=\"{&quot;background_background&quot;:&quot;classic&quot;}\">\n\t\t\t<div class=\"elementor-widget-wrap elementor-element-populated\">\n\t\t\t\t\t\t<div class=\"elementor-element elementor-element-87d231a cmsmasters-block-default cmsmasters-sticky-default elementor-widget elementor-widget-heading\" data-id=\"87d231a\" data-element_type=\"widget\" data-widget_type=\"heading.default\">\n\t\t\t\t<div class=\"elementor-widget-container\">\n\t\t\t\t\t<h2 class=\"elementor-heading-title elementor-size-default\">Revolving krediti <\/h2>\t\t\t\t<\/div>\n\t\t\t\t<\/div>\n\t\t\t\t<div class=\"elementor-element elementor-element-d67ab7b cmsmasters-block-default cmsmasters-sticky-default elementor-widget elementor-widget-heading\" data-id=\"d67ab7b\" data-element_type=\"widget\" data-widget_type=\"heading.default\">\n\t\t\t\t<div class=\"elementor-widget-container\">\n\t\t\t\t\t<p class=\"elementor-heading-title elementor-size-default\">Velika ili mala, doma\u0107a ili strana \u2013 ne postoji kompanija koja se bar jednom nije susrela sa izazovima sa likvidno\u0161\u0107u. U takvim situacijama, va\u017eno je da uz sebe imate pouzdanog partnera.<\/p>\t\t\t\t<\/div>\n\t\t\t\t<\/div>\n\t\t\t\t\t<\/div>\n\t\t<\/div>\n\t\t\t\t<div class=\"elementor-column elementor-col-50 elementor-top-column elementor-element elementor-element-d231a30 cmsmasters-bg-hide-none cmsmasters-bg-hide-none\" data-id=\"d231a30\" data-element_type=\"column\" data-settings=\"{&quot;background_background&quot;:&quot;classic&quot;}\">\n\t\t\t<div class=\"elementor-widget-wrap elementor-element-populated\">\n\t\t\t\t\t\t\t<\/div>\n\t\t<\/div>\n\t\t\t\t\t<\/div>\n\t\t<\/section>\n\t\t\t\t<section class=\"elementor-section elementor-top-section elementor-element elementor-element-ab37627 elementor-section-boxed elementor-section-height-default elementor-section-height-default cmsmasters-block-default\" data-id=\"ab37627\" data-element_type=\"section\" data-settings=\"{&quot;_ha_eqh_enable&quot;:false}\">\n\t\t\t\t\t\t<div class=\"elementor-container elementor-column-gap-default\">\n\t\t\t\t\t<div class=\"elementor-column elementor-col-33 elementor-top-column elementor-element elementor-element-0930472\" data-id=\"0930472\" data-element_type=\"column\">\n\t\t\t<div class=\"elementor-widget-wrap elementor-element-populated\">\n\t\t\t\t\t\t<div class=\"elementor-element elementor-element-a027240 elementor-position-top cmsmasters-block-default cmsmasters-sticky-default elementor-widget elementor-widget-image-box\" data-id=\"a027240\" data-element_type=\"widget\" data-widget_type=\"image-box.default\">\n\t\t\t\t<div class=\"elementor-widget-container\">\n\t\t\t\t\t<div class=\"elementor-image-box-wrapper\"><figure class=\"elementor-image-box-img\"><img decoding=\"async\" src=\"https:\/\/mfbanka.com\/wp-content\/uploads\/elementor\/thumbs\/iznos-kredita-tamna-r9weuevgkqq0mhb788hrvtt7lcjgbzefe9rq8pvug8.png\" title=\"iznos kredita tamna\" alt=\"iznos kredita tamna\" loading=\"lazy\" \/><\/figure><div class=\"elementor-image-box-content\"><h3 class=\"elementor-image-box-title\">Iznos kredita<\/h3><p class=\"elementor-image-box-description\">Nudimo krediti u iznosu  &gt; od 100.000 KM.<\/p><\/div><\/div>\t\t\t\t<\/div>\n\t\t\t\t<\/div>\n\t\t\t\t\t<\/div>\n\t\t<\/div>\n\t\t\t\t<div class=\"elementor-column elementor-col-33 elementor-top-column elementor-element elementor-element-767c83b\" data-id=\"767c83b\" data-element_type=\"column\">\n\t\t\t<div class=\"elementor-widget-wrap elementor-element-populated\">\n\t\t\t\t\t\t<div class=\"elementor-element elementor-element-c27ada2 elementor-position-top cmsmasters-block-default cmsmasters-sticky-default elementor-widget elementor-widget-image-box\" data-id=\"c27ada2\" data-element_type=\"widget\" data-widget_type=\"image-box.default\">\n\t\t\t\t<div class=\"elementor-widget-container\">\n\t\t\t\t\t<div class=\"elementor-image-box-wrapper\"><figure class=\"elementor-image-box-img\"><img decoding=\"async\" src=\"https:\/\/mfbanka.com\/wp-content\/uploads\/elementor\/thumbs\/rok-otplate-tamna-r9weuevgkqq0mhb788hrvtt7lcjgbzefe9rq8pvug8.png\" title=\"rok otplate tamna\" alt=\"rok otplate tamna\" loading=\"lazy\" \/><\/figure><div class=\"elementor-image-box-content\"><h3 class=\"elementor-image-box-title\">Rok otplate<\/h3><p class=\"elementor-image-box-description\">Ovakvu vrstu kratkoro\u010dnog kredita nudimo sa maksimalnim rokom otplate od 3 do 12 mjeseci.<\/p><\/div><\/div>\t\t\t\t<\/div>\n\t\t\t\t<\/div>\n\t\t\t\t\t<\/div>\n\t\t<\/div>\n\t\t\t\t<div class=\"elementor-column elementor-col-33 elementor-top-column elementor-element elementor-element-2eed933\" data-id=\"2eed933\" data-element_type=\"column\">\n\t\t\t<div class=\"elementor-widget-wrap elementor-element-populated\">\n\t\t\t\t\t\t<div class=\"elementor-element elementor-element-de129c6 elementor-position-top cmsmasters-block-default cmsmasters-sticky-default elementor-widget elementor-widget-image-box\" data-id=\"de129c6\" data-element_type=\"widget\" data-widget_type=\"image-box.default\">\n\t\t\t\t<div class=\"elementor-widget-container\">\n\t\t\t\t\t<div class=\"elementor-image-box-wrapper\"><figure class=\"elementor-image-box-img\"><img decoding=\"async\" src=\"https:\/\/mfbanka.com\/wp-content\/uploads\/elementor\/thumbs\/nacin-otplate-tamna-r9weuftarkray39u2qwegbko6qetjoi5qef7pzuga0.png\" title=\"nacin otplate tamna\" alt=\"nacin otplate tamna\" loading=\"lazy\" \/><\/figure><div class=\"elementor-image-box-content\"><h3 class=\"elementor-image-box-title\">Na\u010din otplate<\/h3><p class=\"elementor-image-box-description\">Na revolving principu, bez prethodne najave povla\u010denja sredstava, u skladu sa Va\u0161im potrebama.<\/p><\/div><\/div>\t\t\t\t<\/div>\n\t\t\t\t<\/div>\n\t\t\t\t\t<\/div>\n\t\t<\/div>\n\t\t\t\t\t<\/div>\n\t\t<\/section>\n\t\t\t\t<section class=\"elementor-section elementor-top-section elementor-element elementor-element-5ea8543 elementor-section-boxed elementor-section-height-default elementor-section-height-default cmsmasters-block-default\" data-id=\"5ea8543\" data-element_type=\"section\" data-settings=\"{&quot;background_background&quot;:&quot;classic&quot;,&quot;_ha_eqh_enable&quot;:false}\">\n\t\t\t\t\t\t<div class=\"elementor-container elementor-column-gap-default\">\n\t\t\t\t\t<div class=\"elementor-column elementor-col-100 elementor-top-column elementor-element elementor-element-8163d24\" data-id=\"8163d24\" data-element_type=\"column\">\n\t\t\t<div class=\"elementor-widget-wrap elementor-element-populated\">\n\t\t\t\t\t\t<div class=\"elementor-element elementor-element-dd609ce cmsmasters-block-default cmsmasters-sticky-default elementor-widget elementor-widget-heading\" data-id=\"dd609ce\" data-element_type=\"widget\" data-widget_type=\"heading.default\">\n\t\t\t\t<div class=\"elementor-widget-container\">\n\t\t\t\t\t<h2 class=\"elementor-heading-title elementor-size-default\">Namjena:<\/h2>\t\t\t\t<\/div>\n\t\t\t\t<\/div>\n\t\t\t\t<div class=\"elementor-element elementor-element-6b7f3b2 cmsmasters-block-default cmsmasters-sticky-default elementor-widget elementor-widget-text-editor\" data-id=\"6b7f3b2\" data-element_type=\"widget\" data-widget_type=\"text-editor.default\">\n\t\t\t\t<div class=\"elementor-widget-container\">\n\t\t\t\t\t\t\t\t\t<ul><li>Podr\u0161ka teku\u0107oj likvidnosti.<\/li><\/ul>\t\t\t\t\t\t\t\t<\/div>\n\t\t\t\t<\/div>\n\t\t\t\t<div class=\"elementor-element elementor-element-6b62b65 cmsmasters-button-align-center cmsmasters-block-default cmsmasters-sticky-default elementor-widget elementor-widget-cmsmasters-button\" data-id=\"6b62b65\" data-element_type=\"widget\" data-widget_type=\"cmsmasters-button.default\">\n\t\t\t\t<div class=\"elementor-widget-container\">\n\t\t\t\t\t<div class=\"elementor-widget-cmsmasters-button__button-container\"><div class=\"elementor-widget-cmsmasters-button__button-container-inner\"><a href=\"https:\/\/mfbanka.com\/index.php\/apliciraj-za-kredit-revolving-2\/\" class=\"cmsmasters-button-link elementor-widget-cmsmasters-button__button cmsmasters-icon-view- cmsmasters-icon-shape- cmsmasters-button-size-sm\" role=\"button\" tabindex=\"0\"><span class=\"elementor-widget-cmsmasters-button__content-wrapper cmsmasters-align-icon-\"><span class=\"elementor-widget-cmsmasters-button__text\">APLICIRAJ ZA KREDIT<\/span><\/span><\/a><\/div><\/div>\t\t\t\t<\/div>\n\t\t\t\t<\/div>\n\t\t\t\t\t<\/div>\n\t\t<\/div>\n\t\t\t\t\t<\/div>\n\t\t<\/section>\n\t\t\t\t<section class=\"elementor-section elementor-top-section elementor-element elementor-element-4270e5f elementor-section-boxed elementor-section-height-default elementor-section-height-default cmsmasters-block-default\" data-id=\"4270e5f\" data-element_type=\"section\" data-settings=\"{&quot;background_background&quot;:&quot;classic&quot;,&quot;_ha_eqh_enable&quot;:false}\">\n\t\t\t\t\t\t<div class=\"elementor-container elementor-column-gap-default\">\n\t\t\t\t\t<div class=\"elementor-column elementor-col-100 elementor-top-column elementor-element elementor-element-e6c8ba2\" data-id=\"e6c8ba2\" data-element_type=\"column\">\n\t\t\t<div class=\"elementor-widget-wrap elementor-element-populated\">\n\t\t\t\t\t\t<div class=\"elementor-element elementor-element-74d6d1a cmsmasters-block-default cmsmasters-sticky-default elementor-widget elementor-widget-heading\" data-id=\"74d6d1a\" data-element_type=\"widget\" data-widget_type=\"heading.default\">\n\t\t\t\t<div class=\"elementor-widget-container\">\n\t\t\t\t\t<h2 class=\"elementor-heading-title elementor-size-default\">Dokumenti<\/h2>\t\t\t\t<\/div>\n\t\t\t\t<\/div>\n\t\t\t\t<section class=\"elementor-section elementor-inner-section elementor-element elementor-element-5a21159 elementor-section-boxed elementor-section-height-default elementor-section-height-default cmsmasters-block-default\" data-id=\"5a21159\" data-element_type=\"section\" data-settings=\"{&quot;_ha_eqh_enable&quot;:false}\">\n\t\t\t\t\t\t<div class=\"elementor-container elementor-column-gap-default\">\n\t\t\t\t\t<div class=\"elementor-column elementor-col-100 elementor-inner-column elementor-element elementor-element-ec3ecd8\" data-id=\"ec3ecd8\" data-element_type=\"column\">\n\t\t\t<div class=\"elementor-widget-wrap elementor-element-populated\">\n\t\t\t\t\t\t<div data-separate-animation-selector=\".elementor-widget-cmsmasters-toggles__item\" data-text-animation-class=\"sequental, random\" class=\"elementor-element elementor-element-31bf7b0 cmsmasters-trigger-icon-view-framed cmsmasters-title-alignment-left cmsmasters-item-icon-position-left cmsmasters-block-default cmsmasters-sticky-default elementor-widget elementor-widget-cmsmasters-toggles cmsmasters-widget-toggles\" data-id=\"31bf7b0\" data-element_type=\"widget\" data-settings=\"{&quot;toggles&quot;:[{&quot;toggle_title&quot;:&quot;Spisak dokumentacije za pravna lica (MSME, COR\\\/PUB) \\u2013 (za RS i Br\\u010dko Distrikt)&quot;,&quot;toggle_content&quot;:&quot;&lt;p&gt;&lt;a href=\\&quot;https:\\\/\\\/mfbanka.com\\\/wp-content\\\/uploads\\\/2022\\\/07\\\/Dokumentacija-za-SME-RS-i-BD.pdf\\&quot;&gt;Preuzmite dokument&lt;\\\/a&gt;&lt;\\\/p&gt;&quot;,&quot;_id&quot;:&quot;54a4bf4&quot;,&quot;content_type&quot;:&quot;toggle-content&quot;,&quot;saved_section&quot;:null,&quot;item_icon&quot;:{&quot;value&quot;:&quot;&quot;,&quot;library&quot;:&quot;&quot;},&quot;toggle_custom_id&quot;:&quot;&quot;},{&quot;toggle_title&quot;:&quot;Spisak dokumentacije za pravna lica (MSME, COR\\\/PUB) \\u2013 (za Federaciju BiH)&quot;,&quot;toggle_content&quot;:&quot;&lt;p&gt;&lt;a href=\\&quot;https:\\\/\\\/mfbanka.com\\\/wp-content\\\/uploads\\\/2022\\\/07\\\/Dokumentacija-za-SMEFBiH.pdf\\&quot;&gt;Preuzmite dokument&lt;\\\/a&gt;&lt;\\\/p&gt;&quot;,&quot;_id&quot;:&quot;20a7d25&quot;,&quot;content_type&quot;:&quot;toggle-content&quot;,&quot;saved_section&quot;:null,&quot;item_icon&quot;:{&quot;value&quot;:&quot;&quot;,&quot;library&quot;:&quot;&quot;},&quot;toggle_custom_id&quot;:&quot;&quot;},{&quot;toggle_title&quot;:&quot;Spisak dokumentacije za samostalne preduzetnike (za RS i Br\\u010dko Distrikt)&quot;,&quot;toggle_content&quot;:&quot;&lt;p&gt;&lt;a href=\\&quot;https:\\\/\\\/mfbanka.com\\\/wp-content\\\/uploads\\\/2022\\\/07\\\/Dokumentacija_preduzetnik-RS-i-BD.pdf\\&quot;&gt;Preuzmite dokument&lt;\\\/a&gt;&lt;\\\/p&gt;&quot;,&quot;_id&quot;:&quot;0faaa00&quot;,&quot;content_type&quot;:&quot;toggle-content&quot;,&quot;saved_section&quot;:null,&quot;item_icon&quot;:{&quot;value&quot;:&quot;&quot;,&quot;library&quot;:&quot;&quot;},&quot;toggle_custom_id&quot;:&quot;&quot;},{&quot;toggle_title&quot;:&quot;Spisak dokumentacije za samostalne preduzetnike (za Federaciju BiH)&quot;,&quot;toggle_content&quot;:&quot;&lt;p&gt;&lt;a href=\\&quot;https:\\\/\\\/mfbanka.com\\\/wp-content\\\/uploads\\\/2022\\\/07\\\/Dokumentacija_preduzetnikFBiH.pdf\\&quot;&gt;Preuzmite dokument&lt;\\\/a&gt;&lt;\\\/p&gt;&quot;,&quot;_id&quot;:&quot;16c6a22&quot;,&quot;content_type&quot;:&quot;toggle-content&quot;,&quot;saved_section&quot;:null,&quot;item_icon&quot;:{&quot;value&quot;:&quot;&quot;,&quot;library&quot;:&quot;&quot;},&quot;toggle_custom_id&quot;:&quot;&quot;},{&quot;toggle_title&quot;:&quot;Zahtjev za kredit za samostalne preduzetnike \\\/ mala i srednja preduze\\u0107a&quot;,&quot;toggle_content&quot;:&quot;&lt;p&gt;&lt;a href=\\&quot;https:\\\/\\\/mfbanka.com\\\/wp-content\\\/uploads\\\/2022\\\/07\\\/Zahtjev-za-kredit-4.pdf\\&quot;&gt;Preuzmite dokument&lt;\\\/a&gt;&lt;\\\/p&gt;&quot;,&quot;_id&quot;:&quot;5a316c4&quot;,&quot;content_type&quot;:&quot;toggle-content&quot;,&quot;saved_section&quot;:null,&quot;item_icon&quot;:{&quot;value&quot;:&quot;&quot;,&quot;library&quot;:&quot;&quot;},&quot;toggle_custom_id&quot;:&quot;&quot;},{&quot;toggle_title&quot;:&quot;Krediti IRB-a&quot;,&quot;toggle_content&quot;:&quot;&lt;p&gt;&lt;a href=\\&quot;https:\\\/\\\/mfbanka.com\\\/wp-content\\\/uploads\\\/2022\\\/07\\\/Mikrobiznis-u-poljoprivredi.pdf\\&quot;&gt;Kredit za mikrobiznis u poljoprivredi&lt;\\\/a&gt;&lt;\\\/p&gt;&lt;p&gt;\\u00a0&lt;\\\/p&gt;&lt;p&gt;&lt;a href=\\&quot;https:\\\/\\\/mfbanka.com\\\/wp-content\\\/uploads\\\/2022\\\/07\\\/Za-preduzetnike-i-preduzeca.pdf\\&quot;&gt;Kredit za preduzetnike i preduze\\u0107a&lt;\\\/a&gt;&lt;\\\/p&gt;&lt;p&gt;\\u00a0&lt;\\\/p&gt;&lt;p&gt;&lt;a href=\\&quot;https:\\\/\\\/mfbanka.com\\\/wp-content\\\/uploads\\\/2022\\\/07\\\/Zahtjev-pocetne-poslovne-aktivnosti.pdf\\&quot;&gt;Kredit za po\\u010detne poslovne aktivnosti&lt;\\\/a&gt;&lt;\\\/p&gt;&lt;p&gt;\\u00a0&lt;\\\/p&gt;&lt;p&gt;&lt;a href=\\&quot;https:\\\/\\\/mfbanka.com\\\/wp-content\\\/uploads\\\/2022\\\/07\\\/Zahtjev-za-kredit-za-poljoprivredu.pdf\\&quot;&gt;Kredit za poljoprivredu&lt;\\\/a&gt;&lt;\\\/p&gt;&quot;,&quot;_id&quot;:&quot;eef8337&quot;,&quot;content_type&quot;:&quot;toggle-content&quot;,&quot;saved_section&quot;:null,&quot;item_icon&quot;:{&quot;value&quot;:&quot;&quot;,&quot;library&quot;:&quot;&quot;},&quot;toggle_custom_id&quot;:&quot;&quot;}],&quot;type&quot;:&quot;accordion&quot;}\" data-widget_type=\"cmsmasters-toggles.default\">\n\t\t\t\t<div class=\"elementor-widget-container\">\n\t\t\t\t\t<div class=\"elementor-widget-cmsmasters-toggles__list\"><div class=\"elementor-widget-cmsmasters-toggles__item\"><h4 id=\"elementor-tab-title-5211\" class=\"elementor-widget-cmsmasters-toggles__title\" data-tab=\"1\" role=\"button\" tabindex=\"0\"><a class=\"elementor-widget-cmsmasters-toggles__title-link cmsmasters_enable_trigger_icon\" href=\"#\" tabindex=\"-1\"><span class=\"elementor-widget-cmsmasters-toggles__title-text\">Spisak dokumentacije za pravna lica (MSME, COR\/PUB) \u2013 (za RS i Br\u010dko Distrikt)<\/span><\/a><span class=\"elementor-widget-cmsmasters-toggles__trigger\"><span class=\"elementor-widget-cmsmasters-toggles__trigger-closed\"><i aria-hidden=\"true\" aria-label=\"Closed\" class=\"fas fa-plus\"><\/i><\/span><span class=\"elementor-widget-cmsmasters-toggles__trigger-opened\"><i aria-hidden=\"true\" aria-label=\"Opened\" class=\"fas fa-minus\"><\/i><\/span><\/span><\/h4><div id=\"elementor-widget-cmsmasters-toggles__content-5211\" class=\"elementor-widget-cmsmasters-toggles__content elementor-clearfix\" data-tab=\"1\"><p><a href=\"https:\/\/mfbanka.com\/wp-content\/uploads\/2022\/07\/Dokumentacija-za-SME-RS-i-BD.pdf\">Preuzmite dokument<\/a><\/p><\/div><\/div><div class=\"elementor-widget-cmsmasters-toggles__item\"><h4 id=\"elementor-tab-title-5212\" class=\"elementor-widget-cmsmasters-toggles__title\" data-tab=\"2\" role=\"button\" tabindex=\"0\"><a class=\"elementor-widget-cmsmasters-toggles__title-link cmsmasters_enable_trigger_icon\" href=\"#\" tabindex=\"-1\"><span class=\"elementor-widget-cmsmasters-toggles__title-text\">Spisak dokumentacije za pravna lica (MSME, COR\/PUB) \u2013 (za Federaciju BiH)<\/span><\/a><span class=\"elementor-widget-cmsmasters-toggles__trigger\"><span class=\"elementor-widget-cmsmasters-toggles__trigger-closed\"><i aria-hidden=\"true\" aria-label=\"Closed\" class=\"fas fa-plus\"><\/i><\/span><span class=\"elementor-widget-cmsmasters-toggles__trigger-opened\"><i aria-hidden=\"true\" aria-label=\"Opened\" class=\"fas fa-minus\"><\/i><\/span><\/span><\/h4><div id=\"elementor-widget-cmsmasters-toggles__content-5212\" class=\"elementor-widget-cmsmasters-toggles__content elementor-clearfix\" data-tab=\"2\"><p><a href=\"https:\/\/mfbanka.com\/wp-content\/uploads\/2022\/07\/Dokumentacija-za-SMEFBiH.pdf\">Preuzmite dokument<\/a><\/p><\/div><\/div><div class=\"elementor-widget-cmsmasters-toggles__item\"><h4 id=\"elementor-tab-title-5213\" class=\"elementor-widget-cmsmasters-toggles__title\" data-tab=\"3\" role=\"button\" tabindex=\"0\"><a class=\"elementor-widget-cmsmasters-toggles__title-link cmsmasters_enable_trigger_icon\" href=\"#\" tabindex=\"-1\"><span class=\"elementor-widget-cmsmasters-toggles__title-text\">Spisak dokumentacije za samostalne preduzetnike (za RS i Br\u010dko Distrikt)<\/span><\/a><span class=\"elementor-widget-cmsmasters-toggles__trigger\"><span class=\"elementor-widget-cmsmasters-toggles__trigger-closed\"><i aria-hidden=\"true\" aria-label=\"Closed\" class=\"fas fa-plus\"><\/i><\/span><span class=\"elementor-widget-cmsmasters-toggles__trigger-opened\"><i aria-hidden=\"true\" aria-label=\"Opened\" class=\"fas fa-minus\"><\/i><\/span><\/span><\/h4><div id=\"elementor-widget-cmsmasters-toggles__content-5213\" class=\"elementor-widget-cmsmasters-toggles__content elementor-clearfix\" data-tab=\"3\"><p><a href=\"https:\/\/mfbanka.com\/wp-content\/uploads\/2022\/07\/Dokumentacija_preduzetnik-RS-i-BD.pdf\">Preuzmite dokument<\/a><\/p><\/div><\/div><div class=\"elementor-widget-cmsmasters-toggles__item\"><h4 id=\"elementor-tab-title-5214\" class=\"elementor-widget-cmsmasters-toggles__title\" data-tab=\"4\" role=\"button\" tabindex=\"0\"><a class=\"elementor-widget-cmsmasters-toggles__title-link cmsmasters_enable_trigger_icon\" href=\"#\" tabindex=\"-1\"><span class=\"elementor-widget-cmsmasters-toggles__title-text\">Spisak dokumentacije za samostalne preduzetnike (za Federaciju BiH)<\/span><\/a><span class=\"elementor-widget-cmsmasters-toggles__trigger\"><span class=\"elementor-widget-cmsmasters-toggles__trigger-closed\"><i aria-hidden=\"true\" aria-label=\"Closed\" class=\"fas fa-plus\"><\/i><\/span><span class=\"elementor-widget-cmsmasters-toggles__trigger-opened\"><i aria-hidden=\"true\" aria-label=\"Opened\" class=\"fas fa-minus\"><\/i><\/span><\/span><\/h4><div id=\"elementor-widget-cmsmasters-toggles__content-5214\" class=\"elementor-widget-cmsmasters-toggles__content elementor-clearfix\" data-tab=\"4\"><p><a href=\"https:\/\/mfbanka.com\/wp-content\/uploads\/2022\/07\/Dokumentacija_preduzetnikFBiH.pdf\">Preuzmite dokument<\/a><\/p><\/div><\/div><div class=\"elementor-widget-cmsmasters-toggles__item\"><h4 id=\"elementor-tab-title-5215\" class=\"elementor-widget-cmsmasters-toggles__title\" data-tab=\"5\" role=\"button\" tabindex=\"0\"><a class=\"elementor-widget-cmsmasters-toggles__title-link cmsmasters_enable_trigger_icon\" href=\"#\" tabindex=\"-1\"><span class=\"elementor-widget-cmsmasters-toggles__title-text\">Zahtjev za kredit za samostalne preduzetnike \/ mala i srednja preduze\u0107a<\/span><\/a><span class=\"elementor-widget-cmsmasters-toggles__trigger\"><span class=\"elementor-widget-cmsmasters-toggles__trigger-closed\"><i aria-hidden=\"true\" aria-label=\"Closed\" class=\"fas fa-plus\"><\/i><\/span><span class=\"elementor-widget-cmsmasters-toggles__trigger-opened\"><i aria-hidden=\"true\" aria-label=\"Opened\" class=\"fas fa-minus\"><\/i><\/span><\/span><\/h4><div id=\"elementor-widget-cmsmasters-toggles__content-5215\" class=\"elementor-widget-cmsmasters-toggles__content elementor-clearfix\" data-tab=\"5\"><p><a href=\"https:\/\/mfbanka.com\/wp-content\/uploads\/2022\/07\/Zahtjev-za-kredit-4.pdf\">Preuzmite dokument<\/a><\/p><\/div><\/div><div class=\"elementor-widget-cmsmasters-toggles__item\"><h4 id=\"elementor-tab-title-5216\" class=\"elementor-widget-cmsmasters-toggles__title\" data-tab=\"6\" role=\"button\" tabindex=\"0\"><a class=\"elementor-widget-cmsmasters-toggles__title-link cmsmasters_enable_trigger_icon\" href=\"#\" tabindex=\"-1\"><span class=\"elementor-widget-cmsmasters-toggles__title-text\">Krediti IRB-a<\/span><\/a><span class=\"elementor-widget-cmsmasters-toggles__trigger\"><span class=\"elementor-widget-cmsmasters-toggles__trigger-closed\"><i aria-hidden=\"true\" aria-label=\"Closed\" class=\"fas fa-plus\"><\/i><\/span><span class=\"elementor-widget-cmsmasters-toggles__trigger-opened\"><i aria-hidden=\"true\" aria-label=\"Opened\" class=\"fas fa-minus\"><\/i><\/span><\/span><\/h4><div id=\"elementor-widget-cmsmasters-toggles__content-5216\" class=\"elementor-widget-cmsmasters-toggles__content elementor-clearfix\" data-tab=\"6\"><p><a href=\"https:\/\/mfbanka.com\/wp-content\/uploads\/2022\/07\/Mikrobiznis-u-poljoprivredi.pdf\">Kredit za mikrobiznis u poljoprivredi<\/a><\/p><p>\u00a0<\/p><p><a href=\"https:\/\/mfbanka.com\/wp-content\/uploads\/2022\/07\/Za-preduzetnike-i-preduzeca.pdf\">Kredit za preduzetnike i preduze\u0107a<\/a><\/p><p>\u00a0<\/p><p><a href=\"https:\/\/mfbanka.com\/wp-content\/uploads\/2022\/07\/Zahtjev-pocetne-poslovne-aktivnosti.pdf\">Kredit za po\u010detne poslovne aktivnosti<\/a><\/p><p>\u00a0<\/p><p><a href=\"https:\/\/mfbanka.com\/wp-content\/uploads\/2022\/07\/Zahtjev-za-kredit-za-poljoprivredu.pdf\">Kredit za poljoprivredu<\/a><\/p><\/div><\/div><\/div>\t\t\t\t<\/div>\n\t\t\t\t<\/div>\n\t\t\t\t\t<\/div>\n\t\t<\/div>\n\t\t\t\t\t<\/div>\n\t\t<\/section>\n\t\t\t\t\t<\/div>\n\t\t<\/div>\n\t\t\t\t\t<\/div>\n\t\t<\/section>\n\t\t\t\t<\/div>\n\t\t","protected":false},"excerpt":{"rendered":"<p>Revolving krediti Velika ili mala, doma\u0107a ili strana \u2013 ne postoji kompanija koja se bar jednom nije susrela sa izazovima sa likvidno\u0161\u0107u. U takvim situacijama, va\u017eno je da uz sebe imate pouzdanog partnera. Iznos kredita Nudimo krediti u iznosu > od 100.000 KM. Rok otplate Ovakvu vrstu kratkoro\u010dnog kredita nudimo sa maksimalnim rokom otplate od&#8230;<\/p>\n","protected":false},"author":1,"featured_media":0,"parent":0,"menu_order":0,"comment_status":"closed","ping_status":"closed","template":"","meta":{"inline_featured_image":false,"footnotes":""},"class_list":["post-11189","page","type-page","status-publish","hentry"],"_links":{"self":[{"href":"https:\/\/mfbanka.com\/index.php\/wp-json\/wp\/v2\/pages\/11189","targetHints":{"allow":["GET"]}}],"collection":[{"href":"https:\/\/mfbanka.com\/index.php\/wp-json\/wp\/v2\/pages"}],"about":[{"href":"https:\/\/mfbanka.com\/index.php\/wp-json\/wp\/v2\/types\/page"}],"author":[{"embeddable":true,"href":"https:\/\/mfbanka.com\/index.php\/wp-json\/wp\/v2\/users\/1"}],"replies":[{"embeddable":true,"href":"https:\/\/mfbanka.com\/index.php\/wp-json\/wp\/v2\/comments?post=11189"}],"version-history":[{"count":11,"href":"https:\/\/mfbanka.com\/index.php\/wp-json\/wp\/v2\/pages\/11189\/revisions"}],"predecessor-version":[{"id":21796,"href":"https:\/\/mfbanka.com\/index.php\/wp-json\/wp\/v2\/pages\/11189\/revisions\/21796"}],"wp:attachment":[{"href":"https:\/\/mfbanka.com\/index.php\/wp-json\/wp\/v2\/media?parent=11189"}],"curies":[{"name":"wp","href":"https:\/\/api.w.org\/{rel}","templated":true}]}}