{"id":11273,"date":"2022-07-05T11:22:27","date_gmt":"2022-07-05T11:22:27","guid":{"rendered":"https:\/\/mf.aquariushost.net\/?page_id=11273"},"modified":"2025-08-12T13:02:13","modified_gmt":"2025-08-12T13:02:13","slug":"prekoracenje-po-tekucem-racunu","status":"publish","type":"page","link":"https:\/\/mfbanka.com\/index.php\/prekoracenje-po-tekucem-racunu\/","title":{"rendered":"OVERDRAFT"},"content":{"rendered":"\t\t<div data-elementor-type=\"wp-page\" data-elementor-id=\"11273\" class=\"elementor elementor-11273\" data-elementor-settings=\"{&quot;ha_cmc_init_switcher&quot;:&quot;no&quot;}\" data-elementor-post-type=\"page\">\n\t\t\t\t\t\t<section class=\"elementor-section elementor-top-section elementor-element elementor-element-d22b5df elementor-reverse-tablet elementor-reverse-mobile elementor-section-boxed elementor-section-height-default elementor-section-height-default cmsmasters-block-default\" data-id=\"d22b5df\" data-element_type=\"section\" data-settings=\"{&quot;_ha_eqh_enable&quot;:false}\">\n\t\t\t\t\t\t<div class=\"elementor-container elementor-column-gap-no\">\n\t\t\t\t\t<div class=\"elementor-column elementor-col-50 elementor-top-column elementor-element elementor-element-45d7713\" data-id=\"45d7713\" data-element_type=\"column\" data-settings=\"{&quot;background_background&quot;:&quot;classic&quot;}\">\n\t\t\t<div class=\"elementor-widget-wrap elementor-element-populated\">\n\t\t\t\t\t\t<div class=\"elementor-element elementor-element-7a13f5d cmsmasters-block-default cmsmasters-sticky-default elementor-widget elementor-widget-heading\" data-id=\"7a13f5d\" data-element_type=\"widget\" data-widget_type=\"heading.default\">\n\t\t\t\t<div class=\"elementor-widget-container\">\n\t\t\t\t\t<h2 class=\"elementor-heading-title elementor-size-default\">Overdraft (prekora\u010denje po teku\u0107em ra\u010dunu)<\/h2>\t\t\t\t<\/div>\n\t\t\t\t<\/div>\n\t\t\t\t<div class=\"elementor-element elementor-element-e256d1b cmsmasters-block-default cmsmasters-sticky-default elementor-widget elementor-widget-heading\" data-id=\"e256d1b\" data-element_type=\"widget\" data-widget_type=\"heading.default\">\n\t\t\t\t<div class=\"elementor-widget-container\">\n\t\t\t\t\t<p class=\"elementor-heading-title elementor-size-default\">Prekora\u010denje po teku\u0107em ra\u010dunu (overdraft) je kreditni proizvod koji se \u010desto naziva i dozvoljenim minusom po teku\u0107em ra\u010dunu. Proizvod je namijenjen klijentima koji imaju otvoren teku\u0107i ra\u010dun u banci za priliv redovnih mjese\u010dnih primanja poput plate, penzije, kirije i sli\u010dno.<\/p>\t\t\t\t<\/div>\n\t\t\t\t<\/div>\n\t\t\t\t\t<\/div>\n\t\t<\/div>\n\t\t\t\t<div class=\"elementor-column elementor-col-50 elementor-top-column elementor-element elementor-element-cc88b4a cmsmasters-bg-hide-none cmsmasters-bg-hide-none\" data-id=\"cc88b4a\" data-element_type=\"column\" data-settings=\"{&quot;background_background&quot;:&quot;classic&quot;}\">\n\t\t\t<div class=\"elementor-widget-wrap elementor-element-populated\">\n\t\t\t\t\t\t\t<\/div>\n\t\t<\/div>\n\t\t\t\t\t<\/div>\n\t\t<\/section>\n\t\t\t\t<section class=\"elementor-section elementor-top-section elementor-element elementor-element-2f64d22 elementor-section-boxed elementor-section-height-default elementor-section-height-default cmsmasters-block-default\" data-id=\"2f64d22\" data-element_type=\"section\" data-settings=\"{&quot;_ha_eqh_enable&quot;:false}\">\n\t\t\t\t\t\t<div class=\"elementor-container elementor-column-gap-default\">\n\t\t\t\t\t<div class=\"elementor-column elementor-col-100 elementor-top-column elementor-element elementor-element-619910e\" data-id=\"619910e\" data-element_type=\"column\">\n\t\t\t<div class=\"elementor-widget-wrap elementor-element-populated\">\n\t\t\t\t\t\t<div class=\"elementor-element elementor-element-c810826 cmsmasters-block-default cmsmasters-sticky-default elementor-widget elementor-widget-heading\" data-id=\"c810826\" data-element_type=\"widget\" data-widget_type=\"heading.default\">\n\t\t\t\t<div class=\"elementor-widget-container\">\n\t\t\t\t\t<h2 class=\"elementor-heading-title elementor-size-default\">Namjena<\/h2>\t\t\t\t<\/div>\n\t\t\t\t<\/div>\n\t\t\t\t\t<\/div>\n\t\t<\/div>\n\t\t\t\t\t<\/div>\n\t\t<\/section>\n\t\t\t\t<section class=\"elementor-section elementor-top-section elementor-element elementor-element-8c73f76 elementor-section-boxed elementor-section-height-default elementor-section-height-default cmsmasters-block-default\" data-id=\"8c73f76\" data-element_type=\"section\" data-settings=\"{&quot;_ha_eqh_enable&quot;:false}\">\n\t\t\t\t\t\t<div class=\"elementor-container elementor-column-gap-default\">\n\t\t\t\t\t<div class=\"elementor-column elementor-col-33 elementor-top-column elementor-element elementor-element-c68590d\" data-id=\"c68590d\" data-element_type=\"column\">\n\t\t\t<div class=\"elementor-widget-wrap elementor-element-populated\">\n\t\t\t\t\t\t<div class=\"elementor-element elementor-element-7aab206 elementor-position-top cmsmasters-block-default cmsmasters-sticky-default elementor-widget elementor-widget-image-box\" data-id=\"7aab206\" data-element_type=\"widget\" data-widget_type=\"image-box.default\">\n\t\t\t\t<div class=\"elementor-widget-container\">\n\t\t\t\t\t<div class=\"elementor-image-box-wrapper\"><figure class=\"elementor-image-box-img\"><img decoding=\"async\" src=\"https:\/\/mfbanka.com\/wp-content\/uploads\/elementor\/thumbs\/Iznos-kredita-svijetla-rm607do3d72rwqez6pff35vkw87exvg3ouu6nxltd4.png\" title=\"Iznos kredita svijetla\" alt=\"Iznos kredita svijetla\" loading=\"lazy\" \/><\/figure><div class=\"elementor-image-box-content\"><h3 class=\"elementor-image-box-title\">Iznos <\/h3><p class=\"elementor-image-box-description\">Od 5.000,00KM do visine 1 i 3 mjese\u010dna primanja, ili do 12% godi\u0161njeg priliva na ra\u010dun, maksimalno 50.000,00KM.<\/p><\/div><\/div>\t\t\t\t<\/div>\n\t\t\t\t<\/div>\n\t\t\t\t\t<\/div>\n\t\t<\/div>\n\t\t\t\t<div class=\"elementor-column elementor-col-33 elementor-top-column elementor-element elementor-element-834eae7\" data-id=\"834eae7\" data-element_type=\"column\">\n\t\t\t<div class=\"elementor-widget-wrap elementor-element-populated\">\n\t\t\t\t\t\t<div class=\"elementor-element elementor-element-dc11f64 elementor-position-top cmsmasters-block-default cmsmasters-sticky-default elementor-widget elementor-widget-image-box\" data-id=\"dc11f64\" data-element_type=\"widget\" data-widget_type=\"image-box.default\">\n\t\t\t\t<div class=\"elementor-widget-container\">\n\t\t\t\t\t<div class=\"elementor-image-box-wrapper\"><figure class=\"elementor-image-box-img\"><img decoding=\"async\" src=\"https:\/\/mfbanka.com\/wp-content\/uploads\/elementor\/thumbs\/Rok-otplate-svijetla-rm600gkv23lsg2gsl7ra8eqfh4b5a2z8elyihlv560.png\" title=\"Rok otplate svijetla\" alt=\"Rok otplate svijetla\" loading=\"lazy\" \/><\/figure><div class=\"elementor-image-box-content\"><h3 class=\"elementor-image-box-title\">Rok otplate<\/h3><p class=\"elementor-image-box-description\">U trajanju do 12 mjesecu, uz mogu\u0107nost automatskog produ\u017eenja na 24 mjeseca.<\/p><\/div><\/div>\t\t\t\t<\/div>\n\t\t\t\t<\/div>\n\t\t\t\t\t<\/div>\n\t\t<\/div>\n\t\t\t\t<div class=\"elementor-column elementor-col-33 elementor-top-column elementor-element elementor-element-7e90264\" data-id=\"7e90264\" data-element_type=\"column\">\n\t\t\t<div class=\"elementor-widget-wrap elementor-element-populated\">\n\t\t\t\t\t\t<div class=\"elementor-element elementor-element-3ba8c53 elementor-position-top cmsmasters-block-default cmsmasters-sticky-default elementor-widget elementor-widget-image-box\" data-id=\"3ba8c53\" data-element_type=\"widget\" data-widget_type=\"image-box.default\">\n\t\t\t\t<div class=\"elementor-widget-container\">\n\t\t\t\t\t<div class=\"elementor-image-box-wrapper\"><figure class=\"elementor-image-box-img\"><img decoding=\"async\" src=\"https:\/\/mfbanka.com\/wp-content\/uploads\/elementor\/thumbs\/Nacin-otplate-svijetla-rm5zsmla3svrp1uebtv7gdw59ix14vvrbu8uilh90o.png\" title=\"Nacin otplate svijetla\" alt=\"Nacin otplate svijetla\" loading=\"lazy\" \/><\/figure><div class=\"elementor-image-box-content\"><h3 class=\"elementor-image-box-title\">Na\u010din otplate<\/h3><p class=\"elementor-image-box-description\">Po revolving principu, dnevno u zavisnosti od priliva sredstava na ra\u010dun.<\/p><\/div><\/div>\t\t\t\t<\/div>\n\t\t\t\t<\/div>\n\t\t\t\t\t<\/div>\n\t\t<\/div>\n\t\t\t\t\t<\/div>\n\t\t<\/section>\n\t\t\t\t<section class=\"elementor-section elementor-top-section elementor-element elementor-element-5ea8543 elementor-section-boxed elementor-section-height-default elementor-section-height-default cmsmasters-block-default\" data-id=\"5ea8543\" data-element_type=\"section\" data-settings=\"{&quot;background_background&quot;:&quot;classic&quot;,&quot;_ha_eqh_enable&quot;:false}\">\n\t\t\t\t\t\t<div class=\"elementor-container elementor-column-gap-default\">\n\t\t\t\t\t<div class=\"elementor-column elementor-col-100 elementor-top-column elementor-element elementor-element-8163d24\" data-id=\"8163d24\" data-element_type=\"column\">\n\t\t\t<div class=\"elementor-widget-wrap elementor-element-populated\">\n\t\t\t\t\t\t<div class=\"elementor-element elementor-element-dd609ce cmsmasters-block-default cmsmasters-sticky-default elementor-widget elementor-widget-heading\" data-id=\"dd609ce\" data-element_type=\"widget\" data-widget_type=\"heading.default\">\n\t\t\t\t<div class=\"elementor-widget-container\">\n\t\t\t\t\t<h2 class=\"elementor-heading-title elementor-size-default\">Namjena<\/h2>\t\t\t\t<\/div>\n\t\t\t\t<\/div>\n\t\t\t\t<div class=\"elementor-element elementor-element-6b7f3b2 cmsmasters-block-default cmsmasters-sticky-default elementor-widget elementor-widget-text-editor\" data-id=\"6b7f3b2\" data-element_type=\"widget\" data-widget_type=\"text-editor.default\">\n\t\t\t\t<div class=\"elementor-widget-container\">\n\t\t\t\t\t\t\t\t\t<ul><li>Podmirivanje teku\u0107ih potreba klijenata.<\/li><\/ul>\t\t\t\t\t\t\t\t<\/div>\n\t\t\t\t<\/div>\n\t\t\t\t<div class=\"elementor-element elementor-element-9285af1 cmsmasters-button-align-center cmsmasters-block-default cmsmasters-sticky-default elementor-widget elementor-widget-cmsmasters-button\" data-id=\"9285af1\" data-element_type=\"widget\" data-widget_type=\"cmsmasters-button.default\">\n\t\t\t\t<div class=\"elementor-widget-container\">\n\t\t\t\t\t<div class=\"elementor-widget-cmsmasters-button__button-container\"><div class=\"elementor-widget-cmsmasters-button__button-container-inner\"><a href=\"https:\/\/mfbanka.com\/index.php\/s-apliciraj-za-kredit-overdraft\/\" class=\"cmsmasters-button-link elementor-widget-cmsmasters-button__button cmsmasters-icon-view- cmsmasters-icon-shape- cmsmasters-button-size-sm\" role=\"button\" tabindex=\"0\"><span class=\"elementor-widget-cmsmasters-button__content-wrapper cmsmasters-align-icon-\"><span class=\"elementor-widget-cmsmasters-button__text\">APLICIRAJ ZA KREDIT<\/span><\/span><\/a><\/div><\/div>\t\t\t\t<\/div>\n\t\t\t\t<\/div>\n\t\t\t\t\t<\/div>\n\t\t<\/div>\n\t\t\t\t\t<\/div>\n\t\t<\/section>\n\t\t\t\t<section class=\"elementor-section elementor-top-section elementor-element elementor-element-231ff4a elementor-section-boxed elementor-section-height-default elementor-section-height-default cmsmasters-block-default\" data-id=\"231ff4a\" data-element_type=\"section\" data-settings=\"{&quot;background_background&quot;:&quot;classic&quot;,&quot;_ha_eqh_enable&quot;:false}\">\n\t\t\t\t\t\t<div class=\"elementor-container elementor-column-gap-default\">\n\t\t\t\t\t<div class=\"elementor-column elementor-col-100 elementor-top-column elementor-element elementor-element-92cc53e\" data-id=\"92cc53e\" data-element_type=\"column\">\n\t\t\t<div class=\"elementor-widget-wrap elementor-element-populated\">\n\t\t\t\t\t\t<div class=\"elementor-element elementor-element-8c0ccb7 cmsmasters-block-default cmsmasters-sticky-default elementor-widget elementor-widget-heading\" data-id=\"8c0ccb7\" data-element_type=\"widget\" data-widget_type=\"heading.default\">\n\t\t\t\t<div class=\"elementor-widget-container\">\n\t\t\t\t\t<h2 class=\"elementor-heading-title elementor-size-default\">Dokumenti<\/h2>\t\t\t\t<\/div>\n\t\t\t\t<\/div>\n\t\t\t\t<section class=\"elementor-section elementor-inner-section elementor-element elementor-element-c70d3db elementor-section-boxed elementor-section-height-default elementor-section-height-default cmsmasters-block-default\" data-id=\"c70d3db\" data-element_type=\"section\" data-settings=\"{&quot;_ha_eqh_enable&quot;:false}\">\n\t\t\t\t\t\t<div class=\"elementor-container elementor-column-gap-default\">\n\t\t\t\t\t<div class=\"elementor-column elementor-col-100 elementor-inner-column elementor-element elementor-element-edecab4\" data-id=\"edecab4\" data-element_type=\"column\">\n\t\t\t<div class=\"elementor-widget-wrap elementor-element-populated\">\n\t\t\t\t\t\t<div data-separate-animation-selector=\".elementor-widget-cmsmasters-toggles__item\" data-text-animation-class=\"sequental, random\" class=\"elementor-element elementor-element-d2bba9f cmsmasters-trigger-icon-view-framed cmsmasters-title-alignment-left cmsmasters-item-icon-position-left cmsmasters-block-default cmsmasters-sticky-default elementor-widget elementor-widget-cmsmasters-toggles cmsmasters-widget-toggles\" data-id=\"d2bba9f\" data-element_type=\"widget\" data-settings=\"{&quot;toggles&quot;:[{&quot;toggle_title&quot;:&quot;Spisak dokumentacije za fizi\\u010dka lica (za Federaciju BiH)&quot;,&quot;toggle_content&quot;:&quot;&lt;p&gt;&lt;a href=\\&quot;https:\\\/\\\/mfbanka.com\\\/wp-content\\\/uploads\\\/2022\\\/07\\\/Dokumentacija_stanovnistvo-FBiH.pdf\\&quot;&gt;Preuzmite dokument&lt;\\\/a&gt;&lt;\\\/p&gt;&quot;,&quot;_id&quot;:&quot;54a4bf4&quot;,&quot;content_type&quot;:&quot;toggle-content&quot;,&quot;saved_section&quot;:null,&quot;item_icon&quot;:{&quot;value&quot;:&quot;&quot;,&quot;library&quot;:&quot;&quot;},&quot;toggle_custom_id&quot;:&quot;&quot;},{&quot;toggle_title&quot;:&quot;Spisak dokumentacije za fizi\\u010dka lica (za RS i Br\\u010dko Distrikt)&quot;,&quot;toggle_content&quot;:&quot;&lt;p&gt;&lt;a href=\\&quot;https:\\\/\\\/mfbanka.com\\\/wp-content\\\/uploads\\\/2022\\\/07\\\/Dokumentacija_stanovnistvoRS-i-BD.pdf\\&quot;&gt;Preuzmite dokument&lt;\\\/a&gt;&lt;\\\/p&gt;&quot;,&quot;_id&quot;:&quot;c7370ab&quot;,&quot;content_type&quot;:&quot;toggle-content&quot;,&quot;saved_section&quot;:null,&quot;item_icon&quot;:{&quot;value&quot;:&quot;&quot;,&quot;library&quot;:&quot;&quot;},&quot;toggle_custom_id&quot;:&quot;&quot;},{&quot;toggle_title&quot;:&quot;Informacioni list - Prekora\\u010denje po transakcionom ra\\u010dunu gra\\u0111ana \\u2013 Overdraft&quot;,&quot;toggle_content&quot;:&quot;&lt;p&gt;&lt;a href=\\&quot;https:\\\/\\\/mfbanka.com\\\/wp-content\\\/uploads\\\/2025\\\/08\\\/IL-Prekoracenje-po-transakcionom-racunu-gradjana-Overdraft-NOVI.pdf\\&quot;&gt;Preuzmite dokument&lt;\\\/a&gt;&lt;\\\/p&gt;&quot;,&quot;_id&quot;:&quot;d4a4c2c&quot;,&quot;content_type&quot;:&quot;toggle-content&quot;,&quot;saved_section&quot;:null,&quot;item_icon&quot;:{&quot;value&quot;:&quot;&quot;,&quot;library&quot;:&quot;&quot;},&quot;toggle_custom_id&quot;:&quot;&quot;},{&quot;toggle_title&quot;:&quot;Podaci o zaposlenju tra\\u017eioca kredita&quot;,&quot;toggle_content&quot;:&quot;&lt;p&gt;&lt;a href=\\&quot;https:\\\/\\\/mfbanka.com\\\/wp-content\\\/uploads\\\/2022\\\/07\\\/Podaci-o-zaposlenju-trazioca-kredita.pdf\\&quot;&gt;Preuzmite dokument&lt;\\\/a&gt;&lt;\\\/p&gt;&quot;,&quot;_id&quot;:&quot;308a924&quot;,&quot;content_type&quot;:&quot;toggle-content&quot;,&quot;saved_section&quot;:null,&quot;item_icon&quot;:{&quot;value&quot;:&quot;&quot;,&quot;library&quot;:&quot;&quot;},&quot;toggle_custom_id&quot;:&quot;&quot;},{&quot;toggle_title&quot;:&quot;Podaci o \\u017eirantu&quot;,&quot;toggle_content&quot;:&quot;&lt;p&gt;&lt;a href=\\&quot;https:\\\/\\\/mfbanka.com\\\/wp-content\\\/uploads\\\/2022\\\/07\\\/Podaci-o-zaposlenju-ziranta.pdf\\&quot;&gt;Preuzmite dokument&lt;\\\/a&gt;&lt;\\\/p&gt;&quot;,&quot;_id&quot;:&quot;30220fa&quot;,&quot;content_type&quot;:&quot;toggle-content&quot;,&quot;saved_section&quot;:null,&quot;item_icon&quot;:{&quot;value&quot;:&quot;&quot;,&quot;library&quot;:&quot;&quot;},&quot;toggle_custom_id&quot;:&quot;&quot;},{&quot;toggle_title&quot;:&quot;Zahtjev za kredit&quot;,&quot;toggle_content&quot;:&quot;&lt;p&gt;&lt;a href=\\&quot;https:\\\/\\\/mfbanka.com\\\/wp-content\\\/uploads\\\/2022\\\/07\\\/Zahtjev-za-kredit.pdf\\&quot;&gt;Preuzmite dokument&lt;\\\/a&gt;&lt;\\\/p&gt;&quot;,&quot;_id&quot;:&quot;92cb8f2&quot;,&quot;content_type&quot;:&quot;toggle-content&quot;,&quot;saved_section&quot;:null,&quot;item_icon&quot;:{&quot;value&quot;:&quot;&quot;,&quot;library&quot;:&quot;&quot;},&quot;toggle_custom_id&quot;:&quot;&quot;}],&quot;type&quot;:&quot;accordion&quot;}\" data-widget_type=\"cmsmasters-toggles.default\">\n\t\t\t\t<div class=\"elementor-widget-container\">\n\t\t\t\t\t<div class=\"elementor-widget-cmsmasters-toggles__list\"><div class=\"elementor-widget-cmsmasters-toggles__item\"><h4 id=\"elementor-tab-title-2201\" class=\"elementor-widget-cmsmasters-toggles__title\" data-tab=\"1\" role=\"button\" tabindex=\"0\"><a class=\"elementor-widget-cmsmasters-toggles__title-link cmsmasters_enable_trigger_icon\" href=\"#\" tabindex=\"-1\"><span class=\"elementor-widget-cmsmasters-toggles__title-text\">Spisak dokumentacije za fizi\u010dka lica (za Federaciju BiH)<\/span><\/a><span class=\"elementor-widget-cmsmasters-toggles__trigger\"><span class=\"elementor-widget-cmsmasters-toggles__trigger-closed\"><i aria-hidden=\"true\" aria-label=\"Closed\" class=\"fas fa-plus\"><\/i><\/span><span class=\"elementor-widget-cmsmasters-toggles__trigger-opened\"><i aria-hidden=\"true\" aria-label=\"Opened\" class=\"fas fa-minus\"><\/i><\/span><\/span><\/h4><div id=\"elementor-widget-cmsmasters-toggles__content-2201\" class=\"elementor-widget-cmsmasters-toggles__content elementor-clearfix\" data-tab=\"1\"><p><a href=\"https:\/\/mfbanka.com\/wp-content\/uploads\/2022\/07\/Dokumentacija_stanovnistvo-FBiH.pdf\">Preuzmite dokument<\/a><\/p><\/div><\/div><div class=\"elementor-widget-cmsmasters-toggles__item\"><h4 id=\"elementor-tab-title-2202\" class=\"elementor-widget-cmsmasters-toggles__title\" data-tab=\"2\" role=\"button\" tabindex=\"0\"><a class=\"elementor-widget-cmsmasters-toggles__title-link cmsmasters_enable_trigger_icon\" href=\"#\" tabindex=\"-1\"><span class=\"elementor-widget-cmsmasters-toggles__title-text\">Spisak dokumentacije za fizi\u010dka lica (za RS i Br\u010dko Distrikt)<\/span><\/a><span class=\"elementor-widget-cmsmasters-toggles__trigger\"><span class=\"elementor-widget-cmsmasters-toggles__trigger-closed\"><i aria-hidden=\"true\" aria-label=\"Closed\" class=\"fas fa-plus\"><\/i><\/span><span class=\"elementor-widget-cmsmasters-toggles__trigger-opened\"><i aria-hidden=\"true\" aria-label=\"Opened\" class=\"fas fa-minus\"><\/i><\/span><\/span><\/h4><div id=\"elementor-widget-cmsmasters-toggles__content-2202\" class=\"elementor-widget-cmsmasters-toggles__content elementor-clearfix\" data-tab=\"2\"><p><a href=\"https:\/\/mfbanka.com\/wp-content\/uploads\/2022\/07\/Dokumentacija_stanovnistvoRS-i-BD.pdf\">Preuzmite dokument<\/a><\/p><\/div><\/div><div class=\"elementor-widget-cmsmasters-toggles__item\"><h4 id=\"elementor-tab-title-2203\" class=\"elementor-widget-cmsmasters-toggles__title\" data-tab=\"3\" role=\"button\" tabindex=\"0\"><a class=\"elementor-widget-cmsmasters-toggles__title-link cmsmasters_enable_trigger_icon\" href=\"#\" tabindex=\"-1\"><span class=\"elementor-widget-cmsmasters-toggles__title-text\">Informacioni list - Prekora\u010denje po transakcionom ra\u010dunu gra\u0111ana \u2013 Overdraft<\/span><\/a><span class=\"elementor-widget-cmsmasters-toggles__trigger\"><span class=\"elementor-widget-cmsmasters-toggles__trigger-closed\"><i aria-hidden=\"true\" aria-label=\"Closed\" class=\"fas fa-plus\"><\/i><\/span><span class=\"elementor-widget-cmsmasters-toggles__trigger-opened\"><i aria-hidden=\"true\" aria-label=\"Opened\" class=\"fas fa-minus\"><\/i><\/span><\/span><\/h4><div id=\"elementor-widget-cmsmasters-toggles__content-2203\" class=\"elementor-widget-cmsmasters-toggles__content elementor-clearfix\" data-tab=\"3\"><p><a href=\"https:\/\/mfbanka.com\/wp-content\/uploads\/2025\/08\/IL-Prekoracenje-po-transakcionom-racunu-gradjana-Overdraft-NOVI.pdf\">Preuzmite dokument<\/a><\/p><\/div><\/div><div class=\"elementor-widget-cmsmasters-toggles__item\"><h4 id=\"elementor-tab-title-2204\" class=\"elementor-widget-cmsmasters-toggles__title\" data-tab=\"4\" role=\"button\" tabindex=\"0\"><a class=\"elementor-widget-cmsmasters-toggles__title-link cmsmasters_enable_trigger_icon\" href=\"#\" tabindex=\"-1\"><span class=\"elementor-widget-cmsmasters-toggles__title-text\">Podaci o zaposlenju tra\u017eioca kredita<\/span><\/a><span class=\"elementor-widget-cmsmasters-toggles__trigger\"><span class=\"elementor-widget-cmsmasters-toggles__trigger-closed\"><i aria-hidden=\"true\" aria-label=\"Closed\" class=\"fas fa-plus\"><\/i><\/span><span class=\"elementor-widget-cmsmasters-toggles__trigger-opened\"><i aria-hidden=\"true\" aria-label=\"Opened\" class=\"fas fa-minus\"><\/i><\/span><\/span><\/h4><div id=\"elementor-widget-cmsmasters-toggles__content-2204\" class=\"elementor-widget-cmsmasters-toggles__content elementor-clearfix\" data-tab=\"4\"><p><a href=\"https:\/\/mfbanka.com\/wp-content\/uploads\/2022\/07\/Podaci-o-zaposlenju-trazioca-kredita.pdf\">Preuzmite dokument<\/a><\/p><\/div><\/div><div class=\"elementor-widget-cmsmasters-toggles__item\"><h4 id=\"elementor-tab-title-2205\" class=\"elementor-widget-cmsmasters-toggles__title\" data-tab=\"5\" role=\"button\" tabindex=\"0\"><a class=\"elementor-widget-cmsmasters-toggles__title-link cmsmasters_enable_trigger_icon\" href=\"#\" tabindex=\"-1\"><span class=\"elementor-widget-cmsmasters-toggles__title-text\">Podaci o \u017eirantu<\/span><\/a><span class=\"elementor-widget-cmsmasters-toggles__trigger\"><span class=\"elementor-widget-cmsmasters-toggles__trigger-closed\"><i aria-hidden=\"true\" aria-label=\"Closed\" class=\"fas fa-plus\"><\/i><\/span><span class=\"elementor-widget-cmsmasters-toggles__trigger-opened\"><i aria-hidden=\"true\" aria-label=\"Opened\" class=\"fas fa-minus\"><\/i><\/span><\/span><\/h4><div id=\"elementor-widget-cmsmasters-toggles__content-2205\" class=\"elementor-widget-cmsmasters-toggles__content elementor-clearfix\" data-tab=\"5\"><p><a href=\"https:\/\/mfbanka.com\/wp-content\/uploads\/2022\/07\/Podaci-o-zaposlenju-ziranta.pdf\">Preuzmite dokument<\/a><\/p><\/div><\/div><div class=\"elementor-widget-cmsmasters-toggles__item\"><h4 id=\"elementor-tab-title-2206\" class=\"elementor-widget-cmsmasters-toggles__title\" data-tab=\"6\" role=\"button\" tabindex=\"0\"><a class=\"elementor-widget-cmsmasters-toggles__title-link cmsmasters_enable_trigger_icon\" href=\"#\" tabindex=\"-1\"><span class=\"elementor-widget-cmsmasters-toggles__title-text\">Zahtjev za kredit<\/span><\/a><span class=\"elementor-widget-cmsmasters-toggles__trigger\"><span class=\"elementor-widget-cmsmasters-toggles__trigger-closed\"><i aria-hidden=\"true\" aria-label=\"Closed\" class=\"fas fa-plus\"><\/i><\/span><span class=\"elementor-widget-cmsmasters-toggles__trigger-opened\"><i aria-hidden=\"true\" aria-label=\"Opened\" class=\"fas fa-minus\"><\/i><\/span><\/span><\/h4><div id=\"elementor-widget-cmsmasters-toggles__content-2206\" class=\"elementor-widget-cmsmasters-toggles__content elementor-clearfix\" data-tab=\"6\"><p><a href=\"https:\/\/mfbanka.com\/wp-content\/uploads\/2022\/07\/Zahtjev-za-kredit.pdf\">Preuzmite dokument<\/a><\/p><\/div><\/div><\/div>\t\t\t\t<\/div>\n\t\t\t\t<\/div>\n\t\t\t\t\t<\/div>\n\t\t<\/div>\n\t\t\t\t\t<\/div>\n\t\t<\/section>\n\t\t\t\t\t<\/div>\n\t\t<\/div>\n\t\t\t\t\t<\/div>\n\t\t<\/section>\n\t\t\t\t<\/div>\n\t\t","protected":false},"excerpt":{"rendered":"<p>Overdraft (prekora\u010denje po teku\u0107em ra\u010dunu) Prekora\u010denje po teku\u0107em ra\u010dunu (overdraft) je kreditni proizvod koji se \u010desto naziva i dozvoljenim minusom po teku\u0107em ra\u010dunu. Proizvod je namijenjen klijentima koji imaju otvoren teku\u0107i ra\u010dun u banci za priliv redovnih mjese\u010dnih primanja poput plate, penzije, kirije i sli\u010dno. Namjena Iznos Od 5.000,00KM do visine 1 i 3 mjese\u010dna&#8230;<\/p>\n","protected":false},"author":1,"featured_media":0,"parent":0,"menu_order":0,"comment_status":"closed","ping_status":"closed","template":"","meta":{"inline_featured_image":false,"footnotes":""},"class_list":["post-11273","page","type-page","status-publish","hentry"],"_links":{"self":[{"href":"https:\/\/mfbanka.com\/index.php\/wp-json\/wp\/v2\/pages\/11273","targetHints":{"allow":["GET"]}}],"collection":[{"href":"https:\/\/mfbanka.com\/index.php\/wp-json\/wp\/v2\/pages"}],"about":[{"href":"https:\/\/mfbanka.com\/index.php\/wp-json\/wp\/v2\/types\/page"}],"author":[{"embeddable":true,"href":"https:\/\/mfbanka.com\/index.php\/wp-json\/wp\/v2\/users\/1"}],"replies":[{"embeddable":true,"href":"https:\/\/mfbanka.com\/index.php\/wp-json\/wp\/v2\/comments?post=11273"}],"version-history":[{"count":19,"href":"https:\/\/mfbanka.com\/index.php\/wp-json\/wp\/v2\/pages\/11273\/revisions"}],"predecessor-version":[{"id":22920,"href":"https:\/\/mfbanka.com\/index.php\/wp-json\/wp\/v2\/pages\/11273\/revisions\/22920"}],"wp:attachment":[{"href":"https:\/\/mfbanka.com\/index.php\/wp-json\/wp\/v2\/media?parent=11273"}],"curies":[{"name":"wp","href":"https:\/\/api.w.org\/{rel}","templated":true}]}}