{"id":11278,"date":"2022-07-05T11:30:18","date_gmt":"2022-07-05T11:30:18","guid":{"rendered":"https:\/\/mf.aquariushost.net\/?page_id=11278"},"modified":"2025-08-12T13:08:52","modified_gmt":"2025-08-12T13:08:52","slug":"stambeni-kredit","status":"publish","type":"page","link":"https:\/\/mfbanka.com\/index.php\/stambeni-kredit\/","title":{"rendered":"STAMBENI"},"content":{"rendered":"\t\t<div data-elementor-type=\"wp-page\" data-elementor-id=\"11278\" class=\"elementor elementor-11278\" data-elementor-settings=\"{&quot;ha_cmc_init_switcher&quot;:&quot;no&quot;}\" data-elementor-post-type=\"page\">\n\t\t\t\t\t\t<section class=\"elementor-section elementor-top-section elementor-element elementor-element-73e1294 elementor-reverse-tablet elementor-reverse-mobile elementor-section-boxed elementor-section-height-default elementor-section-height-default cmsmasters-block-default\" data-id=\"73e1294\" data-element_type=\"section\" data-settings=\"{&quot;_ha_eqh_enable&quot;:false}\">\n\t\t\t\t\t\t<div class=\"elementor-container elementor-column-gap-no\">\n\t\t\t\t\t<div class=\"elementor-column elementor-col-50 elementor-top-column elementor-element elementor-element-a98a9d0\" data-id=\"a98a9d0\" data-element_type=\"column\" data-settings=\"{&quot;background_background&quot;:&quot;classic&quot;}\">\n\t\t\t<div class=\"elementor-widget-wrap elementor-element-populated\">\n\t\t\t\t\t\t<div class=\"elementor-element elementor-element-6f1f8f6 cmsmasters-block-default cmsmasters-sticky-default elementor-widget elementor-widget-heading\" data-id=\"6f1f8f6\" data-element_type=\"widget\" data-widget_type=\"heading.default\">\n\t\t\t\t<div class=\"elementor-widget-container\">\n\t\t\t\t\t<h2 class=\"elementor-heading-title elementor-size-default\">Stambeni kredit<\/h2>\t\t\t\t<\/div>\n\t\t\t\t<\/div>\n\t\t\t\t<div class=\"elementor-element elementor-element-fcbac67 cmsmasters-block-default cmsmasters-sticky-default elementor-widget elementor-widget-heading\" data-id=\"fcbac67\" data-element_type=\"widget\" data-widget_type=\"heading.default\">\n\t\t\t\t<div class=\"elementor-widget-container\">\n\t\t\t\t\t<p class=\"elementor-heading-title elementor-size-default\">Kredit po va\u0161oj mjeri, idealan ukoliko ste se odlu\u010dili za kupovinu ili adaptaciju stambene jedinice ili ku\u0107e, kupovine zemlji\u0161ta, pribavljanje potrebnih dozvola i svega ostalog u vezi za stambenim zbrinjavanjem.<\/p>\t\t\t\t<\/div>\n\t\t\t\t<\/div>\n\t\t\t\t\t<\/div>\n\t\t<\/div>\n\t\t\t\t<div class=\"elementor-column elementor-col-50 elementor-top-column elementor-element elementor-element-50dd858 cmsmasters-bg-hide-none cmsmasters-bg-hide-none\" data-id=\"50dd858\" data-element_type=\"column\" data-settings=\"{&quot;background_background&quot;:&quot;classic&quot;}\">\n\t\t\t<div class=\"elementor-widget-wrap elementor-element-populated\">\n\t\t\t\t\t\t\t<\/div>\n\t\t<\/div>\n\t\t\t\t\t<\/div>\n\t\t<\/section>\n\t\t\t\t<section class=\"elementor-section elementor-top-section elementor-element elementor-element-fecdc1a elementor-section-boxed elementor-section-height-default elementor-section-height-default cmsmasters-block-default\" data-id=\"fecdc1a\" data-element_type=\"section\" data-settings=\"{&quot;_ha_eqh_enable&quot;:false}\">\n\t\t\t\t\t\t<div class=\"elementor-container elementor-column-gap-default\">\n\t\t\t\t\t<div class=\"elementor-column elementor-col-100 elementor-top-column elementor-element elementor-element-102a737\" data-id=\"102a737\" data-element_type=\"column\">\n\t\t\t<div class=\"elementor-widget-wrap elementor-element-populated\">\n\t\t\t\t\t\t<div class=\"elementor-element elementor-element-1e96d5b cmsmasters-block-default cmsmasters-sticky-default elementor-widget elementor-widget-heading\" data-id=\"1e96d5b\" data-element_type=\"widget\" data-widget_type=\"heading.default\">\n\t\t\t\t<div class=\"elementor-widget-container\">\n\t\t\t\t\t<h2 class=\"elementor-heading-title elementor-size-default\">Izgradite siguran dom uz stambeni kredit prema Va\u0161im potrebama, a mi Vam nudimo:<\/h2>\t\t\t\t<\/div>\n\t\t\t\t<\/div>\n\t\t\t\t\t<\/div>\n\t\t<\/div>\n\t\t\t\t\t<\/div>\n\t\t<\/section>\n\t\t\t\t<section class=\"elementor-section elementor-top-section elementor-element elementor-element-abab96c elementor-section-boxed elementor-section-height-default elementor-section-height-default cmsmasters-block-default\" data-id=\"abab96c\" data-element_type=\"section\" data-settings=\"{&quot;_ha_eqh_enable&quot;:false}\">\n\t\t\t\t\t\t<div class=\"elementor-container elementor-column-gap-default\">\n\t\t\t\t\t<div class=\"elementor-column elementor-col-33 elementor-top-column elementor-element elementor-element-c91818c\" data-id=\"c91818c\" data-element_type=\"column\">\n\t\t\t<div class=\"elementor-widget-wrap elementor-element-populated\">\n\t\t\t\t\t\t<div class=\"elementor-element elementor-element-5858d07 elementor-position-top cmsmasters-block-default cmsmasters-sticky-default elementor-widget elementor-widget-image-box\" data-id=\"5858d07\" data-element_type=\"widget\" data-widget_type=\"image-box.default\">\n\t\t\t\t<div class=\"elementor-widget-container\">\n\t\t\t\t\t<div class=\"elementor-image-box-wrapper\"><figure class=\"elementor-image-box-img\"><img decoding=\"async\" src=\"https:\/\/mfbanka.com\/wp-content\/uploads\/elementor\/thumbs\/Iznos-kredita-svijetla-r9weuevgkqq0mhb788hrvtt7lcjgbzefe9rq8pvug8.png\" title=\"Iznos kredita svijetla\" alt=\"Iznos kredita svijetla\" loading=\"lazy\" \/><\/figure><div class=\"elementor-image-box-content\"><h3 class=\"elementor-image-box-title\">Iznos kredita<\/h3><p class=\"elementor-image-box-description\">Od 5.000,00KM do 300.000,00KM.<\/p><\/div><\/div>\t\t\t\t<\/div>\n\t\t\t\t<\/div>\n\t\t\t\t\t<\/div>\n\t\t<\/div>\n\t\t\t\t<div class=\"elementor-column elementor-col-33 elementor-top-column elementor-element elementor-element-0893833\" data-id=\"0893833\" data-element_type=\"column\">\n\t\t\t<div class=\"elementor-widget-wrap elementor-element-populated\">\n\t\t\t\t\t\t<div class=\"elementor-element elementor-element-ddab2f1 elementor-position-top cmsmasters-block-default cmsmasters-sticky-default elementor-widget elementor-widget-image-box\" data-id=\"ddab2f1\" data-element_type=\"widget\" data-widget_type=\"image-box.default\">\n\t\t\t\t<div class=\"elementor-widget-container\">\n\t\t\t\t\t<div class=\"elementor-image-box-wrapper\"><figure class=\"elementor-image-box-img\"><img decoding=\"async\" src=\"https:\/\/mfbanka.com\/wp-content\/uploads\/elementor\/thumbs\/Rok-otplate-svijetla-r9weuftarkray39u2qwegbko6qetjoi5qef7pzuga0.png\" title=\"Rok otplate svijetla\" alt=\"Rok otplate svijetla\" loading=\"lazy\" \/><\/figure><div class=\"elementor-image-box-content\"><h3 class=\"elementor-image-box-title\">Rok otplate<\/h3><p class=\"elementor-image-box-description\">Do 240 mjeseci.<\/p><\/div><\/div>\t\t\t\t<\/div>\n\t\t\t\t<\/div>\n\t\t\t\t\t<\/div>\n\t\t<\/div>\n\t\t\t\t<div class=\"elementor-column elementor-col-33 elementor-top-column elementor-element elementor-element-aa8294f\" data-id=\"aa8294f\" data-element_type=\"column\">\n\t\t\t<div class=\"elementor-widget-wrap elementor-element-populated\">\n\t\t\t\t\t\t<div class=\"elementor-element elementor-element-4cbd427 elementor-position-top cmsmasters-block-default cmsmasters-sticky-default elementor-widget elementor-widget-image-box\" data-id=\"4cbd427\" data-element_type=\"widget\" data-widget_type=\"image-box.default\">\n\t\t\t\t<div class=\"elementor-widget-container\">\n\t\t\t\t\t<div class=\"elementor-image-box-wrapper\"><figure class=\"elementor-image-box-img\"><img decoding=\"async\" src=\"https:\/\/mfbanka.com\/wp-content\/uploads\/elementor\/thumbs\/Nacin-otplate-svijetla-r9weuftarkray39u2qwegbko6qetjoi5qef7pzuga0.png\" title=\"Nacin otplate svijetla\" alt=\"Nacin otplate svijetla\" loading=\"lazy\" \/><\/figure><div class=\"elementor-image-box-content\"><h3 class=\"elementor-image-box-title\">Na\u010din otplate<\/h3><p class=\"elementor-image-box-description\">U jednakim mjese\u010dnim anuitetima, sa ili bez grejs perioda.<\/p><\/div><\/div>\t\t\t\t<\/div>\n\t\t\t\t<\/div>\n\t\t\t\t\t<\/div>\n\t\t<\/div>\n\t\t\t\t\t<\/div>\n\t\t<\/section>\n\t\t\t\t<section class=\"elementor-section elementor-top-section elementor-element elementor-element-5ea8543 elementor-section-boxed elementor-section-height-default elementor-section-height-default cmsmasters-block-default\" data-id=\"5ea8543\" data-element_type=\"section\" data-settings=\"{&quot;background_background&quot;:&quot;classic&quot;,&quot;_ha_eqh_enable&quot;:false}\">\n\t\t\t\t\t\t<div class=\"elementor-container elementor-column-gap-default\">\n\t\t\t\t\t<div class=\"elementor-column elementor-col-100 elementor-top-column elementor-element elementor-element-8163d24\" data-id=\"8163d24\" data-element_type=\"column\">\n\t\t\t<div class=\"elementor-widget-wrap elementor-element-populated\">\n\t\t\t\t\t\t<div class=\"elementor-element elementor-element-2e18c1b cmsmasters-block-default cmsmasters-sticky-default elementor-widget elementor-widget-heading\" data-id=\"2e18c1b\" data-element_type=\"widget\" data-widget_type=\"heading.default\">\n\t\t\t\t<div class=\"elementor-widget-container\">\n\t\t\t\t\t<h2 class=\"elementor-heading-title elementor-size-default\">Namjena<\/h2>\t\t\t\t<\/div>\n\t\t\t\t<\/div>\n\t\t\t\t<div class=\"elementor-element elementor-element-6b7f3b2 cmsmasters-block-default cmsmasters-sticky-default elementor-widget elementor-widget-text-editor\" data-id=\"6b7f3b2\" data-element_type=\"widget\" data-widget_type=\"text-editor.default\">\n\t\t\t\t<div class=\"elementor-widget-container\">\n\t\t\t\t\t\t\t\t\t<ul><li>Kupovina i\/ili adaptacija stambene jedinice ili ku\u0107e,<\/li><li>Kupovina zemlji\u0161ta sa svrhom izgradnje ku\u0107e,<\/li><li>Pribavljanje potrebnih dozvola za gradnju i\/ili adaptaciju,<\/li><li>Finansiranje materijala i izgradnje stambene jedinice ili ku\u0107e,<\/li><li>Refinansiranje kreditnih obaveza kori\u0161tenih u gore navedene svrhe,<\/li><li>Opremanje i namje\u0161tanje stambene jedinice ili ku\u0107e, na osnovu fakture\/predra\u010duna (max do 10% iznosa kredita),<\/li><li>Ulaganje u eneregetsku efikasnost stambenog objekta koji podr\u017eava GGF.<\/li><\/ul>\t\t\t\t\t\t\t\t<\/div>\n\t\t\t\t<\/div>\n\t\t\t\t<div class=\"elementor-element elementor-element-f94071d cmsmasters-button-align-center cmsmasters-block-default cmsmasters-sticky-default elementor-widget elementor-widget-cmsmasters-button\" data-id=\"f94071d\" data-element_type=\"widget\" data-widget_type=\"cmsmasters-button.default\">\n\t\t\t\t<div class=\"elementor-widget-container\">\n\t\t\t\t\t<div class=\"elementor-widget-cmsmasters-button__button-container\"><div class=\"elementor-widget-cmsmasters-button__button-container-inner\"><a href=\"https:\/\/mfbanka.com\/index.php\/s-apliciraj-za-kredit-stambeni\/\" class=\"cmsmasters-button-link elementor-widget-cmsmasters-button__button cmsmasters-icon-view- cmsmasters-icon-shape- cmsmasters-button-size-sm\" role=\"button\" tabindex=\"0\"><span class=\"elementor-widget-cmsmasters-button__content-wrapper cmsmasters-align-icon-\"><span class=\"elementor-widget-cmsmasters-button__text\">APLICIRAJ ZA KREDIT<\/span><\/span><\/a><\/div><\/div>\t\t\t\t<\/div>\n\t\t\t\t<\/div>\n\t\t\t\t\t<\/div>\n\t\t<\/div>\n\t\t\t\t\t<\/div>\n\t\t<\/section>\n\t\t\t\t<section class=\"elementor-section elementor-top-section elementor-element elementor-element-4faac75 elementor-section-boxed elementor-section-height-default elementor-section-height-default cmsmasters-block-default\" data-id=\"4faac75\" data-element_type=\"section\" data-settings=\"{&quot;background_background&quot;:&quot;classic&quot;,&quot;_ha_eqh_enable&quot;:false}\">\n\t\t\t\t\t\t<div class=\"elementor-container elementor-column-gap-default\">\n\t\t\t\t\t<div class=\"elementor-column elementor-col-100 elementor-top-column elementor-element elementor-element-566999a\" data-id=\"566999a\" data-element_type=\"column\">\n\t\t\t<div class=\"elementor-widget-wrap elementor-element-populated\">\n\t\t\t\t\t\t<div class=\"elementor-element elementor-element-6b5548e cmsmasters-block-default cmsmasters-sticky-default elementor-widget elementor-widget-heading\" data-id=\"6b5548e\" data-element_type=\"widget\" data-widget_type=\"heading.default\">\n\t\t\t\t<div class=\"elementor-widget-container\">\n\t\t\t\t\t<h2 class=\"elementor-heading-title elementor-size-default\">Dokumenti<\/h2>\t\t\t\t<\/div>\n\t\t\t\t<\/div>\n\t\t\t\t<section class=\"elementor-section elementor-inner-section elementor-element elementor-element-a34edf3 elementor-section-boxed elementor-section-height-default elementor-section-height-default cmsmasters-block-default\" data-id=\"a34edf3\" data-element_type=\"section\" data-settings=\"{&quot;_ha_eqh_enable&quot;:false}\">\n\t\t\t\t\t\t<div class=\"elementor-container elementor-column-gap-default\">\n\t\t\t\t\t<div class=\"elementor-column elementor-col-100 elementor-inner-column elementor-element elementor-element-5679dd3\" data-id=\"5679dd3\" data-element_type=\"column\">\n\t\t\t<div class=\"elementor-widget-wrap elementor-element-populated\">\n\t\t\t\t\t\t<div data-separate-animation-selector=\".elementor-widget-cmsmasters-toggles__item\" data-text-animation-class=\"sequental, random\" class=\"elementor-element elementor-element-5c88aa1 cmsmasters-trigger-icon-view-framed cmsmasters-title-alignment-left cmsmasters-item-icon-position-left cmsmasters-block-default cmsmasters-sticky-default elementor-widget elementor-widget-cmsmasters-toggles cmsmasters-widget-toggles\" data-id=\"5c88aa1\" data-element_type=\"widget\" data-settings=\"{&quot;toggles&quot;:[{&quot;toggle_title&quot;:&quot;Informacioni list - Stambeni kredit&quot;,&quot;toggle_content&quot;:&quot;&lt;p&gt;&lt;a href=\\&quot;https:\\\/\\\/mfbanka.com\\\/wp-content\\\/uploads\\\/2025\\\/08\\\/INFORMATIVNI-PREGLED-USLUGA-I-NAKNADA-RS-MF-250625.pdf\\&quot;&gt;Preuzmite dokument&lt;\\\/a&gt;&lt;\\\/p&gt;&quot;,&quot;_id&quot;:&quot;92cb8f2&quot;,&quot;content_type&quot;:&quot;toggle-content&quot;,&quot;saved_section&quot;:null,&quot;item_icon&quot;:{&quot;value&quot;:&quot;&quot;,&quot;library&quot;:&quot;&quot;},&quot;toggle_custom_id&quot;:&quot;&quot;}],&quot;type&quot;:&quot;accordion&quot;}\" data-widget_type=\"cmsmasters-toggles.default\">\n\t\t\t\t<div class=\"elementor-widget-container\">\n\t\t\t\t\t<div class=\"elementor-widget-cmsmasters-toggles__list\"><div class=\"elementor-widget-cmsmasters-toggles__item\"><h4 id=\"elementor-tab-title-9701\" class=\"elementor-widget-cmsmasters-toggles__title\" data-tab=\"1\" role=\"button\" tabindex=\"0\"><a class=\"elementor-widget-cmsmasters-toggles__title-link cmsmasters_enable_trigger_icon\" href=\"#\" tabindex=\"-1\"><span class=\"elementor-widget-cmsmasters-toggles__title-text\">Informacioni list - Stambeni kredit<\/span><\/a><span class=\"elementor-widget-cmsmasters-toggles__trigger\"><span class=\"elementor-widget-cmsmasters-toggles__trigger-closed\"><i aria-hidden=\"true\" aria-label=\"Closed\" class=\"fas fa-plus\"><\/i><\/span><span class=\"elementor-widget-cmsmasters-toggles__trigger-opened\"><i aria-hidden=\"true\" aria-label=\"Opened\" class=\"fas fa-minus\"><\/i><\/span><\/span><\/h4><div id=\"elementor-widget-cmsmasters-toggles__content-9701\" class=\"elementor-widget-cmsmasters-toggles__content elementor-clearfix\" data-tab=\"1\"><p><a href=\"https:\/\/mfbanka.com\/wp-content\/uploads\/2025\/08\/INFORMATIVNI-PREGLED-USLUGA-I-NAKNADA-RS-MF-250625.pdf\">Preuzmite dokument<\/a><\/p><\/div><\/div><\/div>\t\t\t\t<\/div>\n\t\t\t\t<\/div>\n\t\t\t\t\t<\/div>\n\t\t<\/div>\n\t\t\t\t\t<\/div>\n\t\t<\/section>\n\t\t\t\t\t<\/div>\n\t\t<\/div>\n\t\t\t\t\t<\/div>\n\t\t<\/section>\n\t\t\t\t<\/div>\n\t\t","protected":false},"excerpt":{"rendered":"<p>Stambeni kredit Kredit po va\u0161oj mjeri, idealan ukoliko ste se odlu\u010dili za kupovinu ili adaptaciju stambene jedinice ili ku\u0107e, kupovine zemlji\u0161ta, pribavljanje potrebnih dozvola i svega ostalog u vezi za stambenim zbrinjavanjem. Izgradite siguran dom uz stambeni kredit prema Va\u0161im potrebama, a mi Vam nudimo: Iznos kredita Od 5.000,00KM do 300.000,00KM. Rok otplate Do 240&#8230;<\/p>\n","protected":false},"author":1,"featured_media":0,"parent":0,"menu_order":0,"comment_status":"closed","ping_status":"closed","template":"","meta":{"inline_featured_image":false,"footnotes":""},"class_list":["post-11278","page","type-page","status-publish","hentry"],"_links":{"self":[{"href":"https:\/\/mfbanka.com\/index.php\/wp-json\/wp\/v2\/pages\/11278","targetHints":{"allow":["GET"]}}],"collection":[{"href":"https:\/\/mfbanka.com\/index.php\/wp-json\/wp\/v2\/pages"}],"about":[{"href":"https:\/\/mfbanka.com\/index.php\/wp-json\/wp\/v2\/types\/page"}],"author":[{"embeddable":true,"href":"https:\/\/mfbanka.com\/index.php\/wp-json\/wp\/v2\/users\/1"}],"replies":[{"embeddable":true,"href":"https:\/\/mfbanka.com\/index.php\/wp-json\/wp\/v2\/comments?post=11278"}],"version-history":[{"count":37,"href":"https:\/\/mfbanka.com\/index.php\/wp-json\/wp\/v2\/pages\/11278\/revisions"}],"predecessor-version":[{"id":22932,"href":"https:\/\/mfbanka.com\/index.php\/wp-json\/wp\/v2\/pages\/11278\/revisions\/22932"}],"wp:attachment":[{"href":"https:\/\/mfbanka.com\/index.php\/wp-json\/wp\/v2\/media?parent=11278"}],"curies":[{"name":"wp","href":"https:\/\/api.w.org\/{rel}","templated":true}]}}