{"id":11352,"date":"2022-07-06T06:24:35","date_gmt":"2022-07-06T06:24:35","guid":{"rendered":"https:\/\/mf.aquariushost.net\/?page_id=11352"},"modified":"2022-12-12T14:16:56","modified_gmt":"2022-12-12T14:16:56","slug":"depoziti","status":"publish","type":"page","link":"https:\/\/mfbanka.com\/index.php\/depoziti\/","title":{"rendered":"DEPOZITI"},"content":{"rendered":"\t\t<div data-elementor-type=\"wp-page\" data-elementor-id=\"11352\" class=\"elementor elementor-11352\" data-elementor-settings=\"{&quot;ha_cmc_init_switcher&quot;:&quot;no&quot;}\" data-elementor-post-type=\"page\">\n\t\t\t\t\t\t<section class=\"elementor-section elementor-top-section elementor-element elementor-element-e66938a elementor-reverse-tablet elementor-reverse-mobile elementor-section-boxed elementor-section-height-default elementor-section-height-default cmsmasters-block-default\" data-id=\"e66938a\" data-element_type=\"section\" data-settings=\"{&quot;_ha_eqh_enable&quot;:false}\">\n\t\t\t\t\t\t<div class=\"elementor-container elementor-column-gap-no\">\n\t\t\t\t\t<div class=\"elementor-column elementor-col-50 elementor-top-column elementor-element elementor-element-8004287\" data-id=\"8004287\" data-element_type=\"column\" data-settings=\"{&quot;background_background&quot;:&quot;classic&quot;}\">\n\t\t\t<div class=\"elementor-widget-wrap elementor-element-populated\">\n\t\t\t\t\t\t<div class=\"elementor-element elementor-element-1e8b16f cmsmasters-block-default cmsmasters-sticky-default elementor-widget elementor-widget-heading\" data-id=\"1e8b16f\" data-element_type=\"widget\" data-widget_type=\"heading.default\">\n\t\t\t\t<div class=\"elementor-widget-container\">\n\t\t\t\t\t<h2 class=\"elementor-heading-title elementor-size-default\">Depoziti<\/h2>\t\t\t\t<\/div>\n\t\t\t\t<\/div>\n\t\t\t\t<div class=\"elementor-element elementor-element-4f6965a cmsmasters-block-default cmsmasters-sticky-default elementor-widget elementor-widget-heading\" data-id=\"4f6965a\" data-element_type=\"widget\" data-widget_type=\"heading.default\">\n\t\t\t\t<div class=\"elementor-widget-container\">\n\t\t\t\t\t<p class=\"elementor-heading-title elementor-size-default\">Nudimo konkurentne uslove uz fleksibilne modele oro\u010denja nov\u010danih sredstava. Izaberite jednu od tri vrste \u0161tednje i neka Va\u0161 novac radi za Vas, ve\u0107 od danas.<\/p>\t\t\t\t<\/div>\n\t\t\t\t<\/div>\n\t\t\t\t\t<\/div>\n\t\t<\/div>\n\t\t\t\t<div class=\"elementor-column elementor-col-50 elementor-top-column elementor-element elementor-element-65bf3a6 cmsmasters-bg-hide-none cmsmasters-bg-hide-none\" data-id=\"65bf3a6\" data-element_type=\"column\" data-settings=\"{&quot;background_background&quot;:&quot;classic&quot;}\">\n\t\t\t<div class=\"elementor-widget-wrap elementor-element-populated\">\n\t\t\t\t\t\t\t<\/div>\n\t\t<\/div>\n\t\t\t\t\t<\/div>\n\t\t<\/section>\n\t\t\t\t<section class=\"elementor-section elementor-top-section elementor-element elementor-element-750758f elementor-section-boxed elementor-section-height-default elementor-section-height-default cmsmasters-block-default\" data-id=\"750758f\" data-element_type=\"section\" data-settings=\"{&quot;_ha_eqh_enable&quot;:false}\">\n\t\t\t\t\t\t<div class=\"elementor-container elementor-column-gap-default\">\n\t\t\t\t\t<div class=\"elementor-column elementor-col-33 elementor-top-column elementor-element elementor-element-8fc3bbb\" data-id=\"8fc3bbb\" data-element_type=\"column\">\n\t\t\t<div class=\"elementor-widget-wrap elementor-element-populated\">\n\t\t\t\t\t\t<div class=\"elementor-element elementor-element-e7e8f65 elementor-position-top cmsmasters-block-default cmsmasters-sticky-default elementor-widget elementor-widget-image-box\" data-id=\"e7e8f65\" data-element_type=\"widget\" data-widget_type=\"image-box.default\">\n\t\t\t\t<div class=\"elementor-widget-container\">\n\t\t\t\t\t<div class=\"elementor-image-box-wrapper\"><figure class=\"elementor-image-box-img\"><img decoding=\"async\" src=\"https:\/\/mfbanka.com\/wp-content\/uploads\/elementor\/thumbs\/stednja-tamna-r9weuevgkqq0mhb788hrvtt7lcjgbzefe9rq8pvug8.png\" title=\"stednja tamna\" alt=\"stednja tamna\" loading=\"lazy\" \/><\/figure><div class=\"elementor-image-box-content\"><h3 class=\"elementor-image-box-title\">Depozit po vi\u0111enju<\/h3><p class=\"elementor-image-box-description\">Uz povoljne uslove svoja nov\u010dana sredstva u doma\u0107oj i stranim valutama povjerite MF Banci, \nte pristupajte istim prema va\u0161im potrebama.<\/p><\/div><\/div>\t\t\t\t<\/div>\n\t\t\t\t<\/div>\n\t\t\t\t\t<\/div>\n\t\t<\/div>\n\t\t\t\t<div class=\"elementor-column elementor-col-33 elementor-top-column elementor-element elementor-element-9e57cde\" data-id=\"9e57cde\" data-element_type=\"column\">\n\t\t\t<div class=\"elementor-widget-wrap elementor-element-populated\">\n\t\t\t\t\t\t<div class=\"elementor-element elementor-element-52c8c5d elementor-position-top cmsmasters-block-default cmsmasters-sticky-default elementor-widget elementor-widget-image-box\" data-id=\"52c8c5d\" data-element_type=\"widget\" data-widget_type=\"image-box.default\">\n\t\t\t\t<div class=\"elementor-widget-container\">\n\t\t\t\t\t<div class=\"elementor-image-box-wrapper\"><figure class=\"elementor-image-box-img\"><img decoding=\"async\" src=\"https:\/\/mfbanka.com\/wp-content\/uploads\/elementor\/thumbs\/stednja-3-tamna-r9weudxmdwoqavckdq35bc1qzyo34aap2548rfx8mg.png\" title=\"stednja 3 tamna\" alt=\"stednja 3 tamna\" loading=\"lazy\" \/><\/figure><div class=\"elementor-image-box-content\"><h3 class=\"elementor-image-box-title\">Oro\u010deni depoziti (nenamjenski)<\/h3><p class=\"elementor-image-box-description\">Nenamjenski oro\u010dena sredstva mogu se deponovati kao kratkoro\u010dno ili dugoro\u010dno oro\u010denje. Vi\u0161kove  oro\u010dite u odgovaraju\u0107im vremenskim rokovima i u raznim valutama.<\/p><\/div><\/div>\t\t\t\t<\/div>\n\t\t\t\t<\/div>\n\t\t\t\t\t<\/div>\n\t\t<\/div>\n\t\t\t\t<div class=\"elementor-column elementor-col-33 elementor-top-column elementor-element elementor-element-2a63b5b\" data-id=\"2a63b5b\" data-element_type=\"column\">\n\t\t\t<div class=\"elementor-widget-wrap elementor-element-populated\">\n\t\t\t\t\t\t<div class=\"elementor-element elementor-element-8dd3dcc elementor-position-top cmsmasters-block-default cmsmasters-sticky-default elementor-widget elementor-widget-image-box\" data-id=\"8dd3dcc\" data-element_type=\"widget\" data-widget_type=\"image-box.default\">\n\t\t\t\t<div class=\"elementor-widget-container\">\n\t\t\t\t\t<div class=\"elementor-image-box-wrapper\"><figure class=\"elementor-image-box-img\"><img decoding=\"async\" src=\"https:\/\/mfbanka.com\/wp-content\/uploads\/elementor\/thumbs\/stednja-2-tamna-r9weuftarkray39u2qwegbko6qetjoi5qef7pzuga0.png\" title=\"stednja 2 tamna\" alt=\"stednja 2 tamna\" loading=\"lazy\" \/><\/figure><div class=\"elementor-image-box-content\"><h3 class=\"elementor-image-box-title\">Oro\u010deni depoziti (namjenski)<\/h3><p class=\"elementor-image-box-description\">Namjenski depoziti koriste se sa namjenom obezbje\u0111enja potra\u017eivanja Banke po osnovu kredita, garancija i drugih proizvoda.  <\/p><\/div><\/div>\t\t\t\t<\/div>\n\t\t\t\t<\/div>\n\t\t\t\t\t<\/div>\n\t\t<\/div>\n\t\t\t\t\t<\/div>\n\t\t<\/section>\n\t\t\t\t<section class=\"elementor-section elementor-top-section elementor-element elementor-element-5b53428 elementor-section-boxed elementor-section-height-default elementor-section-height-default cmsmasters-block-default\" data-id=\"5b53428\" data-element_type=\"section\" data-settings=\"{&quot;_ha_eqh_enable&quot;:false}\">\n\t\t\t\t\t\t<div class=\"elementor-container elementor-column-gap-default\">\n\t\t\t\t\t<div class=\"elementor-column elementor-col-100 elementor-top-column elementor-element elementor-element-318c62a\" data-id=\"318c62a\" data-element_type=\"column\">\n\t\t\t<div class=\"elementor-widget-wrap elementor-element-populated\">\n\t\t\t\t\t\t<div class=\"elementor-element elementor-element-b3147bb cmsmasters-button-align-center cmsmasters-block-default cmsmasters-sticky-default elementor-widget elementor-widget-cmsmasters-button\" data-id=\"b3147bb\" data-element_type=\"widget\" data-widget_type=\"cmsmasters-button.default\">\n\t\t\t\t<div class=\"elementor-widget-container\">\n\t\t\t\t\t<div class=\"elementor-widget-cmsmasters-button__button-container\"><div class=\"elementor-widget-cmsmasters-button__button-container-inner\"><a href=\"https:\/\/mfbanka.com\/index.php\/apliciraj-za-depozit\/\" class=\"cmsmasters-button-link elementor-widget-cmsmasters-button__button cmsmasters-icon-view- cmsmasters-icon-shape- cmsmasters-button-size-sm\" role=\"button\" tabindex=\"0\"><span class=\"elementor-widget-cmsmasters-button__content-wrapper cmsmasters-align-icon-\"><span class=\"elementor-widget-cmsmasters-button__text\">APLICIRAJ ONLINE<\/span><\/span><\/a><\/div><\/div>\t\t\t\t<\/div>\n\t\t\t\t<\/div>\n\t\t\t\t\t<\/div>\n\t\t<\/div>\n\t\t\t\t\t<\/div>\n\t\t<\/section>\n\t\t\t\t<\/div>\n\t\t","protected":false},"excerpt":{"rendered":"<p>Depoziti Nudimo konkurentne uslove uz fleksibilne modele oro\u010denja nov\u010danih sredstava. Izaberite jednu od tri vrste \u0161tednje i neka Va\u0161 novac radi za Vas, ve\u0107 od danas. Depozit po vi\u0111enju Uz povoljne uslove svoja nov\u010dana sredstva u doma\u0107oj i stranim valutama povjerite MF Banci, te pristupajte istim prema va\u0161im potrebama. Oro\u010deni depoziti (nenamjenski) Nenamjenski oro\u010dena sredstva&#8230;<\/p>\n","protected":false},"author":1,"featured_media":15613,"parent":0,"menu_order":0,"comment_status":"closed","ping_status":"closed","template":"","meta":{"inline_featured_image":false,"footnotes":""},"class_list":["post-11352","page","type-page","status-publish","has-post-thumbnail","hentry"],"_links":{"self":[{"href":"https:\/\/mfbanka.com\/index.php\/wp-json\/wp\/v2\/pages\/11352","targetHints":{"allow":["GET"]}}],"collection":[{"href":"https:\/\/mfbanka.com\/index.php\/wp-json\/wp\/v2\/pages"}],"about":[{"href":"https:\/\/mfbanka.com\/index.php\/wp-json\/wp\/v2\/types\/page"}],"author":[{"embeddable":true,"href":"https:\/\/mfbanka.com\/index.php\/wp-json\/wp\/v2\/users\/1"}],"replies":[{"embeddable":true,"href":"https:\/\/mfbanka.com\/index.php\/wp-json\/wp\/v2\/comments?post=11352"}],"version-history":[{"count":0,"href":"https:\/\/mfbanka.com\/index.php\/wp-json\/wp\/v2\/pages\/11352\/revisions"}],"wp:featuredmedia":[{"embeddable":true,"href":"https:\/\/mfbanka.com\/index.php\/wp-json\/wp\/v2\/media\/15613"}],"wp:attachment":[{"href":"https:\/\/mfbanka.com\/index.php\/wp-json\/wp\/v2\/media?parent=11352"}],"curies":[{"name":"wp","href":"https:\/\/api.w.org\/{rel}","templated":true}]}}