{"id":12248,"date":"2022-07-19T09:54:41","date_gmt":"2022-07-19T09:54:41","guid":{"rendered":"https:\/\/mf.aquariushost.net\/?page_id=12248"},"modified":"2026-04-02T06:36:37","modified_gmt":"2026-04-02T06:36:37","slug":"otvorena-stednja","status":"publish","type":"page","link":"https:\/\/mfbanka.com\/index.php\/otvorena-stednja\/","title":{"rendered":"OTVORENA \u0160TEDNJA"},"content":{"rendered":"\t\t<div data-elementor-type=\"wp-page\" data-elementor-id=\"12248\" class=\"elementor elementor-12248\" data-elementor-settings=\"{&quot;ha_cmc_init_switcher&quot;:&quot;no&quot;}\" data-elementor-post-type=\"page\">\n\t\t\t\t\t\t<section class=\"elementor-section elementor-top-section elementor-element elementor-element-4da3cc3 elementor-reverse-tablet elementor-reverse-mobile elementor-section-boxed elementor-section-height-default elementor-section-height-default cmsmasters-block-default\" data-id=\"4da3cc3\" data-element_type=\"section\" data-settings=\"{&quot;_ha_eqh_enable&quot;:false}\">\n\t\t\t\t\t\t<div class=\"elementor-container elementor-column-gap-no\">\n\t\t\t\t\t<div class=\"elementor-column elementor-col-50 elementor-top-column elementor-element elementor-element-3b4dfe9\" data-id=\"3b4dfe9\" data-element_type=\"column\" data-settings=\"{&quot;background_background&quot;:&quot;classic&quot;}\">\n\t\t\t<div class=\"elementor-widget-wrap elementor-element-populated\">\n\t\t\t\t\t\t<div class=\"elementor-element elementor-element-9c3f23d cmsmasters-block-default cmsmasters-sticky-default elementor-widget elementor-widget-heading\" data-id=\"9c3f23d\" data-element_type=\"widget\" data-widget_type=\"heading.default\">\n\t\t\t\t<div class=\"elementor-widget-container\">\n\t\t\t\t\t<h2 class=\"elementor-heading-title elementor-size-default\">Otvorena  <br> \u0161tednja<\/h2>\t\t\t\t<\/div>\n\t\t\t\t<\/div>\n\t\t\t\t<div class=\"elementor-element elementor-element-b03d6e2 cmsmasters-block-default cmsmasters-sticky-default elementor-widget elementor-widget-heading\" data-id=\"b03d6e2\" data-element_type=\"widget\" data-widget_type=\"heading.default\">\n\t\t\t\t<div class=\"elementor-widget-container\">\n\t\t\t\t\t<p class=\"elementor-heading-title elementor-size-default\">Otvorenom \u0161tednjom pru\u017eamo vam mogu\u0107nost\u00a0slobodne \u0161tednje u konvertibilnim markama ili EUR-valuti bez ograni\u010denja iznosa i u\u010destalosti uplata i isplata.\u00a0<\/p>\t\t\t\t<\/div>\n\t\t\t\t<\/div>\n\t\t\t\t\t<\/div>\n\t\t<\/div>\n\t\t\t\t<div class=\"elementor-column elementor-col-50 elementor-top-column elementor-element elementor-element-9c0f496 cmsmasters-bg-hide-none cmsmasters-bg-hide-none\" data-id=\"9c0f496\" data-element_type=\"column\" data-settings=\"{&quot;background_background&quot;:&quot;classic&quot;}\">\n\t\t\t<div class=\"elementor-widget-wrap elementor-element-populated\">\n\t\t\t\t\t\t\t<\/div>\n\t\t<\/div>\n\t\t\t\t\t<\/div>\n\t\t<\/section>\n\t\t\t\t<section class=\"elementor-section elementor-top-section elementor-element elementor-element-1bc47a7 elementor-section-boxed elementor-section-height-default elementor-section-height-default cmsmasters-block-default\" data-id=\"1bc47a7\" data-element_type=\"section\" data-settings=\"{&quot;_ha_eqh_enable&quot;:false}\">\n\t\t\t\t\t\t<div class=\"elementor-container elementor-column-gap-default\">\n\t\t\t\t\t<div class=\"elementor-column elementor-col-100 elementor-top-column elementor-element elementor-element-00f54e1\" data-id=\"00f54e1\" data-element_type=\"column\">\n\t\t\t<div class=\"elementor-widget-wrap elementor-element-populated\">\n\t\t\t\t\t\t<div class=\"elementor-element elementor-element-42ad6f1 cmsmasters-block-default cmsmasters-sticky-default elementor-widget elementor-widget-heading\" data-id=\"42ad6f1\" data-element_type=\"widget\" data-widget_type=\"heading.default\">\n\t\t\t\t<div class=\"elementor-widget-container\">\n\t\t\t\t\t<h2 class=\"elementor-heading-title elementor-size-default\">Nudimo Vam odabir<\/h2>\t\t\t\t<\/div>\n\t\t\t\t<\/div>\n\t\t\t\t\t<\/div>\n\t\t<\/div>\n\t\t\t\t\t<\/div>\n\t\t<\/section>\n\t\t\t\t<section class=\"elementor-section elementor-top-section elementor-element elementor-element-71ba43c elementor-section-boxed elementor-section-height-default elementor-section-height-default cmsmasters-block-default\" data-id=\"71ba43c\" data-element_type=\"section\" data-settings=\"{&quot;_ha_eqh_enable&quot;:false}\">\n\t\t\t\t\t\t<div class=\"elementor-container elementor-column-gap-default\">\n\t\t\t\t\t<div class=\"elementor-column elementor-col-33 elementor-top-column elementor-element elementor-element-529bec5\" data-id=\"529bec5\" data-element_type=\"column\">\n\t\t\t<div class=\"elementor-widget-wrap elementor-element-populated\">\n\t\t\t\t\t\t<div class=\"elementor-element elementor-element-bfd2053 elementor-position-top cmsmasters-block-default cmsmasters-sticky-default elementor-widget elementor-widget-image-box\" data-id=\"bfd2053\" data-element_type=\"widget\" data-widget_type=\"image-box.default\">\n\t\t\t\t<div class=\"elementor-widget-container\">\n\t\t\t\t\t<div class=\"elementor-image-box-wrapper\"><figure class=\"elementor-image-box-img\"><img decoding=\"async\" src=\"https:\/\/mfbanka.com\/wp-content\/uploads\/elementor\/thumbs\/Iznos-kredita-svijetla-r9weuevgkqq0mhb788hrvtt7lcjgbzefe9rq8pvug8.png\" title=\"Iznos kredita svijetla\" alt=\"Iznos kredita svijetla\" loading=\"lazy\" \/><\/figure><div class=\"elementor-image-box-content\"><h3 class=\"elementor-image-box-title\">Valute<\/h3><p class=\"elementor-image-box-description\">u zavisnosti od Va\u0161ih potreba<\/p><\/div><\/div>\t\t\t\t<\/div>\n\t\t\t\t<\/div>\n\t\t\t\t\t<\/div>\n\t\t<\/div>\n\t\t\t\t<div class=\"elementor-column elementor-col-33 elementor-top-column elementor-element elementor-element-4244ef5\" data-id=\"4244ef5\" data-element_type=\"column\">\n\t\t\t<div class=\"elementor-widget-wrap elementor-element-populated\">\n\t\t\t\t\t\t<div class=\"elementor-element elementor-element-1e8f6dc elementor-position-top cmsmasters-block-default cmsmasters-sticky-default elementor-widget elementor-widget-image-box\" data-id=\"1e8f6dc\" data-element_type=\"widget\" data-widget_type=\"image-box.default\">\n\t\t\t\t<div class=\"elementor-widget-container\">\n\t\t\t\t\t<div class=\"elementor-image-box-wrapper\"><figure class=\"elementor-image-box-img\"><img decoding=\"async\" src=\"https:\/\/mfbanka.com\/wp-content\/uploads\/elementor\/thumbs\/Kursna-lista-svijetla-r9weuftarkray39u2qwegbko6qetjoi5qef7pzuga0.png\" title=\"Kursna lista svijetla\" alt=\"Kursna lista svijetla\" loading=\"lazy\" \/><\/figure><div class=\"elementor-image-box-content\"><h3 class=\"elementor-image-box-title\">Kamata<\/h3><p class=\"elementor-image-box-description\">za iznose do 500,00KM nudimo kamatu od 0,20% a za iznose ve\u0107e od 500,00KM stopa je 0,50%.<\/p><\/div><\/div>\t\t\t\t<\/div>\n\t\t\t\t<\/div>\n\t\t\t\t\t<\/div>\n\t\t<\/div>\n\t\t\t\t<div class=\"elementor-column elementor-col-33 elementor-top-column elementor-element elementor-element-5441b61\" data-id=\"5441b61\" data-element_type=\"column\">\n\t\t\t<div class=\"elementor-widget-wrap elementor-element-populated\">\n\t\t\t\t\t\t<div class=\"elementor-element elementor-element-18ca02a elementor-position-top cmsmasters-block-default cmsmasters-sticky-default elementor-widget elementor-widget-image-box\" data-id=\"18ca02a\" data-element_type=\"widget\" data-widget_type=\"image-box.default\">\n\t\t\t\t<div class=\"elementor-widget-container\">\n\t\t\t\t\t<div class=\"elementor-image-box-wrapper\"><figure class=\"elementor-image-box-img\"><img decoding=\"async\" src=\"https:\/\/mfbanka.com\/wp-content\/uploads\/elementor\/thumbs\/Nacin-otplate-svijetla-r9weuftarkray39u2qwegbko6qetjoi5qef7pzuga0.png\" title=\"Nacin otplate svijetla\" alt=\"Nacin otplate svijetla\" loading=\"lazy\" \/><\/figure><div class=\"elementor-image-box-content\"><h3 class=\"elementor-image-box-title\">Bez ograni\u010denja<\/h3><p class=\"elementor-image-box-description\">iznosa i u\u010destalosti uplata i isplata.  <\/p><\/div><\/div>\t\t\t\t<\/div>\n\t\t\t\t<\/div>\n\t\t\t\t\t<\/div>\n\t\t<\/div>\n\t\t\t\t\t<\/div>\n\t\t<\/section>\n\t\t\t\t<section class=\"elementor-section elementor-top-section elementor-element elementor-element-369c26d elementor-section-boxed elementor-section-height-default elementor-section-height-default cmsmasters-block-default\" data-id=\"369c26d\" data-element_type=\"section\" data-settings=\"{&quot;_ha_eqh_enable&quot;:false}\">\n\t\t\t\t\t\t<div class=\"elementor-container elementor-column-gap-default\">\n\t\t\t\t\t<div class=\"elementor-column elementor-col-100 elementor-top-column elementor-element elementor-element-35b313c\" data-id=\"35b313c\" data-element_type=\"column\">\n\t\t\t<div class=\"elementor-widget-wrap elementor-element-populated\">\n\t\t\t\t\t\t<div class=\"elementor-element elementor-element-6e6bf2d cmsmasters-button-align-center cmsmasters-block-default cmsmasters-sticky-default elementor-widget elementor-widget-cmsmasters-button\" data-id=\"6e6bf2d\" data-element_type=\"widget\" data-widget_type=\"cmsmasters-button.default\">\n\t\t\t\t<div class=\"elementor-widget-container\">\n\t\t\t\t\t<div class=\"elementor-widget-cmsmasters-button__button-container\"><div class=\"elementor-widget-cmsmasters-button__button-container-inner\"><a href=\"https:\/\/mfbanka.com\/index.php\/apliciraj-za-stednju\/\" class=\"cmsmasters-button-link elementor-widget-cmsmasters-button__button cmsmasters-icon-view- cmsmasters-icon-shape- cmsmasters-button-size-sm\" role=\"button\" tabindex=\"0\"><span class=\"elementor-widget-cmsmasters-button__content-wrapper cmsmasters-align-icon-\"><span class=\"elementor-widget-cmsmasters-button__text\">APLICIRAJ ONLINE<\/span><\/span><\/a><\/div><\/div>\t\t\t\t<\/div>\n\t\t\t\t<\/div>\n\t\t\t\t\t<\/div>\n\t\t<\/div>\n\t\t\t\t\t<\/div>\n\t\t<\/section>\n\t\t\t\t<section class=\"elementor-section elementor-top-section elementor-element elementor-element-11f2503 elementor-section-boxed elementor-section-height-default elementor-section-height-default cmsmasters-block-default\" data-id=\"11f2503\" data-element_type=\"section\" data-settings=\"{&quot;background_background&quot;:&quot;classic&quot;,&quot;_ha_eqh_enable&quot;:false}\">\n\t\t\t\t\t\t<div class=\"elementor-container elementor-column-gap-default\">\n\t\t\t\t\t<div class=\"elementor-column elementor-col-100 elementor-top-column elementor-element elementor-element-97c6046\" data-id=\"97c6046\" data-element_type=\"column\">\n\t\t\t<div class=\"elementor-widget-wrap elementor-element-populated\">\n\t\t\t\t\t\t<div class=\"elementor-element elementor-element-062aed0 cmsmasters-block-default cmsmasters-sticky-default elementor-widget elementor-widget-heading\" data-id=\"062aed0\" data-element_type=\"widget\" data-widget_type=\"heading.default\">\n\t\t\t\t<div class=\"elementor-widget-container\">\n\t\t\t\t\t<h2 class=\"elementor-heading-title elementor-size-default\">Dokumenti<\/h2>\t\t\t\t<\/div>\n\t\t\t\t<\/div>\n\t\t\t\t<section class=\"elementor-section elementor-inner-section elementor-element elementor-element-9dad441 elementor-section-boxed elementor-section-height-default elementor-section-height-default cmsmasters-block-default\" data-id=\"9dad441\" data-element_type=\"section\" data-settings=\"{&quot;_ha_eqh_enable&quot;:false}\">\n\t\t\t\t\t\t<div class=\"elementor-container elementor-column-gap-default\">\n\t\t\t\t\t<div class=\"elementor-column elementor-col-100 elementor-inner-column elementor-element elementor-element-d575ec9\" data-id=\"d575ec9\" data-element_type=\"column\">\n\t\t\t<div class=\"elementor-widget-wrap elementor-element-populated\">\n\t\t\t\t\t\t<div data-separate-animation-selector=\".elementor-widget-cmsmasters-toggles__item\" data-text-animation-class=\"sequental, random\" class=\"elementor-element elementor-element-968eebb cmsmasters-trigger-icon-view-framed cmsmasters-title-alignment-left cmsmasters-item-icon-position-left cmsmasters-block-default cmsmasters-sticky-default elementor-widget elementor-widget-cmsmasters-toggles cmsmasters-widget-toggles\" data-id=\"968eebb\" data-element_type=\"widget\" data-settings=\"{&quot;toggles&quot;:[{&quot;toggle_title&quot;:&quot;Informacioni list \\u0161tednih proizvoda&quot;,&quot;toggle_content&quot;:&quot;&lt;p&gt;&lt;a href=\\&quot;https:\\\/\\\/mfbanka.com\\\/wp-content\\\/uploads\\\/2026\\\/04\\\/univerzalni-informacioni-list-1.4.-stednja.pdf\\&quot; target=\\&quot;_blank\\&quot; rel=\\&quot;noopener\\&quot;&gt;Preuzmite dokument&lt;\\\/a&gt;&lt;\\\/p&gt;&quot;,&quot;_id&quot;:&quot;54a4bf4&quot;,&quot;content_type&quot;:&quot;toggle-content&quot;,&quot;saved_section&quot;:null,&quot;item_icon&quot;:{&quot;value&quot;:&quot;&quot;,&quot;library&quot;:&quot;&quot;},&quot;toggle_custom_id&quot;:&quot;&quot;},{&quot;toggle_title&quot;:&quot;Zahtjev za otvaranje \\u0161tednog uloga za fizi\\u010dka lica&quot;,&quot;toggle_content&quot;:&quot;&lt;p&gt;&lt;a href=\\&quot;https:\\\/\\\/mfbanka.com\\\/wp-content\\\/uploads\\\/2022\\\/07\\\/Zahtjev-za-otvaranje-stednog-uloga-FL-1-1.doc\\&quot;&gt;Preuzmite dokument&lt;\\\/a&gt;&lt;\\\/p&gt;&quot;,&quot;_id&quot;:&quot;20a7d25&quot;,&quot;content_type&quot;:&quot;toggle-content&quot;,&quot;saved_section&quot;:null,&quot;item_icon&quot;:{&quot;value&quot;:&quot;&quot;,&quot;library&quot;:&quot;&quot;},&quot;toggle_custom_id&quot;:&quot;&quot;}],&quot;type&quot;:&quot;accordion&quot;}\" data-widget_type=\"cmsmasters-toggles.default\">\n\t\t\t\t<div class=\"elementor-widget-container\">\n\t\t\t\t\t<div class=\"elementor-widget-cmsmasters-toggles__list\"><div class=\"elementor-widget-cmsmasters-toggles__item\"><h4 id=\"elementor-tab-title-1571\" class=\"elementor-widget-cmsmasters-toggles__title\" data-tab=\"1\" role=\"button\" tabindex=\"0\"><a class=\"elementor-widget-cmsmasters-toggles__title-link cmsmasters_enable_trigger_icon\" href=\"#\" tabindex=\"-1\"><span class=\"elementor-widget-cmsmasters-toggles__title-text\">Informacioni list \u0161tednih proizvoda<\/span><\/a><span class=\"elementor-widget-cmsmasters-toggles__trigger\"><span class=\"elementor-widget-cmsmasters-toggles__trigger-closed\"><i aria-hidden=\"true\" aria-label=\"Closed\" class=\"fas fa-plus\"><\/i><\/span><span class=\"elementor-widget-cmsmasters-toggles__trigger-opened\"><i aria-hidden=\"true\" aria-label=\"Opened\" class=\"fas fa-minus\"><\/i><\/span><\/span><\/h4><div id=\"elementor-widget-cmsmasters-toggles__content-1571\" class=\"elementor-widget-cmsmasters-toggles__content elementor-clearfix\" data-tab=\"1\"><p><a href=\"https:\/\/mfbanka.com\/wp-content\/uploads\/2026\/04\/univerzalni-informacioni-list-1.4.-stednja.pdf\" target=\"_blank\" rel=\"noopener\">Preuzmite dokument<\/a><\/p><\/div><\/div><div class=\"elementor-widget-cmsmasters-toggles__item\"><h4 id=\"elementor-tab-title-1572\" class=\"elementor-widget-cmsmasters-toggles__title\" data-tab=\"2\" role=\"button\" tabindex=\"0\"><a class=\"elementor-widget-cmsmasters-toggles__title-link cmsmasters_enable_trigger_icon\" href=\"#\" tabindex=\"-1\"><span class=\"elementor-widget-cmsmasters-toggles__title-text\">Zahtjev za otvaranje \u0161tednog uloga za fizi\u010dka lica<\/span><\/a><span class=\"elementor-widget-cmsmasters-toggles__trigger\"><span class=\"elementor-widget-cmsmasters-toggles__trigger-closed\"><i aria-hidden=\"true\" aria-label=\"Closed\" class=\"fas fa-plus\"><\/i><\/span><span class=\"elementor-widget-cmsmasters-toggles__trigger-opened\"><i aria-hidden=\"true\" aria-label=\"Opened\" class=\"fas fa-minus\"><\/i><\/span><\/span><\/h4><div id=\"elementor-widget-cmsmasters-toggles__content-1572\" class=\"elementor-widget-cmsmasters-toggles__content elementor-clearfix\" data-tab=\"2\"><p><a href=\"https:\/\/mfbanka.com\/wp-content\/uploads\/2022\/07\/Zahtjev-za-otvaranje-stednog-uloga-FL-1-1.doc\">Preuzmite dokument<\/a><\/p><\/div><\/div><\/div>\t\t\t\t<\/div>\n\t\t\t\t<\/div>\n\t\t\t\t\t<\/div>\n\t\t<\/div>\n\t\t\t\t\t<\/div>\n\t\t<\/section>\n\t\t\t\t\t<\/div>\n\t\t<\/div>\n\t\t\t\t\t<\/div>\n\t\t<\/section>\n\t\t\t\t<\/div>\n\t\t","protected":false},"excerpt":{"rendered":"<p>Otvorena \u0161tednja Otvorenom \u0161tednjom pru\u017eamo vam mogu\u0107nost\u00a0slobodne \u0161tednje u konvertibilnim markama ili EUR-valuti bez ograni\u010denja iznosa i u\u010destalosti uplata i isplata.\u00a0 Nudimo Vam odabir Valute u zavisnosti od Va\u0161ih potreba Kamata za iznose do 500,00KM nudimo kamatu od 0,20% a za iznose ve\u0107e od 500,00KM stopa je 0,50%. Bez ograni\u010denja iznosa i u\u010destalosti uplata i&#8230;<\/p>\n","protected":false},"author":1,"featured_media":0,"parent":0,"menu_order":0,"comment_status":"closed","ping_status":"closed","template":"","meta":{"inline_featured_image":false,"footnotes":""},"class_list":["post-12248","page","type-page","status-publish","hentry"],"_links":{"self":[{"href":"https:\/\/mfbanka.com\/index.php\/wp-json\/wp\/v2\/pages\/12248","targetHints":{"allow":["GET"]}}],"collection":[{"href":"https:\/\/mfbanka.com\/index.php\/wp-json\/wp\/v2\/pages"}],"about":[{"href":"https:\/\/mfbanka.com\/index.php\/wp-json\/wp\/v2\/types\/page"}],"author":[{"embeddable":true,"href":"https:\/\/mfbanka.com\/index.php\/wp-json\/wp\/v2\/users\/1"}],"replies":[{"embeddable":true,"href":"https:\/\/mfbanka.com\/index.php\/wp-json\/wp\/v2\/comments?post=12248"}],"version-history":[{"count":13,"href":"https:\/\/mfbanka.com\/index.php\/wp-json\/wp\/v2\/pages\/12248\/revisions"}],"predecessor-version":[{"id":24033,"href":"https:\/\/mfbanka.com\/index.php\/wp-json\/wp\/v2\/pages\/12248\/revisions\/24033"}],"wp:attachment":[{"href":"https:\/\/mfbanka.com\/index.php\/wp-json\/wp\/v2\/media?parent=12248"}],"curies":[{"name":"wp","href":"https:\/\/api.w.org\/{rel}","templated":true}]}}