{"id":12507,"date":"2022-07-20T07:07:37","date_gmt":"2022-07-20T07:07:37","guid":{"rendered":"https:\/\/mf.aquariushost.net\/?page_id=12507"},"modified":"2026-03-05T14:38:57","modified_gmt":"2026-03-05T14:38:57","slug":"opsti-uslovi-poslovanja","status":"publish","type":"page","link":"https:\/\/mfbanka.com\/index.php\/opsti-uslovi-poslovanja\/","title":{"rendered":"OP\u0160TI USLOVI POSLOVANJA"},"content":{"rendered":"\t\t<div data-elementor-type=\"wp-page\" data-elementor-id=\"12507\" class=\"elementor elementor-12507\" data-elementor-settings=\"{&quot;ha_cmc_init_switcher&quot;:&quot;no&quot;}\" data-elementor-post-type=\"page\">\n\t\t\t\t\t\t<section class=\"elementor-section elementor-top-section elementor-element elementor-element-4935253 elementor-section-boxed elementor-section-height-default elementor-section-height-default cmsmasters-block-default\" data-id=\"4935253\" data-element_type=\"section\" data-settings=\"{&quot;_ha_eqh_enable&quot;:false}\">\n\t\t\t\t\t\t<div class=\"elementor-container elementor-column-gap-default\">\n\t\t\t\t\t<div class=\"elementor-column elementor-col-100 elementor-top-column elementor-element elementor-element-21de52e\" data-id=\"21de52e\" data-element_type=\"column\">\n\t\t\t<div class=\"elementor-widget-wrap elementor-element-populated\">\n\t\t\t\t\t\t<div class=\"elementor-element elementor-element-cf7cd54 elementor-align-left elementor-icon-list--layout-traditional elementor-list-item-link-full_width cmsmasters-block-default cmsmasters-sticky-default elementor-widget elementor-widget-icon-list\" data-id=\"cf7cd54\" data-element_type=\"widget\" data-widget_type=\"icon-list.default\">\n\t\t\t\t<div class=\"elementor-widget-container\">\n\t\t\t\t\t\t\t<ul class=\"elementor-icon-list-items\">\n\t\t\t\t\t\t\t<li class=\"elementor-icon-list-item\">\n\t\t\t\t\t\t\t\t\t\t\t<a href=\"https:\/\/mfbanka.com\/wp-content\/uploads\/2026\/02\/Opsti-uslovi-poslovanja-za-RS-br.-NO-39-2026-od-29.01.2026.pdf\" target=\"_blank\">\n\n\t\t\t\t\t\t\t\t\t\t\t<span class=\"elementor-icon-list-text\">Op\u0161ti uslovi poslovanja MF banka a.d. za RS br. NO-39-2026 od 29.01.2026.<\/span>\n\t\t\t\t\t\t\t\t\t\t\t<\/a>\n\t\t\t\t\t\t\t\t\t<\/li>\n\t\t\t\t\t\t\t\t<li class=\"elementor-icon-list-item\">\n\t\t\t\t\t\t\t\t\t\t\t<a href=\"https:\/\/mfbanka.com\/wp-content\/uploads\/2026\/02\/Opsti-uslovi-poslovanja-za-FBiH-br.-NO-39-1-2026-od-29.01.2026.pdf\" target=\"_blank\">\n\n\t\t\t\t\t\t\t\t\t\t\t<span class=\"elementor-icon-list-text\">Op\u0161ti uslovi poslovanja MF banka za FBiH br. NO-39-1-2026-od 29.01.2026.<\/span>\n\t\t\t\t\t\t\t\t\t\t\t<\/a>\n\t\t\t\t\t\t\t\t\t<\/li>\n\t\t\t\t\t\t\t\t<li class=\"elementor-icon-list-item\">\n\t\t\t\t\t\t\t\t\t\t\t<a href=\"https:\/\/mfbanka.com\/wp-content\/uploads\/2022\/07\/PREGLED-KAMAT.-STOPA-I-NAK.-PO-KRED.-I-DOKUMEN.-PROIZVODIMA-20.04.21.pdf\" target=\"_blank\">\n\n\t\t\t\t\t\t\t\t\t\t\t<span class=\"elementor-icon-list-text\">Pregled kamatnih stopa i naknada po kreditima i dokumentarnim proizvodima<\/span>\n\t\t\t\t\t\t\t\t\t\t\t<\/a>\n\t\t\t\t\t\t\t\t\t<\/li>\n\t\t\t\t\t\t\t\t<li class=\"elementor-icon-list-item\">\n\t\t\t\t\t\t\t\t\t\t\t<a href=\"https:\/\/mfbanka.com\/wp-content\/uploads\/2023\/02\/PREGLED-VAZECIH-KAMATA-NA-DEPOZITE-PRAVNIH-LICAPREDUZETNIKA-I-FIZICKIH-L.-28.10.2022.pdf\" target=\"_blank\">\n\n\t\t\t\t\t\t\t\t\t\t\t<span class=\"elementor-icon-list-text\">Pregled va\u017ee\u0107ih kamatnih stopa na depozite pravnih lica, preduzetnika i fizi\u010dkih lica<\/span>\n\t\t\t\t\t\t\t\t\t\t\t<\/a>\n\t\t\t\t\t\t\t\t\t<\/li>\n\t\t\t\t\t\t\t\t<li class=\"elementor-icon-list-item\">\n\t\t\t\t\t\t\t\t\t\t\t<a href=\"https:\/\/mfbanka.com\/wp-content\/uploads\/2024\/02\/PREGLED-VAZECIH-NAKNADA-ZA-USLUGE-U-POSLOVANJU-SA-PRAVNIM-LICIMA-I-PREDUZETNICIMA-1.pdf\" target=\"_blank\">\n\n\t\t\t\t\t\t\t\t\t\t\t<span class=\"elementor-icon-list-text\">Pregled va\u017ee\u0107ih naknada za usluge u poslovanju sa pravnim licima<\/span>\n\t\t\t\t\t\t\t\t\t\t\t<\/a>\n\t\t\t\t\t\t\t\t\t<\/li>\n\t\t\t\t\t\t\t\t<li class=\"elementor-icon-list-item\">\n\t\t\t\t\t\t\t\t\t\t\t<a href=\"https:\/\/upn.fba.ba\/pretraga\/2010\" target=\"_blank\" rel=\"noopener\">\n\n\t\t\t\t\t\t\t\t\t\t\t<span class=\"elementor-icon-list-text\">Uporedni pregled naknada usluga za poslovne subjekte u unutra\u0161njem platnom prometu, u skladu sa Odlukom FBA o sadr\u017eaju, rokovima i na\u010dinu dostavljanja podataka za uporedni prikaz podataka.<\/span>\n\t\t\t\t\t\t\t\t\t\t\t<\/a>\n\t\t\t\t\t\t\t\t\t<\/li>\n\t\t\t\t\t\t\t\t<li class=\"elementor-icon-list-item\">\n\t\t\t\t\t\t\t\t\t\t\t<a href=\"https:\/\/mfbanka.com\/wp-content\/uploads\/2026\/01\/Pravilnik-za-koristenje-digitalnog-bankarstva-MF-banka-a.d.-Banja-Luka.pdf\" target=\"_blank\">\n\n\t\t\t\t\t\t\t\t\t\t\t<span class=\"elementor-icon-list-text\">Pravilnik za kori\u0161tenje digitalnog bankarstva MF banke a.d. Banja Luka<\/span>\n\t\t\t\t\t\t\t\t\t\t\t<\/a>\n\t\t\t\t\t\t\t\t\t<\/li>\n\t\t\t\t\t\t\t\t<li class=\"elementor-icon-list-item\">\n\t\t\t\t\t\t\t\t\t\t\t<a href=\"https:\/\/mfbanka.com\/wp-content\/uploads\/2026\/01\/Pravilnik-za-koristenje-Visa-platnih-kartica-MF-banke-a.d.-Banja-Luka.pdf\" target=\"_blank\">\n\n\t\t\t\t\t\t\t\t\t\t\t<span class=\"elementor-icon-list-text\">Pravilnik za kori\u0161tenje Visa platnih kartica MF banke a.d. Banja Luka<\/span>\n\t\t\t\t\t\t\t\t\t\t\t<\/a>\n\t\t\t\t\t\t\t\t\t<\/li>\n\t\t\t\t\t\t\t\t<li class=\"elementor-icon-list-item\">\n\t\t\t\t\t\t\t\t\t\t\t<a href=\"https:\/\/mfbanka.com\/wp-content\/uploads\/2026\/01\/Pravilnik-za-polog-pazara-pravnih-lica-na-ATS-uredjajima-MF-banke-a.d.-Banja-Luka.pdf\" target=\"_blank\">\n\n\t\t\t\t\t\t\t\t\t\t\t<span class=\"elementor-icon-list-text\">Pravilnik za polog pazara pravnih lica na ATS ure\u0111ajima MF banke a.d. Banja Luka<\/span>\n\t\t\t\t\t\t\t\t\t\t\t<\/a>\n\t\t\t\t\t\t\t\t\t<\/li>\n\t\t\t\t\t\t<\/ul>\n\t\t\t\t\t\t<\/div>\n\t\t\t\t<\/div>\n\t\t\t\t\t<\/div>\n\t\t<\/div>\n\t\t\t\t\t<\/div>\n\t\t<\/section>\n\t\t\t\t<\/div>\n\t\t","protected":false},"excerpt":{"rendered":"<p>Op\u0161ti uslovi poslovanja MF banka a.d. za RS br. NO-39-2026 od 29.01.2026. Op\u0161ti uslovi poslovanja MF banka za FBiH br. NO-39-1-2026-od 29.01.2026. Pregled kamatnih stopa i naknada po kreditima i dokumentarnim proizvodima Pregled va\u017ee\u0107ih kamatnih stopa na depozite pravnih lica, preduzetnika i fizi\u010dkih lica Pregled va\u017ee\u0107ih naknada za usluge u poslovanju sa pravnim licima Uporedni&#8230;<\/p>\n","protected":false},"author":1,"featured_media":0,"parent":0,"menu_order":0,"comment_status":"closed","ping_status":"closed","template":"","meta":{"inline_featured_image":false,"footnotes":""},"class_list":["post-12507","page","type-page","status-publish","hentry"],"_links":{"self":[{"href":"https:\/\/mfbanka.com\/index.php\/wp-json\/wp\/v2\/pages\/12507","targetHints":{"allow":["GET"]}}],"collection":[{"href":"https:\/\/mfbanka.com\/index.php\/wp-json\/wp\/v2\/pages"}],"about":[{"href":"https:\/\/mfbanka.com\/index.php\/wp-json\/wp\/v2\/types\/page"}],"author":[{"embeddable":true,"href":"https:\/\/mfbanka.com\/index.php\/wp-json\/wp\/v2\/users\/1"}],"replies":[{"embeddable":true,"href":"https:\/\/mfbanka.com\/index.php\/wp-json\/wp\/v2\/comments?post=12507"}],"version-history":[{"count":103,"href":"https:\/\/mfbanka.com\/index.php\/wp-json\/wp\/v2\/pages\/12507\/revisions"}],"predecessor-version":[{"id":23998,"href":"https:\/\/mfbanka.com\/index.php\/wp-json\/wp\/v2\/pages\/12507\/revisions\/23998"}],"wp:attachment":[{"href":"https:\/\/mfbanka.com\/index.php\/wp-json\/wp\/v2\/media?parent=12507"}],"curies":[{"name":"wp","href":"https:\/\/api.w.org\/{rel}","templated":true}]}}