{"id":15547,"date":"2022-08-09T12:04:10","date_gmt":"2022-08-09T12:04:10","guid":{"rendered":"https:\/\/mf.aquariushost.net\/?page_id=15547"},"modified":"2022-12-12T14:14:54","modified_gmt":"2022-12-12T14:14:54","slug":"platni-promet-u-zemlji-3","status":"publish","type":"page","link":"https:\/\/mfbanka.com\/index.php\/platni-promet-u-zemlji-3\/","title":{"rendered":"PLATNI PROMET U ZEMLJI"},"content":{"rendered":"\t\t<div data-elementor-type=\"wp-page\" data-elementor-id=\"15547\" class=\"elementor elementor-15547\" data-elementor-settings=\"{&quot;ha_cmc_init_switcher&quot;:&quot;no&quot;}\" data-elementor-post-type=\"page\">\n\t\t\t\t\t\t<section class=\"elementor-section elementor-top-section elementor-element elementor-element-f9c2863 elementor-reverse-tablet elementor-reverse-mobile elementor-section-boxed elementor-section-height-default elementor-section-height-default cmsmasters-block-default\" data-id=\"f9c2863\" data-element_type=\"section\" data-settings=\"{&quot;_ha_eqh_enable&quot;:false}\">\n\t\t\t\t\t\t<div class=\"elementor-container elementor-column-gap-no\">\n\t\t\t\t\t<div class=\"elementor-column elementor-col-50 elementor-top-column elementor-element elementor-element-a90a852\" data-id=\"a90a852\" data-element_type=\"column\" data-settings=\"{&quot;background_background&quot;:&quot;classic&quot;}\">\n\t\t\t<div class=\"elementor-widget-wrap elementor-element-populated\">\n\t\t\t\t\t\t<div class=\"elementor-element elementor-element-a799b7e cmsmasters-block-default cmsmasters-sticky-default elementor-widget elementor-widget-heading\" data-id=\"a799b7e\" data-element_type=\"widget\" data-widget_type=\"heading.default\">\n\t\t\t\t<div class=\"elementor-widget-container\">\n\t\t\t\t\t<h2 class=\"elementor-heading-title elementor-size-default\">Platni promet u zemlji<\/h2>\t\t\t\t<\/div>\n\t\t\t\t<\/div>\n\t\t\t\t<div class=\"elementor-element elementor-element-4ae5288 cmsmasters-block-default cmsmasters-sticky-default elementor-widget elementor-widget-heading\" data-id=\"4ae5288\" data-element_type=\"widget\" data-widget_type=\"heading.default\">\n\t\t\t\t<div class=\"elementor-widget-container\">\n\t\t\t\t\t<p class=\"elementor-heading-title elementor-size-default\">Najbolje rije\u0161enje za obavljanje Va\u0161eg gotovinskog ili bezgotovinskog platnog prometa. Nudimo Vam sljede\u0107e usluge:<\/p>\t\t\t\t<\/div>\n\t\t\t\t<\/div>\n\t\t\t\t\t<\/div>\n\t\t<\/div>\n\t\t\t\t<div class=\"elementor-column elementor-col-50 elementor-top-column elementor-element elementor-element-1b523fe cmsmasters-bg-hide-none cmsmasters-bg-hide-none\" data-id=\"1b523fe\" data-element_type=\"column\" data-settings=\"{&quot;background_background&quot;:&quot;classic&quot;}\">\n\t\t\t<div class=\"elementor-widget-wrap elementor-element-populated\">\n\t\t\t\t\t\t\t<\/div>\n\t\t<\/div>\n\t\t\t\t\t<\/div>\n\t\t<\/section>\n\t\t\t\t<section class=\"elementor-section elementor-top-section elementor-element elementor-element-3f1b0cd elementor-section-boxed elementor-section-height-default elementor-section-height-default cmsmasters-block-default\" data-id=\"3f1b0cd\" data-element_type=\"section\" data-settings=\"{&quot;_ha_eqh_enable&quot;:false}\">\n\t\t\t\t\t\t<div class=\"elementor-container elementor-column-gap-default\">\n\t\t\t\t\t<div class=\"elementor-column elementor-col-33 elementor-top-column elementor-element elementor-element-aac94c0\" data-id=\"aac94c0\" data-element_type=\"column\">\n\t\t\t<div class=\"elementor-widget-wrap elementor-element-populated\">\n\t\t\t\t\t\t<div class=\"elementor-element elementor-element-4783d9a elementor-position-top cmsmasters-block-default cmsmasters-sticky-default elementor-widget elementor-widget-image-box\" data-id=\"4783d9a\" data-element_type=\"widget\" data-widget_type=\"image-box.default\">\n\t\t\t\t<div class=\"elementor-widget-container\">\n\t\t\t\t\t<div class=\"elementor-image-box-wrapper\"><figure class=\"elementor-image-box-img\"><img decoding=\"async\" src=\"https:\/\/mfbanka.com\/wp-content\/uploads\/elementor\/thumbs\/krediti-tamna-rm5zbkso4zjj3olyvyjtq6s5cwycij71bg8s4wrbvs.png\" title=\"krediti tamna\" alt=\"krediti tamna\" loading=\"lazy\" \/><\/figure><div class=\"elementor-image-box-content\"><h3 class=\"elementor-image-box-title\">Ra\u010duni i pla\u0107anja<\/h3><p class=\"elementor-image-box-description\">Otvaranje i vo\u0111enje poslovnih ra\u010duna,\nobavljanje uplata i isplata gotovinom\n<\/p><\/div><\/div>\t\t\t\t<\/div>\n\t\t\t\t<\/div>\n\t\t\t\t\t<\/div>\n\t\t<\/div>\n\t\t\t\t<div class=\"elementor-column elementor-col-33 elementor-top-column elementor-element elementor-element-eac0c60\" data-id=\"eac0c60\" data-element_type=\"column\">\n\t\t\t<div class=\"elementor-widget-wrap elementor-element-populated\">\n\t\t\t\t\t\t<div class=\"elementor-element elementor-element-115f6b7 elementor-position-top cmsmasters-block-default cmsmasters-sticky-default elementor-widget elementor-widget-image-box\" data-id=\"115f6b7\" data-element_type=\"widget\" data-widget_type=\"image-box.default\">\n\t\t\t\t<div class=\"elementor-widget-container\">\n\t\t\t\t\t<div class=\"elementor-image-box-wrapper\"><figure class=\"elementor-image-box-img\"><img decoding=\"async\" src=\"https:\/\/mfbanka.com\/wp-content\/uploads\/elementor\/thumbs\/platni-promet-u-zemlji-tamna-rm5x81hkxa503sbwyt44uqzmt79gy6bklkx2rer9wo.png\" title=\"platni promet u zemlji tamna\" alt=\"platni promet u zemlji tamna\" loading=\"lazy\" \/><\/figure><div class=\"elementor-image-box-content\"><h3 class=\"elementor-image-box-title\">Bezgotovinsko pla\u0107anje<\/h3><p class=\"elementor-image-box-description\">Bezgotovinske transakcije,\npodno\u0161enje na naplatu svih instrumenata platnog prometa\n<\/p><\/div><\/div>\t\t\t\t<\/div>\n\t\t\t\t<\/div>\n\t\t\t\t\t<\/div>\n\t\t<\/div>\n\t\t\t\t<div class=\"elementor-column elementor-col-33 elementor-top-column elementor-element elementor-element-2b3315a\" data-id=\"2b3315a\" data-element_type=\"column\">\n\t\t\t<div class=\"elementor-widget-wrap elementor-element-populated\">\n\t\t\t\t\t\t<div class=\"elementor-element elementor-element-8b801f6 elementor-position-top cmsmasters-block-default cmsmasters-sticky-default elementor-widget elementor-widget-image-box\" data-id=\"8b801f6\" data-element_type=\"widget\" data-widget_type=\"image-box.default\">\n\t\t\t\t<div class=\"elementor-widget-container\">\n\t\t\t\t\t<div class=\"elementor-image-box-wrapper\"><figure class=\"elementor-image-box-img\"><img decoding=\"async\" src=\"https:\/\/mfbanka.com\/wp-content\/uploads\/elementor\/thumbs\/konv-valuta-tamna-rm5xxd912kt4xjjj2r891cwr0yfickv7exq29t7e94.png\" title=\"konv valuta tamna\" alt=\"konv valuta tamna\" loading=\"lazy\" \/><\/figure><div class=\"elementor-image-box-content\"><h3 class=\"elementor-image-box-title\">Prepis naloga i reklamacije<\/h3><p class=\"elementor-image-box-description\">Izvje\u0161tavanje o stanju i promjenama <br> na ra\u010dunu\n<\/p><\/div><\/div>\t\t\t\t<\/div>\n\t\t\t\t<\/div>\n\t\t\t\t\t<\/div>\n\t\t<\/div>\n\t\t\t\t\t<\/div>\n\t\t<\/section>\n\t\t\t\t<section class=\"elementor-section elementor-top-section elementor-element elementor-element-1249056 elementor-section-boxed elementor-section-height-default elementor-section-height-default cmsmasters-block-default\" data-id=\"1249056\" data-element_type=\"section\" data-settings=\"{&quot;background_background&quot;:&quot;classic&quot;,&quot;_ha_eqh_enable&quot;:false}\">\n\t\t\t\t\t\t<div class=\"elementor-container elementor-column-gap-default\">\n\t\t\t\t\t<div class=\"elementor-column elementor-col-100 elementor-top-column elementor-element elementor-element-12a85ed\" data-id=\"12a85ed\" data-element_type=\"column\">\n\t\t\t<div class=\"elementor-widget-wrap elementor-element-populated\">\n\t\t\t\t\t\t<div class=\"elementor-element elementor-element-e8911bd cmsmasters-block-default cmsmasters-sticky-default elementor-widget elementor-widget-heading\" data-id=\"e8911bd\" data-element_type=\"widget\" data-widget_type=\"heading.default\">\n\t\t\t\t<div class=\"elementor-widget-container\">\n\t\t\t\t\t<h2 class=\"elementor-heading-title elementor-size-default\">Otvaranjem transakcijskog ra\u010duna klijentima je omogu\u0107eno<\/h2>\t\t\t\t<\/div>\n\t\t\t\t<\/div>\n\t\t\t\t<section class=\"elementor-section elementor-inner-section elementor-element elementor-element-ab39c6a elementor-section-boxed elementor-section-height-default elementor-section-height-default cmsmasters-block-default\" data-id=\"ab39c6a\" data-element_type=\"section\" data-settings=\"{&quot;_ha_eqh_enable&quot;:false}\">\n\t\t\t\t\t\t<div class=\"elementor-container elementor-column-gap-default\">\n\t\t\t\t\t<div class=\"elementor-column elementor-col-50 elementor-inner-column elementor-element elementor-element-aa5bd9d\" data-id=\"aa5bd9d\" data-element_type=\"column\">\n\t\t\t<div class=\"elementor-widget-wrap elementor-element-populated\">\n\t\t\t\t\t\t<div class=\"elementor-element elementor-element-9387cbe elementor-align-left elementor-icon-list--layout-traditional elementor-list-item-link-full_width cmsmasters-block-default cmsmasters-sticky-default elementor-widget elementor-widget-icon-list\" data-id=\"9387cbe\" data-element_type=\"widget\" data-widget_type=\"icon-list.default\">\n\t\t\t\t<div class=\"elementor-widget-container\">\n\t\t\t\t\t\t\t<ul class=\"elementor-icon-list-items\">\n\t\t\t\t\t\t\t<li class=\"elementor-icon-list-item\">\n\t\t\t\t\t\t\t\t\t\t\t<span class=\"elementor-icon-list-icon\">\n\t\t\t\t\t\t\t<i aria-hidden=\"true\" class=\"far fa-check-circle\"><\/i>\t\t\t\t\t\t<\/span>\n\t\t\t\t\t\t\t\t\t\t<span class=\"elementor-icon-list-text\">Otvaranje i vo\u0111enje transakcijskog ra\u010duna,<\/span>\n\t\t\t\t\t\t\t\t\t<\/li>\n\t\t\t\t\t\t\t\t<li class=\"elementor-icon-list-item\">\n\t\t\t\t\t\t\t\t\t\t\t<span class=\"elementor-icon-list-icon\">\n\t\t\t\t\t\t\t<i aria-hidden=\"true\" class=\"far fa-check-circle\"><\/i>\t\t\t\t\t\t<\/span>\n\t\t\t\t\t\t\t\t\t\t<span class=\"elementor-icon-list-text\">sistem digitalnog bankarstva,<\/span>\n\t\t\t\t\t\t\t\t\t<\/li>\n\t\t\t\t\t\t<\/ul>\n\t\t\t\t\t\t<\/div>\n\t\t\t\t<\/div>\n\t\t\t\t\t<\/div>\n\t\t<\/div>\n\t\t\t\t<div class=\"elementor-column elementor-col-50 elementor-inner-column elementor-element elementor-element-d13affb\" data-id=\"d13affb\" data-element_type=\"column\">\n\t\t\t<div class=\"elementor-widget-wrap elementor-element-populated\">\n\t\t\t\t\t\t<div class=\"elementor-element elementor-element-7fd2226 elementor-align-left elementor-icon-list--layout-traditional elementor-list-item-link-full_width cmsmasters-block-default cmsmasters-sticky-default elementor-widget elementor-widget-icon-list\" data-id=\"7fd2226\" data-element_type=\"widget\" data-widget_type=\"icon-list.default\">\n\t\t\t\t<div class=\"elementor-widget-container\">\n\t\t\t\t\t\t\t<ul class=\"elementor-icon-list-items\">\n\t\t\t\t\t\t\t<li class=\"elementor-icon-list-item\">\n\t\t\t\t\t\t\t\t\t\t\t<span class=\"elementor-icon-list-icon\">\n\t\t\t\t\t\t\t<i aria-hidden=\"true\" class=\"far fa-check-circle\"><\/i>\t\t\t\t\t\t<\/span>\n\t\t\t\t\t\t\t\t\t\t<span class=\"elementor-icon-list-text\">sigurnost i bezbjednost podataka o poslovanju,<\/span>\n\t\t\t\t\t\t\t\t\t<\/li>\n\t\t\t\t\t\t\t\t<li class=\"elementor-icon-list-item\">\n\t\t\t\t\t\t\t\t\t\t\t<span class=\"elementor-icon-list-icon\">\n\t\t\t\t\t\t\t<i aria-hidden=\"true\" class=\"far fa-check-circle\"><\/i>\t\t\t\t\t\t<\/span>\n\t\t\t\t\t\t\t\t\t\t<span class=\"elementor-icon-list-text\">stru\u010dna pomo\u0107 i podr\u0161ka prilikom obavljanja platnog prometa.<\/span>\n\t\t\t\t\t\t\t\t\t<\/li>\n\t\t\t\t\t\t<\/ul>\n\t\t\t\t\t\t<\/div>\n\t\t\t\t<\/div>\n\t\t\t\t\t<\/div>\n\t\t<\/div>\n\t\t\t\t\t<\/div>\n\t\t<\/section>\n\t\t\t\t<div class=\"elementor-element elementor-element-15efcb6 cmsmasters-block-default cmsmasters-sticky-default elementor-widget elementor-widget-text-editor\" data-id=\"15efcb6\" data-element_type=\"widget\" data-widget_type=\"text-editor.default\">\n\t\t\t\t<div class=\"elementor-widget-container\">\n\t\t\t\t\t\t\t\t\t<p>Postoji nekoliko na\u010dina kako mo\u017eete dobiti obavje\u0161tenja o stanju i svim promjenama na ra\u010dunu. Dostava izvoda mo\u017ee biti:<\/p><ul><li>putem e-mail-a,<\/li><li>preuzimanjem u prostorijama banke,<\/li><li>faksom<\/li><\/ul>\t\t\t\t\t\t\t\t<\/div>\n\t\t\t\t<\/div>\n\t\t\t\t\t<\/div>\n\t\t<\/div>\n\t\t\t\t\t<\/div>\n\t\t<\/section>\n\t\t\t\t<section class=\"elementor-section elementor-top-section elementor-element elementor-element-a692511 elementor-section-boxed elementor-section-height-default elementor-section-height-default cmsmasters-block-default\" data-id=\"a692511\" data-element_type=\"section\" data-settings=\"{&quot;background_background&quot;:&quot;classic&quot;,&quot;_ha_eqh_enable&quot;:false}\">\n\t\t\t\t\t\t<div class=\"elementor-container elementor-column-gap-default\">\n\t\t\t\t\t<div class=\"elementor-column elementor-col-100 elementor-top-column elementor-element elementor-element-021b93c\" data-id=\"021b93c\" data-element_type=\"column\">\n\t\t\t<div class=\"elementor-widget-wrap elementor-element-populated\">\n\t\t\t\t\t\t<div class=\"elementor-element elementor-element-f74182a cmsmasters-block-default cmsmasters-sticky-default elementor-widget elementor-widget-heading\" data-id=\"f74182a\" data-element_type=\"widget\" data-widget_type=\"heading.default\">\n\t\t\t\t<div class=\"elementor-widget-container\">\n\t\t\t\t\t<h2 class=\"elementor-heading-title elementor-size-default\">Dokumenti<\/h2>\t\t\t\t<\/div>\n\t\t\t\t<\/div>\n\t\t\t\t<div data-separate-animation-selector=\".elementor-widget-cmsmasters-toggles__item\" data-text-animation-class=\"sequental, random\" class=\"elementor-element elementor-element-70a1ed0 cmsmasters-trigger-icon-view-framed cmsmasters-title-alignment-left cmsmasters-item-icon-position-left cmsmasters-block-default cmsmasters-sticky-default elementor-widget elementor-widget-cmsmasters-toggles cmsmasters-widget-toggles\" data-id=\"70a1ed0\" data-element_type=\"widget\" data-settings=\"{&quot;toggles&quot;:[{&quot;toggle_title&quot;:&quot;Potrebna dokumentacija za otaranje ra\\u010duna za doma\\u0107a pravna lica&quot;,&quot;toggle_content&quot;:&quot;&lt;p&gt;&lt;a href=\\&quot;https:\\\/\\\/mfbanka.com\\\/wp-content\\\/uploads\\\/2022\\\/08\\\/Potrebna-dokumentacija-za-otvaranje-racuna-PL.pdf\\&quot;&gt;Preuzmi dokument&lt;\\\/a&gt;&lt;\\\/p&gt;&quot;,&quot;_id&quot;:&quot;20a7d25&quot;,&quot;content_type&quot;:&quot;toggle-content&quot;,&quot;saved_section&quot;:null,&quot;item_icon&quot;:{&quot;value&quot;:&quot;&quot;,&quot;library&quot;:&quot;&quot;},&quot;toggle_custom_id&quot;:&quot;&quot;},{&quot;toggle_title&quot;:&quot;Zahtjev za otvaranje ra\\u010duna&quot;,&quot;toggle_content&quot;:&quot;&lt;p&gt;&lt;a href=\\&quot;https:\\\/\\\/mfbanka.com\\\/wp-content\\\/uploads\\\/2022\\\/08\\\/ZAHTJEV-ZA-OTVARANJE-RACUNA-PL.pdf\\&quot;&gt;Preuzmi dokument&lt;\\\/a&gt;&lt;\\\/p&gt;&quot;,&quot;_id&quot;:&quot;503989e&quot;,&quot;content_type&quot;:&quot;toggle-content&quot;,&quot;saved_section&quot;:null,&quot;item_icon&quot;:{&quot;value&quot;:&quot;&quot;,&quot;library&quot;:&quot;&quot;},&quot;toggle_custom_id&quot;:&quot;&quot;}],&quot;type&quot;:&quot;accordion&quot;}\" data-widget_type=\"cmsmasters-toggles.default\">\n\t\t\t\t<div class=\"elementor-widget-container\">\n\t\t\t\t\t<div class=\"elementor-widget-cmsmasters-toggles__list\"><div class=\"elementor-widget-cmsmasters-toggles__item\"><h4 id=\"elementor-tab-title-1181\" class=\"elementor-widget-cmsmasters-toggles__title\" data-tab=\"1\" role=\"button\" tabindex=\"0\"><a class=\"elementor-widget-cmsmasters-toggles__title-link cmsmasters_enable_trigger_icon\" href=\"#\" tabindex=\"-1\"><span class=\"elementor-widget-cmsmasters-toggles__title-text\">Potrebna dokumentacija za otaranje ra\u010duna za doma\u0107a pravna lica<\/span><\/a><span class=\"elementor-widget-cmsmasters-toggles__trigger\"><span class=\"elementor-widget-cmsmasters-toggles__trigger-closed\"><i aria-hidden=\"true\" aria-label=\"Closed\" class=\"fas fa-plus\"><\/i><\/span><span class=\"elementor-widget-cmsmasters-toggles__trigger-opened\"><i aria-hidden=\"true\" aria-label=\"Opened\" class=\"fas fa-minus\"><\/i><\/span><\/span><\/h4><div id=\"elementor-widget-cmsmasters-toggles__content-1181\" class=\"elementor-widget-cmsmasters-toggles__content elementor-clearfix\" data-tab=\"1\"><p><a href=\"https:\/\/mfbanka.com\/wp-content\/uploads\/2022\/08\/Potrebna-dokumentacija-za-otvaranje-racuna-PL.pdf\">Preuzmi dokument<\/a><\/p><\/div><\/div><div class=\"elementor-widget-cmsmasters-toggles__item\"><h4 id=\"elementor-tab-title-1182\" class=\"elementor-widget-cmsmasters-toggles__title\" data-tab=\"2\" role=\"button\" tabindex=\"0\"><a class=\"elementor-widget-cmsmasters-toggles__title-link cmsmasters_enable_trigger_icon\" href=\"#\" tabindex=\"-1\"><span class=\"elementor-widget-cmsmasters-toggles__title-text\">Zahtjev za otvaranje ra\u010duna<\/span><\/a><span class=\"elementor-widget-cmsmasters-toggles__trigger\"><span class=\"elementor-widget-cmsmasters-toggles__trigger-closed\"><i aria-hidden=\"true\" aria-label=\"Closed\" class=\"fas fa-plus\"><\/i><\/span><span class=\"elementor-widget-cmsmasters-toggles__trigger-opened\"><i aria-hidden=\"true\" aria-label=\"Opened\" class=\"fas fa-minus\"><\/i><\/span><\/span><\/h4><div id=\"elementor-widget-cmsmasters-toggles__content-1182\" class=\"elementor-widget-cmsmasters-toggles__content elementor-clearfix\" data-tab=\"2\"><p><a href=\"https:\/\/mfbanka.com\/wp-content\/uploads\/2022\/08\/ZAHTJEV-ZA-OTVARANJE-RACUNA-PL.pdf\">Preuzmi dokument<\/a><\/p><\/div><\/div><\/div>\t\t\t\t<\/div>\n\t\t\t\t<\/div>\n\t\t\t\t\t<\/div>\n\t\t<\/div>\n\t\t\t\t\t<\/div>\n\t\t<\/section>\n\t\t\t\t<\/div>\n\t\t","protected":false},"excerpt":{"rendered":"<p>Platni promet u zemlji Najbolje rije\u0161enje za obavljanje Va\u0161eg gotovinskog ili bezgotovinskog platnog prometa. Nudimo Vam sljede\u0107e usluge: Ra\u010duni i pla\u0107anja Otvaranje i vo\u0111enje poslovnih ra\u010duna, obavljanje uplata i isplata gotovinom Bezgotovinsko pla\u0107anje Bezgotovinske transakcije, podno\u0161enje na naplatu svih instrumenata platnog prometa Prepis naloga i reklamacije Izvje\u0161tavanje o stanju i promjenama na ra\u010dunu Otvaranjem transakcijskog&#8230;<\/p>\n","protected":false},"author":1,"featured_media":0,"parent":0,"menu_order":0,"comment_status":"closed","ping_status":"closed","template":"","meta":{"inline_featured_image":false,"footnotes":""},"class_list":["post-15547","page","type-page","status-publish","hentry"],"_links":{"self":[{"href":"https:\/\/mfbanka.com\/index.php\/wp-json\/wp\/v2\/pages\/15547","targetHints":{"allow":["GET"]}}],"collection":[{"href":"https:\/\/mfbanka.com\/index.php\/wp-json\/wp\/v2\/pages"}],"about":[{"href":"https:\/\/mfbanka.com\/index.php\/wp-json\/wp\/v2\/types\/page"}],"author":[{"embeddable":true,"href":"https:\/\/mfbanka.com\/index.php\/wp-json\/wp\/v2\/users\/1"}],"replies":[{"embeddable":true,"href":"https:\/\/mfbanka.com\/index.php\/wp-json\/wp\/v2\/comments?post=15547"}],"version-history":[{"count":0,"href":"https:\/\/mfbanka.com\/index.php\/wp-json\/wp\/v2\/pages\/15547\/revisions"}],"wp:attachment":[{"href":"https:\/\/mfbanka.com\/index.php\/wp-json\/wp\/v2\/media?parent=15547"}],"curies":[{"name":"wp","href":"https:\/\/api.w.org\/{rel}","templated":true}]}}