{"id":15603,"date":"2022-08-09T13:12:55","date_gmt":"2022-08-09T13:12:55","guid":{"rendered":"https:\/\/mf.aquariushost.net\/?page_id=15603"},"modified":"2024-07-30T06:39:51","modified_gmt":"2024-07-30T06:39:51","slug":"kliring","status":"publish","type":"page","link":"https:\/\/mfbanka.com\/index.php\/kliring\/","title":{"rendered":"KLIRING"},"content":{"rendered":"\t\t<div data-elementor-type=\"wp-page\" data-elementor-id=\"15603\" class=\"elementor elementor-15603\" data-elementor-settings=\"{&quot;ha_cmc_init_switcher&quot;:&quot;no&quot;}\" data-elementor-post-type=\"page\">\n\t\t\t\t\t\t<section class=\"elementor-section elementor-top-section elementor-element elementor-element-f9c2863 elementor-reverse-tablet elementor-reverse-mobile elementor-section-boxed elementor-section-height-default elementor-section-height-default cmsmasters-block-default\" data-id=\"f9c2863\" data-element_type=\"section\" data-settings=\"{&quot;_ha_eqh_enable&quot;:false}\">\n\t\t\t\t\t\t<div class=\"elementor-container elementor-column-gap-no\">\n\t\t\t\t\t<div class=\"elementor-column elementor-col-50 elementor-top-column elementor-element elementor-element-a90a852\" data-id=\"a90a852\" data-element_type=\"column\" data-settings=\"{&quot;background_background&quot;:&quot;classic&quot;}\">\n\t\t\t<div class=\"elementor-widget-wrap elementor-element-populated\">\n\t\t\t\t\t\t<div class=\"elementor-element elementor-element-a799b7e cmsmasters-block-default cmsmasters-sticky-default elementor-widget elementor-widget-heading\" data-id=\"a799b7e\" data-element_type=\"widget\" data-widget_type=\"heading.default\">\n\t\t\t\t<div class=\"elementor-widget-container\">\n\t\t\t\t\t<h2 class=\"elementor-heading-title elementor-size-default\">Kliring<\/h2>\t\t\t\t<\/div>\n\t\t\t\t<\/div>\n\t\t\t\t<div class=\"elementor-element elementor-element-4ae5288 cmsmasters-block-default cmsmasters-sticky-default elementor-widget elementor-widget-heading\" data-id=\"4ae5288\" data-element_type=\"widget\" data-widget_type=\"heading.default\">\n\t\t\t\t<div class=\"elementor-widget-container\">\n\t\t\t\t\t<p class=\"elementor-heading-title elementor-size-default\">Pla\u0107ajte prema Srbiji i Crnoj Gori uz minimalne fiksne tro\u0161kove. MF banka je uklju\u010dena u me\u0111unarodni kliring, koji se obavlja na osnovu potpisanog sporazuma izme\u0111u Centralne banke BiH i   Narodne banke\n              Srbije,  potpisanog  sporazuma izme\u0111u Centralne banke BiH  i Centralne banke Crne Gore.\n<\/p>\t\t\t\t<\/div>\n\t\t\t\t<\/div>\n\t\t\t\t<div class=\"elementor-element elementor-element-bb9d801 elementor-icon-list--layout-traditional elementor-list-item-link-full_width cmsmasters-block-default cmsmasters-sticky-default elementor-widget elementor-widget-icon-list\" data-id=\"bb9d801\" data-element_type=\"widget\" data-widget_type=\"icon-list.default\">\n\t\t\t\t<div class=\"elementor-widget-container\">\n\t\t\t\t\t\t\t<ul class=\"elementor-icon-list-items\">\n\t\t\t\t\t\t\t<li class=\"elementor-icon-list-item\">\n\t\t\t\t\t\t\t\t\t\t\t<a href=\"https:\/\/mfbanka.com\/wp-content\/uploads\/2024\/07\/Spisak-banaka-Medjunarodni-kliring.pdf\">\n\n\t\t\t\t\t\t\t\t\t\t\t\t<span class=\"elementor-icon-list-icon\">\n\t\t\t\t\t\t\t<svg xmlns=\"http:\/\/www.w3.org\/2000\/svg\" viewBox=\"0 0 158.42 158.42\"><defs><style>.cls-1{fill:#014380;}.cls-2{fill:#fff;}.cls-3{fill:#0061ba;}<\/style><\/defs><g id=\"Layer_2\" data-name=\"Layer 2\"><g id=\"Layer_1-2\" data-name=\"Layer 1\"><circle class=\"cls-1\" cx=\"79.21\" cy=\"79.21\" r=\"79.21\"><\/circle><path class=\"cls-1\" d=\"M109.64,78.55A29.92,29.92,0,1,1,79.72,48.63a29.92,29.92,0,0,1,29.92,29.92Z\"><\/path><path class=\"cls-1\" d=\"M53.12,40.15,53,113.56a1.18,1.18,0,0,1,1.12.32l2.48,2.48L59,113.89a1.19,1.19,0,0,1,.84-.35h0a1.22,1.22,0,0,1,.84.35l2.47,2.48,2.48-2.47a1.1,1.1,0,0,1,.84-.34,1.15,1.15,0,0,1,.84.35l2.47,2.48,2.48-2.47a1.19,1.19,0,0,1,1.68,0l2.47,2.48,2.48-2.47a1.19,1.19,0,0,1,1.68,0l2.48,2.48L85.57,114a1.19,1.19,0,0,1,1.68,0l2.47,2.48L92.2,114a1.18,1.18,0,0,1,.84-.34h0a1.16,1.16,0,0,1,.84.35l2.47,2.48L98.83,114a1.18,1.18,0,0,1,1.68,0l2.47,2.48,2.48-2.47a1.21,1.21,0,0,1,.84-.34h0l.17-73.38-53.37-.12Z\"><\/path><path class=\"cls-2\" d=\"M97.15,87.92l-30.83-.07V85.39l30.84.06v2.47Zm1.2-4.84L65.14,83h0a1.18,1.18,0,0,0-.84.34,1.22,1.22,0,0,0-.35.84V89a1.2,1.2,0,0,0,1.18,1.19l33.22.07h0a1.19,1.19,0,0,0,1.19-1.19V84.27a1.21,1.21,0,0,0-.35-.84,1.19,1.19,0,0,0-.84-.35Z\"><\/path><path class=\"cls-2\" d=\"M81.9,52.87l15.33.06V55.4L81.9,55.33V52.87Zm-1.19,4.84,17.7.07h0a1.15,1.15,0,0,0,.84-.35,1.19,1.19,0,0,0,.35-.84V51.75a1.19,1.19,0,0,0-1.18-1.19l-17.71-.07h0a1.18,1.18,0,0,0-1.19,1.18v4.85a1.2,1.2,0,0,0,1.19,1.19Z\"><\/path><path class=\"cls-2\" d=\"M97.18,77.08,66.34,77V74.54l30.83.07v2.47Zm1.2-4.84-33.22-.07h0A1.19,1.19,0,0,0,64,73.35V78.2a1.2,1.2,0,0,0,1.19,1.19l33.21.07h0a1.19,1.19,0,0,0,1.19-1.19V73.43a1.2,1.2,0,0,0-.34-.84,1.22,1.22,0,0,0-.84-.35Z\"><\/path><path class=\"cls-2\" d=\"M81.9,63.71l15.31.06v2.47l-15.3-.07V63.71Zm-1.19,4.84,17.67.07h0a1.14,1.14,0,0,0,.83-.35,1.2,1.2,0,0,0,.36-.84V62.59A1.19,1.19,0,0,0,98.4,61.4l-17.68-.07a1.18,1.18,0,0,0-.85.34,1.22,1.22,0,0,0-.35.84v4.85a1.2,1.2,0,0,0,1.19,1.19Z\"><\/path><polygon class=\"cls-3\" points=\"97.15 87.92 66.32 87.85 66.32 85.39 97.16 85.45 97.15 87.92 97.15 87.92\"><\/polygon><polygon class=\"cls-3\" points=\"81.9 52.87 97.23 52.93 97.23 55.4 81.9 55.34 81.9 52.87 81.9 52.87\"><\/polygon><polygon class=\"cls-3\" points=\"97.18 77.08 66.34 77.01 66.35 74.55 97.18 74.61 97.18 77.08 97.18 77.08\"><\/polygon><polygon class=\"cls-3\" points=\"81.9 63.71 97.21 63.77 97.2 66.24 81.9 66.17 81.9 63.71 81.9 63.71\"><\/polygon><path class=\"cls-2\" d=\"M53.12,40.15l53.37.12-.17,73.38h0a1.21,1.21,0,0,0-.84.34L103,116.46,100.51,114a1.18,1.18,0,0,0-1.68,0l-2.48,2.47L93.88,114a1.16,1.16,0,0,0-.84-.35h0a1.18,1.18,0,0,0-.84.34l-2.48,2.47L87.25,114a1.19,1.19,0,0,0-1.68,0l-2.48,2.47-2.48-2.48a1.19,1.19,0,0,0-1.68,0l-2.48,2.47L74,113.92a1.19,1.19,0,0,0-1.68,0l-2.48,2.47-2.47-2.48a1.15,1.15,0,0,0-.84-.35,1.1,1.1,0,0,0-.84.34l-2.48,2.47-2.47-2.48a1.22,1.22,0,0,0-.84-.35h0a1.19,1.19,0,0,0-.84.35l-2.48,2.47-2.48-2.48a1.18,1.18,0,0,0-1.12-.32l.16-73.41ZM52.6,117l.64-.64,2.47,2.49a1.19,1.19,0,0,0,.84.35h0a1.19,1.19,0,0,0,.84-.35l2.48-2.47,2.47,2.48a1.21,1.21,0,0,0,.84.35h0a1.18,1.18,0,0,0,.84-.34l2.48-2.48L69,118.91a1.22,1.22,0,0,0,.84.35h0a1.18,1.18,0,0,0,.83-.35l2.49-2.47,2.47,2.48a1.18,1.18,0,0,0,1.68,0l2.48-2.47,2.47,2.49a1.2,1.2,0,0,0,1.68,0l2.48-2.47L88.87,119a1.18,1.18,0,0,0,1.68,0L93,116.48,95.5,119a1.21,1.21,0,0,0,1.68,0l2.49-2.47,2.47,2.48a1.18,1.18,0,0,0,.84.35,1.22,1.22,0,0,0,.84-.35l2.48-2.47.36.37a1.19,1.19,0,0,0,2-.84l.17-76.95a1.22,1.22,0,0,0-.34-.85,1.25,1.25,0,0,0-.84-.35l-55.74-.12h0A1.19,1.19,0,0,0,50.75,39l-.17,77.22a1.19,1.19,0,0,0,2,.85Z\"><\/path><path class=\"cls-2\" d=\"M63.16,54.39a2,2,0,0,1-.72-.75,2.4,2.4,0,0,1-.26-1.16,2.3,2.3,0,0,1,2-2.41l0,4.79a6.27,6.27,0,0,1-1-.47Zm6.15,5.86a2.05,2.05,0,0,1,.84.81,2.67,2.67,0,0,1,.3,1.29c0,1.55-.9,2.48-2.72,2.8l0-5.51a8.36,8.36,0,0,1,1.62.61Zm-7.87,1.42-4,.78A7.29,7.29,0,0,0,59.93,67a8.38,8.38,0,0,0,4.37,1.5l0,1.8,3.45,0,0-1.82a8.79,8.79,0,0,0,4.93-1.71,5.4,5.4,0,0,0,1.89-4.47,5.85,5.85,0,0,0-1.19-3.71,7.11,7.11,0,0,0-3.51-2.22c-1-.31-1.73-.52-2.22-.64l0-5.53a2.86,2.86,0,0,1,1.2.73A4.12,4.12,0,0,1,69.75,53l4.19-.66a8.92,8.92,0,0,0-1.4-3.18,5.31,5.31,0,0,0-2.25-1.68,8.91,8.91,0,0,0-2.71-.58l0-2.73-3.45,0,0,2.74a8.17,8.17,0,0,0-4.32,1.54A4.93,4.93,0,0,0,58,52.58a6,6,0,0,0,.74,3,5.7,5.7,0,0,0,2,2,12.27,12.27,0,0,0,3.43,1.25l0,6.26a3.64,3.64,0,0,1-1.62-.81,4.5,4.5,0,0,1-1.22-2.62Z\"><\/path><\/g><\/g><\/svg>\t\t\t\t\t\t<\/span>\n\t\t\t\t\t\t\t\t\t\t<span class=\"elementor-icon-list-text\">Spisak banaka Me\u0111unarodni kliring<\/span>\n\t\t\t\t\t\t\t\t\t\t\t<\/a>\n\t\t\t\t\t\t\t\t\t<\/li>\n\t\t\t\t\t\t<\/ul>\n\t\t\t\t\t\t<\/div>\n\t\t\t\t<\/div>\n\t\t\t\t\t<\/div>\n\t\t<\/div>\n\t\t\t\t<div class=\"elementor-column elementor-col-50 elementor-top-column elementor-element elementor-element-1b523fe cmsmasters-bg-hide-none cmsmasters-bg-hide-none\" data-id=\"1b523fe\" data-element_type=\"column\" data-settings=\"{&quot;background_background&quot;:&quot;classic&quot;}\">\n\t\t\t<div class=\"elementor-widget-wrap elementor-element-populated\">\n\t\t\t\t\t\t\t<\/div>\n\t\t<\/div>\n\t\t\t\t\t<\/div>\n\t\t<\/section>\n\t\t\t\t<section class=\"elementor-section elementor-top-section elementor-element elementor-element-3f1b0cd elementor-section-boxed elementor-section-height-default elementor-section-height-default cmsmasters-block-default\" data-id=\"3f1b0cd\" data-element_type=\"section\" data-settings=\"{&quot;_ha_eqh_enable&quot;:false}\">\n\t\t\t\t\t\t<div class=\"elementor-container elementor-column-gap-default\">\n\t\t\t\t\t<div class=\"elementor-column elementor-col-33 elementor-top-column elementor-element elementor-element-aac94c0\" data-id=\"aac94c0\" data-element_type=\"column\">\n\t\t\t<div class=\"elementor-widget-wrap elementor-element-populated\">\n\t\t\t\t\t\t<div class=\"elementor-element elementor-element-4783d9a elementor-position-top cmsmasters-block-default cmsmasters-sticky-default elementor-widget elementor-widget-image-box\" data-id=\"4783d9a\" data-element_type=\"widget\" data-widget_type=\"image-box.default\">\n\t\t\t\t<div class=\"elementor-widget-container\">\n\t\t\t\t\t<div class=\"elementor-image-box-wrapper\"><figure class=\"elementor-image-box-img\"><img decoding=\"async\" src=\"https:\/\/mfbanka.com\/wp-content\/uploads\/elementor\/thumbs\/krediti-tamna-r9weuftarkray39u2qwegbko6qetjoi5qef7pzuga0.png\" title=\"krediti tamna\" alt=\"krediti tamna\" loading=\"lazy\" \/><\/figure><div class=\"elementor-image-box-content\"><h3 class=\"elementor-image-box-title\">Provizija<\/h3><p class=\"elementor-image-box-description\">Fiksna i minimalna provizija u iznosu 20 KM bez obzira na iznos transfera<\/p><\/div><\/div>\t\t\t\t<\/div>\n\t\t\t\t<\/div>\n\t\t\t\t\t<\/div>\n\t\t<\/div>\n\t\t\t\t<div class=\"elementor-column elementor-col-33 elementor-top-column elementor-element elementor-element-eac0c60\" data-id=\"eac0c60\" data-element_type=\"column\">\n\t\t\t<div class=\"elementor-widget-wrap elementor-element-populated\">\n\t\t\t\t\t\t<div class=\"elementor-element elementor-element-115f6b7 elementor-position-top cmsmasters-block-default cmsmasters-sticky-default elementor-widget elementor-widget-image-box\" data-id=\"115f6b7\" data-element_type=\"widget\" data-widget_type=\"image-box.default\">\n\t\t\t\t<div class=\"elementor-widget-container\">\n\t\t\t\t\t<div class=\"elementor-image-box-wrapper\"><figure class=\"elementor-image-box-img\"><img decoding=\"async\" src=\"https:\/\/mfbanka.com\/wp-content\/uploads\/elementor\/thumbs\/kursna-lista-tamna-r9weuftarkray39u2qwegbko6qetjoi5qef7pzuga0.png\" title=\"kursna lista tamna\" alt=\"kursna lista tamna\" loading=\"lazy\" \/><\/figure><div class=\"elementor-image-box-content\"><h3 class=\"elementor-image-box-title\">Realizacija<\/h3><p class=\"elementor-image-box-description\">Obrada i izvr\u0161avanje transfera isti dan, ili u najkra\u0107em mogu\u0107em roku<\/p><\/div><\/div>\t\t\t\t<\/div>\n\t\t\t\t<\/div>\n\t\t\t\t\t<\/div>\n\t\t<\/div>\n\t\t\t\t<div class=\"elementor-column elementor-col-33 elementor-top-column elementor-element elementor-element-2b3315a\" data-id=\"2b3315a\" data-element_type=\"column\">\n\t\t\t<div class=\"elementor-widget-wrap elementor-element-populated\">\n\t\t\t\t\t\t<div class=\"elementor-element elementor-element-8b801f6 elementor-position-top cmsmasters-block-default cmsmasters-sticky-default elementor-widget elementor-widget-image-box\" data-id=\"8b801f6\" data-element_type=\"widget\" data-widget_type=\"image-box.default\">\n\t\t\t\t<div class=\"elementor-widget-container\">\n\t\t\t\t\t<div class=\"elementor-image-box-wrapper\"><figure class=\"elementor-image-box-img\"><img decoding=\"async\" src=\"https:\/\/mfbanka.com\/wp-content\/uploads\/elementor\/thumbs\/konv-valuta-tamna-r9weuftarkray39u2qwegbko6qetjoi5qef7pzuga0.png\" title=\"konv valuta tamna\" alt=\"konv valuta tamna\" loading=\"lazy\" \/><\/figure><div class=\"elementor-image-box-content\"><h3 class=\"elementor-image-box-title\">U\u0161teda<\/h3><p class=\"elementor-image-box-description\">Minimalni tro\u0161kovi, kako za Vas, tako i za Va\u0161e poslovne partnere<\/p><\/div><\/div>\t\t\t\t<\/div>\n\t\t\t\t<\/div>\n\t\t\t\t\t<\/div>\n\t\t<\/div>\n\t\t\t\t\t<\/div>\n\t\t<\/section>\n\t\t\t\t<section class=\"elementor-section elementor-top-section elementor-element elementor-element-a692511 elementor-section-boxed elementor-section-height-default elementor-section-height-default cmsmasters-block-default\" data-id=\"a692511\" data-element_type=\"section\" data-settings=\"{&quot;background_background&quot;:&quot;classic&quot;,&quot;_ha_eqh_enable&quot;:false}\">\n\t\t\t\t\t\t<div class=\"elementor-container elementor-column-gap-default\">\n\t\t\t\t\t<div class=\"elementor-column elementor-col-100 elementor-top-column elementor-element elementor-element-021b93c\" data-id=\"021b93c\" data-element_type=\"column\">\n\t\t\t<div class=\"elementor-widget-wrap elementor-element-populated\">\n\t\t\t\t\t\t<div class=\"elementor-element elementor-element-f74182a cmsmasters-block-default cmsmasters-sticky-default elementor-widget elementor-widget-heading\" data-id=\"f74182a\" data-element_type=\"widget\" data-widget_type=\"heading.default\">\n\t\t\t\t<div class=\"elementor-widget-container\">\n\t\t\t\t\t<h2 class=\"elementor-heading-title elementor-size-default\">Me\u0111unarodni kliring je mogu\u0107 ukoliko je:\n\n<\/h2>\t\t\t\t<\/div>\n\t\t\t\t<\/div>\n\t\t\t\t<div class=\"elementor-element elementor-element-bbcd95d elementor-align-left elementor-icon-list--layout-traditional elementor-list-item-link-full_width cmsmasters-block-default cmsmasters-sticky-default elementor-widget elementor-widget-icon-list\" data-id=\"bbcd95d\" data-element_type=\"widget\" data-widget_type=\"icon-list.default\">\n\t\t\t\t<div class=\"elementor-widget-container\">\n\t\t\t\t\t\t\t<ul class=\"elementor-icon-list-items\">\n\t\t\t\t\t\t\t<li class=\"elementor-icon-list-item\">\n\t\t\t\t\t\t\t\t\t\t<span class=\"elementor-icon-list-text\">Banka korisnika u Republici Srbiji uklju\u010dena u kliring<\/span>\n\t\t\t\t\t\t\t\t\t<\/li>\n\t\t\t\t\t\t\t\t<li class=\"elementor-icon-list-item\">\n\t\t\t\t\t\t\t\t\t\t<span class=\"elementor-icon-list-text\">Nalog za pla\u0107anje ispostavljen u EUR (isklju\u010divo)<\/span>\n\t\t\t\t\t\t\t\t\t<\/li>\n\t\t\t\t\t\t\t\t<li class=\"elementor-icon-list-item\">\n\t\t\t\t\t\t\t\t\t\t<span class=\"elementor-icon-list-text\">Nalog za pla\u0107anje ispostavljen do 12:30h<\/span>\n\t\t\t\t\t\t\t\t\t<\/li>\n\t\t\t\t\t\t<\/ul>\n\t\t\t\t\t\t<\/div>\n\t\t\t\t<\/div>\n\t\t\t\t\t<\/div>\n\t\t<\/div>\n\t\t\t\t\t<\/div>\n\t\t<\/section>\n\t\t\t\t<\/div>\n\t\t","protected":false},"excerpt":{"rendered":"<p>Kliring Pla\u0107ajte prema Srbiji i Crnoj Gori uz minimalne fiksne tro\u0161kove. MF banka je uklju\u010dena u me\u0111unarodni kliring, koji se obavlja na osnovu potpisanog sporazuma izme\u0111u Centralne banke BiH i Narodne banke Srbije, potpisanog sporazuma izme\u0111u Centralne banke BiH i Centralne banke Crne Gore. Spisak banaka Me\u0111unarodni kliring Provizija Fiksna i minimalna provizija u iznosu&#8230;<\/p>\n","protected":false},"author":1,"featured_media":0,"parent":0,"menu_order":0,"comment_status":"closed","ping_status":"closed","template":"","meta":{"inline_featured_image":false,"footnotes":""},"class_list":["post-15603","page","type-page","status-publish","hentry"],"_links":{"self":[{"href":"https:\/\/mfbanka.com\/index.php\/wp-json\/wp\/v2\/pages\/15603","targetHints":{"allow":["GET"]}}],"collection":[{"href":"https:\/\/mfbanka.com\/index.php\/wp-json\/wp\/v2\/pages"}],"about":[{"href":"https:\/\/mfbanka.com\/index.php\/wp-json\/wp\/v2\/types\/page"}],"author":[{"embeddable":true,"href":"https:\/\/mfbanka.com\/index.php\/wp-json\/wp\/v2\/users\/1"}],"replies":[{"embeddable":true,"href":"https:\/\/mfbanka.com\/index.php\/wp-json\/wp\/v2\/comments?post=15603"}],"version-history":[{"count":4,"href":"https:\/\/mfbanka.com\/index.php\/wp-json\/wp\/v2\/pages\/15603\/revisions"}],"predecessor-version":[{"id":21834,"href":"https:\/\/mfbanka.com\/index.php\/wp-json\/wp\/v2\/pages\/15603\/revisions\/21834"}],"wp:attachment":[{"href":"https:\/\/mfbanka.com\/index.php\/wp-json\/wp\/v2\/media?parent=15603"}],"curies":[{"name":"wp","href":"https:\/\/api.w.org\/{rel}","templated":true}]}}