{"id":15624,"date":"2022-08-09T13:33:50","date_gmt":"2022-08-09T13:33:50","guid":{"rendered":"https:\/\/mf.aquariushost.net\/?page_id=15624"},"modified":"2024-11-19T07:41:01","modified_gmt":"2024-11-19T07:41:01","slug":"freelance","status":"publish","type":"page","link":"https:\/\/mfbanka.com\/index.php\/freelance\/","title":{"rendered":"FREELANCE"},"content":{"rendered":"\t\t<div data-elementor-type=\"wp-page\" data-elementor-id=\"15624\" class=\"elementor elementor-15624\" data-elementor-settings=\"{&quot;ha_cmc_init_switcher&quot;:&quot;no&quot;}\" data-elementor-post-type=\"page\">\n\t\t\t\t\t\t<section class=\"elementor-section elementor-top-section elementor-element elementor-element-cf7323d elementor-reverse-tablet elementor-reverse-mobile elementor-section-boxed elementor-section-height-default elementor-section-height-default cmsmasters-block-default\" data-id=\"cf7323d\" data-element_type=\"section\" data-settings=\"{&quot;_ha_eqh_enable&quot;:false}\">\n\t\t\t\t\t\t<div class=\"elementor-container elementor-column-gap-no\">\n\t\t\t\t\t<div class=\"elementor-column elementor-col-50 elementor-top-column elementor-element elementor-element-bac7c0a\" data-id=\"bac7c0a\" data-element_type=\"column\" data-settings=\"{&quot;background_background&quot;:&quot;classic&quot;}\">\n\t\t\t<div class=\"elementor-widget-wrap elementor-element-populated\">\n\t\t\t\t\t\t<div class=\"elementor-element elementor-element-82d8c9e cmsmasters-block-default cmsmasters-sticky-default elementor-widget elementor-widget-heading\" data-id=\"82d8c9e\" data-element_type=\"widget\" data-widget_type=\"heading.default\">\n\t\t\t\t<div class=\"elementor-widget-container\">\n\t\t\t\t\t<h2 class=\"elementor-heading-title elementor-size-default\">Freelance<\/h2>\t\t\t\t<\/div>\n\t\t\t\t<\/div>\n\t\t\t\t<div class=\"elementor-element elementor-element-bec97f0 cmsmasters-block-default cmsmasters-sticky-default elementor-widget elementor-widget-heading\" data-id=\"bec97f0\" data-element_type=\"widget\" data-widget_type=\"heading.default\">\n\t\t\t\t<div class=\"elementor-widget-container\">\n\t\t\t\t\t<p class=\"elementor-heading-title elementor-size-default\">Bilo da ste fizi\u010dko lice ili registrovani samostalni preduzetnik (SP), prilivi novca koje ostvarujete putem PayPal sistema i deviznih ra\u010duna ne\u0107e Vam vi\u0161e stvarati glavobolju. Izaberite paket po svojoj mjeri i \u2013 NO STRESS, FREELANCE!<\/p>\t\t\t\t<\/div>\n\t\t\t\t<\/div>\n\t\t\t\t\t<\/div>\n\t\t<\/div>\n\t\t\t\t<div class=\"elementor-column elementor-col-50 elementor-top-column elementor-element elementor-element-2e918c2 cmsmasters-bg-hide-none cmsmasters-bg-hide-none\" data-id=\"2e918c2\" data-element_type=\"column\" data-settings=\"{&quot;background_background&quot;:&quot;classic&quot;}\">\n\t\t\t<div class=\"elementor-widget-wrap elementor-element-populated\">\n\t\t\t\t\t\t\t<\/div>\n\t\t<\/div>\n\t\t\t\t\t<\/div>\n\t\t<\/section>\n\t\t\t\t<section class=\"elementor-section elementor-top-section elementor-element elementor-element-4aebf92 elementor-section-boxed elementor-section-height-default elementor-section-height-default cmsmasters-block-default\" data-id=\"4aebf92\" data-element_type=\"section\" data-settings=\"{&quot;_ha_eqh_enable&quot;:false}\">\n\t\t\t\t\t\t<div class=\"elementor-container elementor-column-gap-default\">\n\t\t\t\t\t<div class=\"elementor-column elementor-col-100 elementor-top-column elementor-element elementor-element-bffd46a\" data-id=\"bffd46a\" data-element_type=\"column\">\n\t\t\t<div class=\"elementor-widget-wrap elementor-element-populated\">\n\t\t\t\t\t\t<div class=\"elementor-element elementor-element-78be3f1 cmsmasters-block-default cmsmasters-sticky-default elementor-widget elementor-widget-heading\" data-id=\"78be3f1\" data-element_type=\"widget\" data-widget_type=\"heading.default\">\n\t\t\t\t<div class=\"elementor-widget-container\">\n\t\t\t\t\t<h2 class=\"elementor-heading-title elementor-size-default\">Novi paketi specifi\u010dno dizajnirani za freelancere koji posluju sa inostranstvom. Vi ka\u017eete \u201eno office\u201c \u2013 mi ka\u017eemo \u201eno problem\u201c!<\/h2>\t\t\t\t<\/div>\n\t\t\t\t<\/div>\n\t\t\t\t\t<\/div>\n\t\t<\/div>\n\t\t\t\t\t<\/div>\n\t\t<\/section>\n\t\t\t\t<section class=\"elementor-section elementor-top-section elementor-element elementor-element-4999ce8 elementor-section-boxed elementor-section-height-default elementor-section-height-default cmsmasters-block-default\" data-id=\"4999ce8\" data-element_type=\"section\" data-settings=\"{&quot;_ha_eqh_enable&quot;:&quot;yes&quot;,&quot;_ha_eqh_widget&quot;:[&quot;ha-pricing-table&quot;],&quot;_ha_eqh_to&quot;:&quot;widget&quot;,&quot;_ha_eqh_disable_on_tablet&quot;:&quot;no&quot;,&quot;_ha_eqh_disable_on_mobile&quot;:&quot;yes&quot;}\">\n\t\t\t\t\t\t<div class=\"elementor-container elementor-column-gap-default\">\n\t\t\t\t\t<div class=\"elementor-column elementor-col-50 elementor-top-column elementor-element elementor-element-9fda28b\" data-id=\"9fda28b\" data-element_type=\"column\">\n\t\t\t<div class=\"elementor-widget-wrap elementor-element-populated\">\n\t\t\t\t\t\t<div class=\"elementor-element elementor-element-a352dc4 cmsmasters-block-default cmsmasters-sticky-default elementor-widget elementor-widget-ha-pricing-table happy-addon ha-pricing-table\" data-id=\"a352dc4\" data-element_type=\"widget\" data-widget_type=\"ha-pricing-table.default\">\n\t\t\t\t<div class=\"elementor-widget-container\">\n\t\t\t\t\t\n\t\t\t\t\t<span class=\"ha-pricing-table-badge ha-pricing-table-badge--left\">Free paket  <\/span>\n\t\t\n\t\t<div class=\"ha-pricing-table-header\">\n\t\t\t\t\t\t\t<h2 class=\"ha-pricing-table-title\">Uz ovaj paket, budite potpuno free da bez brige obavljate transakcije sa zemljom i inostranstvom.<\/h2>\t\t\t\t\t<\/div>\n\t\t<div class=\"ha-pricing-table-price\">\n\t\t\t<div class=\"ha-pricing-table-price-tag\"><span class=\"ha-pricing-table-currency\"><\/span><span class=\"ha-pricing-table-price-text\">8,50 KM<\/span><\/div>\n\t\t\t\t\t<\/div>\n\t\t<div class=\"ha-pricing-table-body\">\n\t\t\t\t\t\t\t<h4 class=\"ha-pricing-table-features-title\">Paket uklju\u010duje:<\/h4>\t\t\t\n\t\t\t\t\t\t\t<ul class=\"ha-pricing-table-features-list\">\n\t\t\t\t\t\t\t\t\t\t\t<li class=\"elementor-repeater-item-a652290\">\n\t\t\t\t\t\t\t<i class=\"fas fa-check\"><\/i>\t\t\t\t\t\t\t<div class=\"ha-pricing-table-feature-text\">otvaranje i mjese\u010dno odr\u017eavanje KM i deviznog ra\u010duna,<\/div>\n\t\t\t\t\t\t<\/li>\n\t\t\t\t\t\t\t\t\t\t\t<li class=\"elementor-repeater-item-9c72ec0\">\n\t\t\t\t\t\t\t<i class=\"fas fa-check\"><\/i>\t\t\t\t\t\t\t<div class=\"ha-pricing-table-feature-text\">SMS uslugu,<\/div>\n\t\t\t\t\t\t<\/li>\n\t\t\t\t\t\t\t\t\t\t\t<li class=\"elementor-repeater-item-1164539\">\n\t\t\t\t\t\t\t<i class=\"fas fa-check\"><\/i>\t\t\t\t\t\t\t<div class=\"ha-pricing-table-feature-text\">dostavljanje izvoda putem emaila,\n<\/div>\n\t\t\t\t\t\t<\/li>\n\t\t\t\t\t\t\t\t\t\t\t<li class=\"elementor-repeater-item-b789ca0\">\n\t\t\t\t\t\t\t<i class=\"fas fa-check\"><\/i>\t\t\t\t\t\t\t<div class=\"ha-pricing-table-feature-text\">Visa internet debitnu karticu,<\/div>\n\t\t\t\t\t\t<\/li>\n\t\t\t\t\t\t\t\t\t\t\t<li class=\"elementor-repeater-item-8dba6f3\">\n\t\t\t\t\t\t\t<i class=\"fas fa-check\"><\/i>\t\t\t\t\t\t\t<div class=\"ha-pricing-table-feature-text\">mobilno bankarstvo.<\/div>\n\t\t\t\t\t\t<\/li>\n\t\t\t\t\t\t\t\t\t<\/ul>\n\t\t\t\t\t<\/div>\n\n\t\t\n\t\t\t\t\t\t<\/div>\n\t\t\t\t<\/div>\n\t\t\t\t\t<\/div>\n\t\t<\/div>\n\t\t\t\t<div class=\"elementor-column elementor-col-50 elementor-top-column elementor-element elementor-element-897451b\" data-id=\"897451b\" data-element_type=\"column\">\n\t\t\t<div class=\"elementor-widget-wrap elementor-element-populated\">\n\t\t\t\t\t\t<div class=\"elementor-element elementor-element-864e098 cmsmasters-block-default cmsmasters-sticky-default elementor-widget elementor-widget-ha-pricing-table happy-addon ha-pricing-table\" data-id=\"864e098\" data-element_type=\"widget\" data-widget_type=\"ha-pricing-table.default\">\n\t\t\t\t<div class=\"elementor-widget-container\">\n\t\t\t\t\t\n\t\t\t\t\t<span class=\"ha-pricing-table-badge ha-pricing-table-badge--left\">Freelance plati\u0161a<\/span>\n\t\t\n\t\t<div class=\"ha-pricing-table-header\">\n\t\t\t\t\t\t\t<h2 class=\"ha-pricing-table-title\">Za iskusne freelancere!<\/h2>\t\t\t\t\t<\/div>\n\t\t<div class=\"ha-pricing-table-price\">\n\t\t\t<div class=\"ha-pricing-table-price-tag\"><span class=\"ha-pricing-table-currency\"><\/span><span class=\"ha-pricing-table-price-text\">15,90 KM<\/span><\/div>\n\t\t\t\t\t<\/div>\n\t\t<div class=\"ha-pricing-table-body\">\n\t\t\t\t\t\t\t<h4 class=\"ha-pricing-table-features-title\">Paket uklju\u010duje:<\/h4>\t\t\t\n\t\t\t\t\t\t\t<ul class=\"ha-pricing-table-features-list\">\n\t\t\t\t\t\t\t\t\t\t\t<li class=\"elementor-repeater-item-a652290\">\n\t\t\t\t\t\t\t<i class=\"fas fa-check\"><\/i>\t\t\t\t\t\t\t<div class=\"ha-pricing-table-feature-text\">naknadu za vo\u0111enje KM i deviznog ra\u010duna, <\/div>\n\t\t\t\t\t\t<\/li>\n\t\t\t\t\t\t\t\t\t\t\t<li class=\"elementor-repeater-item-9c72ec0\">\n\t\t\t\t\t\t\t<i class=\"fas fa-check\"><\/i>\t\t\t\t\t\t\t<div class=\"ha-pricing-table-feature-text\">SMS uslugu, <\/div>\n\t\t\t\t\t\t<\/li>\n\t\t\t\t\t\t\t\t\t\t\t<li class=\"elementor-repeater-item-1164539\">\n\t\t\t\t\t\t\t<i class=\"fas fa-check\"><\/i>\t\t\t\t\t\t\t<div class=\"ha-pricing-table-feature-text\">dostavljanje izvoda putem e mail-a, <\/div>\n\t\t\t\t\t\t<\/li>\n\t\t\t\t\t\t\t\t\t\t\t<li class=\"elementor-repeater-item-b789ca0\">\n\t\t\t\t\t\t\t<i class=\"fas fa-check\"><\/i>\t\t\t\t\t\t\t<div class=\"ha-pricing-table-feature-text\">Visa Business internet karticu, <\/div>\n\t\t\t\t\t\t<\/li>\n\t\t\t\t\t\t\t\t\t\t\t<li class=\"elementor-repeater-item-8dba6f3\">\n\t\t\t\t\t\t\t<i class=\"fas fa-check\"><\/i>\t\t\t\t\t\t\t<div class=\"ha-pricing-table-feature-text\">digitalno bankarstvo, <\/div>\n\t\t\t\t\t\t<\/li>\n\t\t\t\t\t\t\t\t\t\t\t<li class=\"elementor-repeater-item-92c409a\">\n\t\t\t\t\t\t\t<i class=\"fas fa-check\"><\/i>\t\t\t\t\t\t\t<div class=\"ha-pricing-table-feature-text\">povla\u0161tene tarife za prilive doznaka iz inostranstva: naknada za ino prilive 12,00 KM fiksno.<\/div>\n\t\t\t\t\t\t<\/li>\n\t\t\t\t\t\t\t\t\t<\/ul>\n\t\t\t\t\t<\/div>\n\n\t\t\n\t\t\t\t\t\t<\/div>\n\t\t\t\t<\/div>\n\t\t\t\t\t<\/div>\n\t\t<\/div>\n\t\t\t\t\t<\/div>\n\t\t<\/section>\n\t\t\t\t<section class=\"elementor-section elementor-top-section elementor-element elementor-element-35d445f elementor-section-boxed elementor-section-height-default elementor-section-height-default cmsmasters-block-default\" data-id=\"35d445f\" data-element_type=\"section\" data-settings=\"{&quot;_ha_eqh_enable&quot;:false}\">\n\t\t\t\t\t\t<div class=\"elementor-container elementor-column-gap-default\">\n\t\t\t\t\t<div class=\"elementor-column elementor-col-100 elementor-top-column elementor-element elementor-element-6007401\" data-id=\"6007401\" data-element_type=\"column\">\n\t\t\t<div class=\"elementor-widget-wrap elementor-element-populated\">\n\t\t\t\t\t\t<div class=\"elementor-element elementor-element-ba6ca1d cmsmasters-button-align-center cmsmasters-block-default cmsmasters-sticky-default elementor-widget elementor-widget-cmsmasters-button\" data-id=\"ba6ca1d\" data-element_type=\"widget\" data-widget_type=\"cmsmasters-button.default\">\n\t\t\t\t<div class=\"elementor-widget-container\">\n\t\t\t\t\t<div class=\"elementor-widget-cmsmasters-button__button-container\"><div class=\"elementor-widget-cmsmasters-button__button-container-inner\"><a href=\"https:\/\/mfbanka.com\/index.php\/apliciraj-za-freelance\/\" class=\"cmsmasters-button-link elementor-widget-cmsmasters-button__button cmsmasters-icon-view- cmsmasters-icon-shape- cmsmasters-button-size-sm\" role=\"button\" tabindex=\"0\"><span class=\"elementor-widget-cmsmasters-button__content-wrapper cmsmasters-align-icon-\"><span class=\"elementor-widget-cmsmasters-button__text\">APLICIRAJ ONLINE<\/span><\/span><\/a><\/div><\/div>\t\t\t\t<\/div>\n\t\t\t\t<\/div>\n\t\t\t\t\t<\/div>\n\t\t<\/div>\n\t\t\t\t\t<\/div>\n\t\t<\/section>\n\t\t\t\t<section class=\"elementor-section elementor-top-section elementor-element elementor-element-39beb54 elementor-section-boxed elementor-section-height-default elementor-section-height-default cmsmasters-block-default\" data-id=\"39beb54\" data-element_type=\"section\" data-settings=\"{&quot;background_background&quot;:&quot;classic&quot;,&quot;_ha_eqh_enable&quot;:false}\">\n\t\t\t\t\t\t<div class=\"elementor-container elementor-column-gap-default\">\n\t\t\t\t\t<div class=\"elementor-column elementor-col-100 elementor-top-column elementor-element elementor-element-739608b\" data-id=\"739608b\" data-element_type=\"column\">\n\t\t\t<div class=\"elementor-widget-wrap elementor-element-populated\">\n\t\t\t\t\t\t<div class=\"elementor-element elementor-element-82b4619 cmsmasters-block-default cmsmasters-sticky-default elementor-widget elementor-widget-heading\" data-id=\"82b4619\" data-element_type=\"widget\" data-widget_type=\"heading.default\">\n\t\t\t\t<div class=\"elementor-widget-container\">\n\t\t\t\t\t<h2 class=\"elementor-heading-title elementor-size-default\">Sve na jednom mjestu - brzo i bez \u010dekanja!\n<\/h2>\t\t\t\t<\/div>\n\t\t\t\t<\/div>\n\t\t\t\t<div class=\"elementor-element elementor-element-7aeca51 elementor-align-left elementor-icon-list--layout-traditional elementor-list-item-link-full_width cmsmasters-block-default cmsmasters-sticky-default elementor-widget elementor-widget-icon-list\" data-id=\"7aeca51\" data-element_type=\"widget\" data-widget_type=\"icon-list.default\">\n\t\t\t\t<div class=\"elementor-widget-container\">\n\t\t\t\t\t\t\t<ul class=\"elementor-icon-list-items\">\n\t\t\t\t\t\t\t<li class=\"elementor-icon-list-item\">\n\t\t\t\t\t\t\t\t\t\t\t<a href=\"https:\/\/freelance.virtuo.ba\/\" target=\"_blank\" rel=\"noopener\">\n\n\t\t\t\t\t\t\t\t\t\t\t\t<span class=\"elementor-icon-list-icon\">\n\t\t\t\t\t\t\t<i aria-hidden=\"true\" class=\"far fa-check-circle\"><\/i>\t\t\t\t\t\t<\/span>\n\t\t\t\t\t\t\t\t\t\t<span class=\"elementor-icon-list-text\">Odaberi paket <\/span>\n\t\t\t\t\t\t\t\t\t\t\t<\/a>\n\t\t\t\t\t\t\t\t\t<\/li>\n\t\t\t\t\t\t\t\t<li class=\"elementor-icon-list-item\">\n\t\t\t\t\t\t\t\t\t\t\t<span class=\"elementor-icon-list-icon\">\n\t\t\t\t\t\t\t<i aria-hidden=\"true\" class=\"far fa-check-circle\"><\/i>\t\t\t\t\t\t<\/span>\n\t\t\t\t\t\t\t\t\t\t<span class=\"elementor-icon-list-text\">Popuni tra\u017eene podatke<\/span>\n\t\t\t\t\t\t\t\t\t<\/li>\n\t\t\t\t\t\t\t\t<li class=\"elementor-icon-list-item\">\n\t\t\t\t\t\t\t\t\t\t\t<span class=\"elementor-icon-list-icon\">\n\t\t\t\t\t\t\t<i aria-hidden=\"true\" class=\"far fa-check-circle\"><\/i>\t\t\t\t\t\t<\/span>\n\t\t\t\t\t\t\t\t\t\t<span class=\"elementor-icon-list-text\">Dodaj skeniranu ili uslikanu dokumentaciju<\/span>\n\t\t\t\t\t\t\t\t\t<\/li>\n\t\t\t\t\t\t\t\t<li class=\"elementor-icon-list-item\">\n\t\t\t\t\t\t\t\t\t\t\t<span class=\"elementor-icon-list-icon\">\n\t\t\t\t\t\t\t<i aria-hidden=\"true\" class=\"far fa-check-circle\"><\/i>\t\t\t\t\t\t<\/span>\n\t\t\t\t\t\t\t\t\t\t<span class=\"elementor-icon-list-text\">Pozva\u0107emo te kad da do\u0111e\u0161 u banku, ponese\u0161 original dokumente i potpi\u0161e\u0161 ugovor<\/span>\n\t\t\t\t\t\t\t\t\t<\/li>\n\t\t\t\t\t\t<\/ul>\n\t\t\t\t\t\t<\/div>\n\t\t\t\t<\/div>\n\t\t\t\t\t<\/div>\n\t\t<\/div>\n\t\t\t\t\t<\/div>\n\t\t<\/section>\n\t\t\t\t<\/div>\n\t\t","protected":false},"excerpt":{"rendered":"<p>Freelance Bilo da ste fizi\u010dko lice ili registrovani samostalni preduzetnik (SP), prilivi novca koje ostvarujete putem PayPal sistema i deviznih ra\u010duna ne\u0107e Vam vi\u0161e stvarati glavobolju. Izaberite paket po svojoj mjeri i \u2013 NO STRESS, FREELANCE! Novi paketi specifi\u010dno dizajnirani za freelancere koji posluju sa inostranstvom. Vi ka\u017eete \u201eno office\u201c \u2013 mi ka\u017eemo \u201eno problem\u201c!&#8230;<\/p>\n","protected":false},"author":1,"featured_media":16206,"parent":0,"menu_order":0,"comment_status":"closed","ping_status":"closed","template":"","meta":{"inline_featured_image":false,"footnotes":""},"class_list":["post-15624","page","type-page","status-publish","has-post-thumbnail","hentry"],"_links":{"self":[{"href":"https:\/\/mfbanka.com\/index.php\/wp-json\/wp\/v2\/pages\/15624","targetHints":{"allow":["GET"]}}],"collection":[{"href":"https:\/\/mfbanka.com\/index.php\/wp-json\/wp\/v2\/pages"}],"about":[{"href":"https:\/\/mfbanka.com\/index.php\/wp-json\/wp\/v2\/types\/page"}],"author":[{"embeddable":true,"href":"https:\/\/mfbanka.com\/index.php\/wp-json\/wp\/v2\/users\/1"}],"replies":[{"embeddable":true,"href":"https:\/\/mfbanka.com\/index.php\/wp-json\/wp\/v2\/comments?post=15624"}],"version-history":[{"count":3,"href":"https:\/\/mfbanka.com\/index.php\/wp-json\/wp\/v2\/pages\/15624\/revisions"}],"predecessor-version":[{"id":22181,"href":"https:\/\/mfbanka.com\/index.php\/wp-json\/wp\/v2\/pages\/15624\/revisions\/22181"}],"wp:featuredmedia":[{"embeddable":true,"href":"https:\/\/mfbanka.com\/index.php\/wp-json\/wp\/v2\/media\/16206"}],"wp:attachment":[{"href":"https:\/\/mfbanka.com\/index.php\/wp-json\/wp\/v2\/media?parent=15624"}],"curies":[{"name":"wp","href":"https:\/\/api.w.org\/{rel}","templated":true}]}}