{"id":17296,"date":"2022-09-05T11:17:17","date_gmt":"2022-09-05T11:17:17","guid":{"rendered":"https:\/\/mf.aquariushost.net\/?page_id=17296"},"modified":"2022-09-27T08:57:16","modified_gmt":"2022-09-27T08:57:16","slug":"apliciraj-za-kredit-obrtna-sredstva","status":"publish","type":"page","link":"https:\/\/mfbanka.com\/index.php\/apliciraj-za-kredit-obrtna-sredstva\/","title":{"rendered":"APLICIRAJ ZA KREDIT"},"content":{"rendered":"\t\t<div data-elementor-type=\"wp-page\" data-elementor-id=\"17296\" class=\"elementor elementor-17296\" data-elementor-settings=\"{&quot;ha_cmc_init_switcher&quot;:&quot;no&quot;}\" data-elementor-post-type=\"page\">\n\t\t\t\t\t\t<section class=\"elementor-section elementor-top-section elementor-element elementor-element-980bbdb elementor-section-boxed elementor-section-height-default elementor-section-height-default cmsmasters-block-default\" data-id=\"980bbdb\" data-element_type=\"section\" data-settings=\"{&quot;_ha_eqh_enable&quot;:false}\">\n\t\t\t\t\t\t<div class=\"elementor-container elementor-column-gap-default\">\n\t\t\t\t\t<div class=\"elementor-column elementor-col-100 elementor-top-column elementor-element elementor-element-0df6dcd\" data-id=\"0df6dcd\" data-element_type=\"column\">\n\t\t\t<div class=\"elementor-widget-wrap elementor-element-populated\">\n\t\t\t\t\t\t<div class=\"elementor-element elementor-element-04fc33c cmsmasters-block-default cmsmasters-sticky-default elementor-widget elementor-widget-heading\" data-id=\"04fc33c\" data-element_type=\"widget\" data-widget_type=\"heading.default\">\n\t\t\t\t<div class=\"elementor-widget-container\">\n\t\t\t\t\t<h2 class=\"elementor-heading-title elementor-size-default\">Aplicirajte za kredit<\/h2>\t\t\t\t<\/div>\n\t\t\t\t<\/div>\n\t\t\t\t\t<\/div>\n\t\t<\/div>\n\t\t\t\t\t<\/div>\n\t\t<\/section>\n\t\t\t\t<section class=\"elementor-section elementor-top-section elementor-element elementor-element-6053952 elementor-section-boxed elementor-section-height-default elementor-section-height-default cmsmasters-block-default\" data-id=\"6053952\" data-element_type=\"section\" data-settings=\"{&quot;_ha_eqh_enable&quot;:false}\">\n\t\t\t\t\t\t<div class=\"elementor-container elementor-column-gap-default\">\n\t\t\t\t\t<div class=\"elementor-column elementor-col-100 elementor-top-column elementor-element elementor-element-b8f98db\" data-id=\"b8f98db\" data-element_type=\"column\">\n\t\t\t<div class=\"elementor-widget-wrap elementor-element-populated\">\n\t\t\t\t\t\t<div class=\"elementor-element elementor-element-7a76218 cmsmasters-block-default cmsmasters-sticky-default elementor-widget elementor-widget-cmsmasters-forminator\" data-id=\"7a76218\" data-element_type=\"widget\" data-settings=\"{&quot;form_list&quot;:&quot;18175&quot;}\" data-widget_type=\"cmsmasters-forminator.default\">\n\t\t\t\t<div class=\"elementor-widget-container\">\n\t\t\t\t\t<div class=\"elementor-widget-cmsmasters-contact-form__wrapper elementor-widget-cmsmasters-contact-form cmsmasters-default-color cmsmasters-default-font\" id=\"cmsmasters-widget-form-7a76218\">\r\n\t\t\t<div class=\"elementor-widget-cmsmasters-contact-form__inner\"><div class=\"forminator-ui forminator-custom-form forminator-custom-form-18175 forminator-design--flat  forminator_ajax\" data-forminator-render=\"0\" data-form=\"forminator-module-18175\" data-uid=\"69d4ddc32c190\"><br\/><\/div><form\n\t\t\t\tid=\"forminator-module-18175\"\n\t\t\t\tclass=\"forminator-ui forminator-custom-form forminator-custom-form-18175 forminator-design--flat  forminator_ajax\"\n\t\t\t\tmethod=\"post\"\n\t\t\t\tdata-forminator-render=\"0\"\n\t\t\t\tdata-form-id=\"18175\"\n\t\t\t\t\n\t\t\t\tdata-design=\"flat\"\n\t\t\t\t\n\t\t\t\t\n\t\t\t\t\n\t\t\t\tdata-grid=\"open\"\n\t\t\t\t\n\t\t\t\t\n\t\t\t\tstyle=\"display: none;\"\n\t\t\t\t\n\t\t\t\tdata-uid=\"69d4ddc32c190\"\n\t\t\t><div role=\"alert\" aria-live=\"polite\" class=\"forminator-response-message forminator-error\" aria-hidden=\"true\"><\/div><div class=\"forminator-row\"><div id=\"name-1\" class=\"forminator-field-name forminator-col forminator-col-6 \"><div class=\"forminator-field\"><label for=\"forminator-field-name-1_69d4ddc32c190\" id=\"forminator-field-name-1_69d4ddc32c190-label\" class=\"forminator-label\">Naziv firme <span class=\"forminator-required\">*<\/span><\/label><input type=\"text\" name=\"name-1\" value=\"\" placeholder=\"Unesite naziv firme\" id=\"forminator-field-name-1_69d4ddc32c190\" class=\"forminator-input forminator-name--field\" aria-required=\"true\" \/><\/div><\/div><div id=\"text-1\" class=\"forminator-field-text forminator-col forminator-col-6 \"><div class=\"forminator-field\"><label for=\"forminator-field-text-1_69d4ddc32c190\" id=\"forminator-field-text-1_69d4ddc32c190-label\" class=\"forminator-label\">Adresa firme <span class=\"forminator-required\">*<\/span><\/label><input type=\"text\" name=\"text-1\" value=\"\" placeholder=\"Unesite adresu firme\" id=\"forminator-field-text-1_69d4ddc32c190\" class=\"forminator-input forminator-name--field\" data-required=\"1\" \/><\/div><\/div><\/div><div class=\"forminator-row\"><div id=\"phone-1\" class=\"forminator-field-phone forminator-col forminator-col-6 \"><div class=\"forminator-field\"><label for=\"forminator-field-phone-1_69d4ddc32c190\" id=\"forminator-field-phone-1_69d4ddc32c190-label\" class=\"forminator-label\">Kontakt telefon <span class=\"forminator-required\">*<\/span><\/label><input type=\"text\" name=\"phone-1\" value=\"\" placeholder=\"Unesite broj telefona\" id=\"forminator-field-phone-1_69d4ddc32c190\" class=\"forminator-input forminator-field--phone\" data-required=\"1\" aria-required=\"true\" autocomplete=\"off\" data-national_mode=\"enabled\" data-country=\"ba\" data-validation=\"standard\" \/><\/div><\/div><div id=\"email-1\" class=\"forminator-field-email forminator-col forminator-col-6 \"><div class=\"forminator-field\"><label for=\"forminator-field-email-1_69d4ddc32c190\" id=\"forminator-field-email-1_69d4ddc32c190-label\" class=\"forminator-label\">E-mail adresa <span class=\"forminator-required\">*<\/span><\/label><input type=\"email\" name=\"email-1\" value=\"\" placeholder=\"Unesite e-mail\" id=\"forminator-field-email-1_69d4ddc32c190\" class=\"forminator-input forminator-email--field\" data-required=\"1\" aria-required=\"true\" \/><\/div><\/div><\/div><div class=\"forminator-row\"><div id=\"select-1\" class=\"forminator-field-select forminator-col forminator-col-4 \"><div class=\"forminator-field\"><label for=\"forminator-form-18175__field--select-1_69d4ddc32c190\" id=\"forminator-form-18175__field--select-1_69d4ddc32c190-label\" class=\"forminator-label\">Vrsta registracije <span class=\"forminator-required\">*<\/span><\/label><select  id=\"forminator-form-18175__field--select-1_69d4ddc32c190\" class=\"forminator-select--field forminator-select2 forminator-select2-multiple\" data-required=\"1\" name=\"select-1\" data-default-value=\"\" data-placeholder=\"Izaberite\" data-search=\"false\" data-search-placeholder=\"Izaberite\" data-checkbox=\"false\" data-allow-clear=\"false\" aria-labelledby=\"forminator-form-18175__field--select-1_69d4ddc32c190-label\"><option value=\"\"  >Izaberite<\/option><option value=\"Dru\u0161tvo-sa-ograni\u010denom-odgovorno\u0161\u0107u\"  data-calculation=\"0\">Dru\u0161tvo sa ograni\u010denom odgovorno\u0161\u0107u<\/option><option value=\"Samostalni-preduzetnik\"  data-calculation=\"0\">Samostalni preduzetnik<\/option><option value=\"Akcionarsko-dru\u0161tvo\"  data-calculation=\"0\">Akcionarsko dru\u0161tvo<\/option><option value=\"Javno-preduze\u0107e\"  data-calculation=\"0\">Javno preduze\u0107e<\/option><\/select><\/div><\/div><div id=\"select-2\" class=\"forminator-field-select forminator-col forminator-col-4 \"><div class=\"forminator-field\"><label for=\"forminator-form-18175__field--select-2_69d4ddc32c190\" id=\"forminator-form-18175__field--select-2_69d4ddc32c190-label\" class=\"forminator-label\">Izaberite poslovnicu<\/label><select  id=\"forminator-form-18175__field--select-2_69d4ddc32c190\" class=\"forminator-select--field forminator-select2 forminator-select2-multiple\" data-required=\"\" name=\"select-2\" data-default-value=\"\" data-placeholder=\"Izaberite\" data-search=\"false\" data-search-placeholder=\"Izaberite\" data-checkbox=\"false\" data-allow-clear=\"false\" aria-labelledby=\"forminator-form-18175__field--select-2_69d4ddc32c190-label\"><option value=\"\"  >Izaberite<\/option><option value=\"one\"  data-calculation=\"0\">Banja Luka<\/option><option value=\"two\"  data-calculation=\"0\">Banja Luka \u2013 Aleja<\/option><option value=\"Biha\u0107\"  data-calculation=\"0\">Biha\u0107<\/option><option value=\"Bijeljina\"  data-calculation=\"0\">Bijeljina<\/option><option value=\"Br\u010dko\"  data-calculation=\"0\">Br\u010dko<\/option><option value=\"Bugojno\"  data-calculation=\"0\">Bugojno<\/option><option value=\"Cazin\"  data-calculation=\"0\">Cazin<\/option><option value=\"Derventa\"  data-calculation=\"0\">Derventa<\/option><option value=\"Doboj\"  data-calculation=\"0\">Doboj<\/option><option value=\"Gra\u010danica\"  data-calculation=\"0\">Gra\u010danica<\/option><option value=\"Grada\u010dac\"  data-calculation=\"0\">Grada\u010dac<\/option><option value=\"Gradi\u0161ka\"  data-calculation=\"0\">Gradi\u0161ka<\/option><option value=\"Isto\u010dno-Sarajevo\"  data-calculation=\"0\">Isto\u010dno Sarajevo<\/option><option value=\"Kostajnica\"  data-calculation=\"0\">Kostajnica<\/option><option value=\"Lakta\u0161i\"  data-calculation=\"0\">Lakta\u0161i<\/option><option value=\"Modri\u010da\"  data-calculation=\"0\">Modri\u010da<\/option><option value=\"Nova-Topola\"  data-calculation=\"0\">Nova Topola<\/option><option value=\"Novi-Grad\"  data-calculation=\"0\">Novi Grad<\/option><option value=\"Omarska\"  data-calculation=\"0\">Omarska<\/option><option value=\"Pale\"  data-calculation=\"0\">Pale<\/option><option value=\"Petrovo\"  data-calculation=\"0\">Petrovo<\/option><option value=\"Prijedor\"  data-calculation=\"0\">Prijedor<\/option><option value=\"Prnjavor\"  data-calculation=\"0\">Prnjavor<\/option><option value=\"Sarajevo-\u2013-Centar\"  data-calculation=\"0\">Sarajevo \u2013 Centar<\/option><option value=\"Sarajevo-\u2013-Ilid\u017ea\"  data-calculation=\"0\">Sarajevo \u2013 Ilid\u017ea<\/option><option value=\"Sarajevo-\u2013-Novi-Grad\"  data-calculation=\"0\">Sarajevo \u2013 Novi Grad<\/option><option value=\"Srebrenik\"  data-calculation=\"0\">Srebrenik<\/option><option value=\"Tesli\u0107\"  data-calculation=\"0\">Tesli\u0107<\/option><option value=\"Te\u0161anj\"  data-calculation=\"0\">Te\u0161anj<\/option><option value=\"Trebinje\"  data-calculation=\"0\">Trebinje<\/option><option value=\"Trn,-Lakta\u0161i\"  data-calculation=\"0\">Trn, Lakta\u0161i<\/option><option value=\"Tuzla\"  data-calculation=\"0\">Tuzla<\/option><option value=\"Velika-Kladu\u0161a\"  data-calculation=\"0\">Velika Kladu\u0161a<\/option><option value=\"Zenica\"  data-calculation=\"0\">Zenica<\/option><option value=\"\u017divinice\"  data-calculation=\"0\">\u017divinice<\/option><option value=\"Zvornik\"  data-calculation=\"0\">Zvornik<\/option><\/select><\/div><\/div><div id=\"text-5\" class=\"forminator-field-text forminator-col forminator-col-4 \"><div class=\"forminator-field\"><label for=\"forminator-field-text-5_69d4ddc32c190\" id=\"forminator-field-text-5_69d4ddc32c190-label\" class=\"forminator-label\">Namjena plasmana <span class=\"forminator-required\">*<\/span><\/label><input type=\"text\" name=\"text-5\" value=\"Obrtna sredstva\" placeholder=\"\" id=\"forminator-field-text-5_69d4ddc32c190\" class=\"forminator-input forminator-name--field\" data-required=\"1\" \/><\/div><\/div><\/div><div class=\"forminator-row\"><div id=\"text-3\" class=\"forminator-field-text forminator-col forminator-col-4 \"><div class=\"forminator-field\"><label for=\"forminator-field-text-3_69d4ddc32c190\" id=\"forminator-field-text-3_69d4ddc32c190-label\" class=\"forminator-label\">Iznos <span class=\"forminator-required\">*<\/span><\/label><input type=\"text\" name=\"text-3\" value=\"\" placeholder=\"Unesite iznos kredita\" id=\"forminator-field-text-3_69d4ddc32c190\" class=\"forminator-input forminator-name--field\" data-required=\"1\" \/><\/div><\/div><div id=\"text-4\" class=\"forminator-field-text forminator-col forminator-col-4 \"><div class=\"forminator-field\"><label for=\"forminator-field-text-4_69d4ddc32c190\" id=\"forminator-field-text-4_69d4ddc32c190-label\" class=\"forminator-label\">Grace period <span class=\"forminator-required\">*<\/span><\/label><input type=\"text\" name=\"text-4\" value=\"\" placeholder=\"Unesite grace period\" id=\"forminator-field-text-4_69d4ddc32c190\" class=\"forminator-input forminator-name--field\" data-required=\"1\" \/><\/div><\/div><div id=\"text-2\" class=\"forminator-field-text forminator-col forminator-col-4 \"><div class=\"forminator-field\"><label for=\"forminator-field-text-2_69d4ddc32c190\" id=\"forminator-field-text-2_69d4ddc32c190-label\" class=\"forminator-label\">Rok otplate <span class=\"forminator-required\">*<\/span><\/label><input type=\"text\" name=\"text-2\" value=\"\" placeholder=\"Unesite rok otplate\" id=\"forminator-field-text-2_69d4ddc32c190\" class=\"forminator-input forminator-name--field\" data-required=\"1\" \/><\/div><\/div><\/div><div class=\"forminator-row\"><div id=\"consent-1\" class=\"forminator-field-consent forminator-col forminator-col-12 \"><div class=\"forminator-field\"><label for=\"forminator-field-consent-1_69d4ddc32c190\" id=\"forminator-field-consent-1_69d4ddc32c190-label\" class=\"forminator-label\">Prihvatanje politike privatnosti i kola\u010di\u0107a <span class=\"forminator-required\">*<\/span><\/label><div class=\"forminator-checkbox__wrapper\"><label for=\"forminator-field-consent-1_69d4ddc32c190\" id=\"forminator-field-consent-1_69d4ddc32c190__label\" class=\"forminator-checkbox forminator-consent\"><input type=\"checkbox\" name=\"consent-1\" id=\"forminator-field-consent-1_69d4ddc32c190\" value=\"checked\" aria-labelledby=\"forminator-field-consent-1_69d4ddc32c190-label\" aria-describedby=\"forminator-field-consent-1_69d4ddc32c190__description\" data-required=\"true\" aria-required=\"true\" \/><span class=\"forminator-checkbox-box\" aria-hidden=\"true\"><\/span><\/label><div id=\"forminator-field-consent-1_69d4ddc32c190__description\" class=\"forminator-checkbox__label forminator-consent__label\"><p>Popunjavanjem ove forme prihvatate na\u0161u <a rel=\"noopener\" target=\"_blank\" href=\"https:\/\/mfbanka.com\/index.php\/s-politika-privatnosti\/\">politiku privatnosti<\/a> i <a rel=\"noopener\" target=\"_blank\" href=\"https:\/\/mfbanka.com\/index.php\/politika-kolacica-eu\/\">politiku kola\u010di\u0107a<\/a>.<\/p><\/div><\/div><\/div><\/div><\/div><input type=\"hidden\" name=\"referer_url\" value=\"\" \/><div class=\"forminator-row forminator-row-last\"><div class=\"forminator-col\"><div class=\"forminator-field\"><button class=\"forminator-button forminator-button-submit\">APLICIRAJ<\/button><\/div><\/div><\/div><input type=\"hidden\" id=\"forminator_nonce\" name=\"forminator_nonce\" value=\"19bb6f11df\" \/><input type=\"hidden\" name=\"_wp_http_referer\" value=\"\/index.php\/wp-json\/wp\/v2\/pages\/17296\" \/><input type=\"hidden\" name=\"form_id\" value=\"18175\"><input type=\"hidden\" name=\"page_id\" value=\"17296\"><input type=\"hidden\" name=\"form_type\" value=\"default\"><input type=\"hidden\" name=\"current_url\" value=\"https:\/\/mfbanka.com\/index.php\/apliciraj-za-kredit-obrtna-sredstva\/\"><input type=\"hidden\" name=\"render_id\" value=\"0\"><input type=\"hidden\" name=\"action\" value=\"forminator_submit_form_custom-forms\"><\/form><\/div>\r\n\t\t<\/div>\t\t\t\t<\/div>\n\t\t\t\t<\/div>\n\t\t\t\t\t<\/div>\n\t\t<\/div>\n\t\t\t\t\t<\/div>\n\t\t<\/section>\n\t\t\t\t<\/div>\n\t\t","protected":false},"excerpt":{"rendered":"<p>Aplicirajte za kredit<\/p>\n","protected":false},"author":1,"featured_media":0,"parent":0,"menu_order":0,"comment_status":"closed","ping_status":"closed","template":"","meta":{"inline_featured_image":false,"footnotes":""},"class_list":["post-17296","page","type-page","status-publish","hentry"],"_links":{"self":[{"href":"https:\/\/mfbanka.com\/index.php\/wp-json\/wp\/v2\/pages\/17296","targetHints":{"allow":["GET"]}}],"collection":[{"href":"https:\/\/mfbanka.com\/index.php\/wp-json\/wp\/v2\/pages"}],"about":[{"href":"https:\/\/mfbanka.com\/index.php\/wp-json\/wp\/v2\/types\/page"}],"author":[{"embeddable":true,"href":"https:\/\/mfbanka.com\/index.php\/wp-json\/wp\/v2\/users\/1"}],"replies":[{"embeddable":true,"href":"https:\/\/mfbanka.com\/index.php\/wp-json\/wp\/v2\/comments?post=17296"}],"version-history":[{"count":0,"href":"https:\/\/mfbanka.com\/index.php\/wp-json\/wp\/v2\/pages\/17296\/revisions"}],"wp:attachment":[{"href":"https:\/\/mfbanka.com\/index.php\/wp-json\/wp\/v2\/media?parent=17296"}],"curies":[{"name":"wp","href":"https:\/\/api.w.org\/{rel}","templated":true}]}}