{"id":19093,"date":"2022-10-25T11:51:05","date_gmt":"2022-10-25T11:51:05","guid":{"rendered":"https:\/\/mfbanka.com\/?page_id=19093"},"modified":"2023-01-31T07:17:28","modified_gmt":"2023-01-31T07:17:28","slug":"konvertor-valuta-s","status":"publish","type":"page","link":"https:\/\/mfbanka.com\/index.php\/konvertor-valuta-s\/","title":{"rendered":"KONVERTOR VALUTA"},"content":{"rendered":"\t\t<div data-elementor-type=\"wp-page\" data-elementor-id=\"19093\" class=\"elementor elementor-19093\" data-elementor-settings=\"{&quot;ha_cmc_init_switcher&quot;:&quot;no&quot;}\" data-elementor-post-type=\"page\">\n\t\t\t\t\t\t<section class=\"elementor-section elementor-top-section elementor-element elementor-element-e1ba0c5 elementor-reverse-tablet elementor-reverse-mobile elementor-section-boxed elementor-section-height-default elementor-section-height-default cmsmasters-block-default\" data-id=\"e1ba0c5\" data-element_type=\"section\" data-settings=\"{&quot;_ha_eqh_enable&quot;:false}\">\n\t\t\t\t\t\t<div class=\"elementor-container elementor-column-gap-no\">\n\t\t\t\t\t<div class=\"elementor-column elementor-col-50 elementor-top-column elementor-element elementor-element-d399393\" data-id=\"d399393\" data-element_type=\"column\" data-settings=\"{&quot;background_background&quot;:&quot;classic&quot;}\">\n\t\t\t<div class=\"elementor-widget-wrap elementor-element-populated\">\n\t\t\t\t\t\t<div class=\"elementor-element elementor-element-39d8de1 cmsmasters-block-default cmsmasters-sticky-default elementor-widget elementor-widget-heading\" data-id=\"39d8de1\" data-element_type=\"widget\" data-widget_type=\"heading.default\">\n\t\t\t\t<div class=\"elementor-widget-container\">\n\t\t\t\t\t<h2 class=\"elementor-heading-title elementor-size-default\">Konvertor valuta<\/h2>\t\t\t\t<\/div>\n\t\t\t\t<\/div>\n\t\t\t\t<div class=\"elementor-element elementor-element-1ee397e cmsmasters-block-default cmsmasters-sticky-default elementor-widget elementor-widget-heading\" data-id=\"1ee397e\" data-element_type=\"widget\" data-widget_type=\"heading.default\">\n\t\t\t\t<div class=\"elementor-widget-container\">\n\t\t\t\t\t<p class=\"elementor-heading-title elementor-size-default\">Unesite iznos i odaberite valute izme\u0111u kojih \u017eelite napraviti konverziju.<br>\nKonverzija se obavlja po srednjem kursu Centralne banke na dana\u0161nji dan.<\/p>\t\t\t\t<\/div>\n\t\t\t\t<\/div>\n\t\t\t\t\t<\/div>\n\t\t<\/div>\n\t\t\t\t<div class=\"elementor-column elementor-col-50 elementor-top-column elementor-element elementor-element-24e8c60 cmsmasters-bg-hide-none cmsmasters-bg-hide-none\" data-id=\"24e8c60\" data-element_type=\"column\" data-settings=\"{&quot;background_background&quot;:&quot;classic&quot;}\">\n\t\t\t<div class=\"elementor-widget-wrap elementor-element-populated\">\n\t\t\t\t\t\t\t<\/div>\n\t\t<\/div>\n\t\t\t\t\t<\/div>\n\t\t<\/section>\n\t\t\t\t<section class=\"elementor-section elementor-top-section elementor-element elementor-element-b4b174a elementor-section-boxed elementor-section-height-default elementor-section-height-default cmsmasters-block-default\" data-id=\"b4b174a\" data-element_type=\"section\" data-settings=\"{&quot;_ha_eqh_enable&quot;:false}\">\n\t\t\t\t\t\t<div class=\"elementor-container elementor-column-gap-default\">\n\t\t\t\t\t<div class=\"elementor-column elementor-col-100 elementor-top-column elementor-element elementor-element-3f078d4\" data-id=\"3f078d4\" data-element_type=\"column\">\n\t\t\t<div class=\"elementor-widget-wrap elementor-element-populated\">\n\t\t\t\t\t\t<div class=\"elementor-element elementor-element-d44d90e cmsmasters-block-default cmsmasters-sticky-default elementor-widget elementor-widget-shortcode\" data-id=\"d44d90e\" data-element_type=\"widget\" data-widget_type=\"shortcode.default\">\n\t\t\t\t<div class=\"elementor-widget-container\">\n\t\t\t\t\t\t\t<div class=\"elementor-shortcode\"><div class=\"cr-exchange-rates\"><div class=\"cr-exchange-rates\"><div class=\"widget-exchange-rates-currency-converter\" id=\"widget-exchange-rates-currency-converter1661236391\" data-title=\"Konvertor valuta\" data-amount=\"1\" data-from=\"BAM\" data-to=\"EUR\" data-id=\"1661236391\" data-base-currency=\"BAM\" data-decimals=\"2\" data-name=\"1,234.56\" data-decimal-point=\".\" data-thousands-sep=\",\" data-currencies='{\"BAM\":{\"name\":\"Convertible Mark\",\"rate\":1,\"symbol\":\"KM\"},\"EUR\":{\"name\":\"Euro\",\"rate\":1.95583,\"symbol\":\"\\u20ac\"},\"AUD\":{\"name\":\"Australian Dollar\",\"rate\":1.180985,\"symbol\":\"$\"},\"CAD\":{\"name\":\"Canadian Dollar\",\"rate\":1.208272,\"symbol\":\"$\"},\"CZK\":{\"name\":\"Czech Koruna\",\"rate\":0.080272,\"symbol\":\"K\\u010d\"},\"DKK\":{\"name\":\"Danish Krone\",\"rate\":0.26173,\"symbol\":\"kr\"},\"HUF\":{\"name\":\"Hungarian Forint\",\"rate\":0.005185,\"symbol\":\"Ft\"},\"JPY\":{\"name\":\"Japanese Yen\",\"rate\":0.010491,\"symbol\":\"\\u00a5\"},\"NOK\":{\"name\":\"Norwegian Krone\",\"rate\":0.175939,\"symbol\":\"kr\"},\"SEK\":{\"name\":\"Swedish Krona\",\"rate\":0.180494,\"symbol\":\"kr\"},\"CHF\":{\"name\":\"Swiss Franc\",\"rate\":2.11647,\"symbol\":\"CHF\"},\"TRY\":{\"name\":\"Turkish Lira\",\"rate\":0.037386,\"symbol\":\"\\u20ba\"},\"GBP\":{\"name\":\"British Pound\",\"rate\":2.245371,\"symbol\":\"\\u00a3\"},\"USD\":{\"name\":\"US Dollar\",\"rate\":1.670079,\"symbol\":\"$\"},\"RUB\":{\"name\":\"Russian Ruble\",\"rate\":0.021621,\"symbol\":\"\\u20bd\"},\"CNY\":{\"name\":\"Renminbi\",\"rate\":0.24458,\"symbol\":\"\\u00a5\"},\"RSD\":{\"name\":\"Serbian Dinar\",\"rate\":0.016663,\"symbol\":\"\\u0414\\u0438\\u043d.\"},\"XDR\":{\"name\":\"Special Drawing Rights\",\"rate\":2.289944,\"symbol\":\"\"}}'>Loading...<\/div><\/div><div class=\"cr-exchange-rates\"><div class=\"exchange-rates d-flex exchange-rates-caption\">10 apr&nbsp;&middot;&nbsp;<a href=\"https:\/\/bam.currencyrate.today\/eur\" target=\"_blank\" rel=\"noreferrer noopener\">CBBH<\/a>&nbsp;&middot;&nbsp;BAM\/EUR<\/div><div id=\"widget-exchange-rates-currency-converter-info-caption1661236391\" class=\"exchange-rates-info-caption\"><div><b><a href=\"https:\/\/www.cbbh.ba\/\" target=\"_blank\" rel=\"noreferrer noopener nofollow\">The Central Bank of Bosnia and Herzegovina<\/a><\/b><br><b>Check:<\/b> 10 Apr 2026 22:05 UTC<br><b>Latest change:<\/b> 10 Apr 2026 22:05 UTC<br><b>API<\/b>: CurrencyRate<\/div><div><small><b>Disclaimers.<\/b> This plugin or website cannot guarantee the accuracy of the exchange rates displayed. You should confirm current rates before making any transactions that could be affected by changes in the exchange rates.<\/small><\/div><div>\u26a1<small>You can install this WP plugin on your website from the WordPress official website: <a href=\"https:\/\/wordpress.org\/plugins\/exchange-rates\/\" target=\"_blank\" rel=\"noreferrer noopener nofollow\"><b>Exchange Rates<\/b><\/a><\/small>\ud83d\ude80<\/div><\/div><\/div><\/div><\/div>\n\t\t\t\t\t\t<\/div>\n\t\t\t\t<\/div>\n\t\t\t\t<div class=\"elementor-element elementor-element-ae3e87d cmsmasters-block-default cmsmasters-sticky-default elementor-widget elementor-widget-text-editor\" data-id=\"ae3e87d\" data-element_type=\"widget\" data-widget_type=\"text-editor.default\">\n\t\t\t\t<div class=\"elementor-widget-container\">\n\t\t\t\t\t\t\t\t\t<p style=\"text-align: center;\">Konvertor valuta je isklju\u010divo informativnog karaktera. \u00a0Rezultat konverzije ne uklju\u010duje proviziju za konverziju.<\/p>\t\t\t\t\t\t\t\t<\/div>\n\t\t\t\t<\/div>\n\t\t\t\t\t<\/div>\n\t\t<\/div>\n\t\t\t\t\t<\/div>\n\t\t<\/section>\n\t\t\t\t<\/div>\n\t\t","protected":false},"excerpt":{"rendered":"<p>Konvertor valuta Unesite iznos i odaberite valute izme\u0111u kojih \u017eelite napraviti konverziju. Konverzija se obavlja po srednjem kursu Centralne banke na dana\u0161nji dan. Konvertor valuta je isklju\u010divo informativnog karaktera. \u00a0Rezultat konverzije ne uklju\u010duje proviziju za konverziju.<\/p>\n","protected":false},"author":1,"featured_media":0,"parent":0,"menu_order":0,"comment_status":"closed","ping_status":"closed","template":"","meta":{"inline_featured_image":false,"footnotes":""},"class_list":["post-19093","page","type-page","status-publish","hentry"],"_links":{"self":[{"href":"https:\/\/mfbanka.com\/index.php\/wp-json\/wp\/v2\/pages\/19093","targetHints":{"allow":["GET"]}}],"collection":[{"href":"https:\/\/mfbanka.com\/index.php\/wp-json\/wp\/v2\/pages"}],"about":[{"href":"https:\/\/mfbanka.com\/index.php\/wp-json\/wp\/v2\/types\/page"}],"author":[{"embeddable":true,"href":"https:\/\/mfbanka.com\/index.php\/wp-json\/wp\/v2\/users\/1"}],"replies":[{"embeddable":true,"href":"https:\/\/mfbanka.com\/index.php\/wp-json\/wp\/v2\/comments?post=19093"}],"version-history":[{"count":2,"href":"https:\/\/mfbanka.com\/index.php\/wp-json\/wp\/v2\/pages\/19093\/revisions"}],"predecessor-version":[{"id":19824,"href":"https:\/\/mfbanka.com\/index.php\/wp-json\/wp\/v2\/pages\/19093\/revisions\/19824"}],"wp:attachment":[{"href":"https:\/\/mfbanka.com\/index.php\/wp-json\/wp\/v2\/media?parent=19093"}],"curies":[{"name":"wp","href":"https:\/\/api.w.org\/{rel}","templated":true}]}}