{"id":22430,"date":"2025-02-26T11:24:37","date_gmt":"2025-02-26T11:24:37","guid":{"rendered":"https:\/\/mfbanka.com\/?page_id=22430"},"modified":"2025-12-31T08:01:00","modified_gmt":"2025-12-31T08:01:00","slug":"odrzivi-proizvodi","status":"publish","type":"page","link":"https:\/\/mfbanka.com\/index.php\/odrzivi-proizvodi\/","title":{"rendered":"ODR\u017dIVI PROIZVODI"},"content":{"rendered":"\t\t<div data-elementor-type=\"wp-page\" data-elementor-id=\"22430\" class=\"elementor elementor-22430\" data-elementor-settings=\"{&quot;ha_cmc_init_switcher&quot;:&quot;no&quot;}\" data-elementor-post-type=\"page\">\n\t\t\t\t\t\t<section class=\"elementor-section elementor-top-section elementor-element elementor-element-2f6dead elementor-section-boxed elementor-section-height-default elementor-section-height-default cmsmasters-block-default\" data-id=\"2f6dead\" data-element_type=\"section\" id=\"zeleni\" data-settings=\"{&quot;_ha_eqh_enable&quot;:false}\">\n\t\t\t\t\t\t<div class=\"elementor-container elementor-column-gap-default\">\n\t\t\t\t\t<div class=\"elementor-column elementor-col-100 elementor-top-column elementor-element elementor-element-d396152\" data-id=\"d396152\" data-element_type=\"column\">\n\t\t\t<div class=\"elementor-widget-wrap elementor-element-populated\">\n\t\t\t\t\t\t<div class=\"elementor-element elementor-element-6e5774a elementor-widget__width-auto cmsmasters-block-default cmsmasters-sticky-default elementor-widget elementor-widget-heading\" data-id=\"6e5774a\" data-element_type=\"widget\" data-widget_type=\"heading.default\">\n\t\t\t\t<div class=\"elementor-widget-container\">\n\t\t\t\t\t<h2 class=\"elementor-heading-title elementor-size-default\">Odr\u017eivi proizvodi<\/h2>\t\t\t\t<\/div>\n\t\t\t\t<\/div>\n\t\t\t\t<div class=\"elementor-element elementor-element-932f207 cmsmasters-button-align-center elementor-widget__width-auto cmsmasters-block-default cmsmasters-sticky-default elementor-widget elementor-widget-cmsmasters-button\" data-id=\"932f207\" data-element_type=\"widget\" data-widget_type=\"cmsmasters-button.default\">\n\t\t\t\t<div class=\"elementor-widget-container\">\n\t\t\t\t\t<div class=\"elementor-widget-cmsmasters-button__button-container\"><div class=\"elementor-widget-cmsmasters-button__button-container-inner\"><a href=\"https:\/\/mfbanka.com\/wp-content\/uploads\/2025\/12\/Informacija-o-ponudi-Odrzivog-paketa-usluga-za-finansijsku-inkluziju-311225.pdf\" class=\"cmsmasters-button-link elementor-widget-cmsmasters-button__button cmsmasters-icon-view- cmsmasters-icon-shape- cmsmasters-button-size-sm\" role=\"button\" tabindex=\"0\"><span class=\"elementor-widget-cmsmasters-button__content-wrapper cmsmasters-align-icon-\"><span class=\"elementor-widget-cmsmasters-button__text\">Informacioni list<\/span><\/span><\/a><\/div><\/div>\t\t\t\t<\/div>\n\t\t\t\t<\/div>\n\t\t\t\t\t<\/div>\n\t\t<\/div>\n\t\t\t\t\t<\/div>\n\t\t<\/section>\n\t\t\t\t<section class=\"elementor-section elementor-top-section elementor-element elementor-element-f16196f elementor-section-boxed elementor-section-height-default elementor-section-height-default cmsmasters-block-default\" data-id=\"f16196f\" data-element_type=\"section\" data-settings=\"{&quot;_ha_eqh_enable&quot;:&quot;yes&quot;,&quot;_ha_eqh_widget&quot;:[&quot;cmsmasters-featured-box&quot;],&quot;_ha_eqh_to&quot;:&quot;widget&quot;,&quot;_ha_eqh_disable_on_tablet&quot;:&quot;no&quot;,&quot;_ha_eqh_disable_on_mobile&quot;:&quot;yes&quot;}\">\n\t\t\t\t\t\t<div class=\"elementor-container elementor-column-gap-default\">\n\t\t\t\t\t<div class=\"elementor-column elementor-col-33 elementor-top-column elementor-element elementor-element-5d3e8a2\" data-id=\"5d3e8a2\" data-element_type=\"column\">\n\t\t\t<div class=\"elementor-widget-wrap elementor-element-populated\">\n\t\t\t\t\t\t<div data-separate-animation-selector=\".elementor-widget-cmsmasters-featured-box__icon-wrap, .elementor-widget-cmsmasters-featured-box__image-wrap, .elementor-widget-cmsmasters-featured-box__title, .elementor-widget-cmsmasters-featured-box__description, .elementor-widget-cmsmasters-featured-box__button-wrapper\" data-text-animation-class=\"sequental, random\" class=\"elementor-element elementor-element-d989048 cmsmasters-featured-box__button-border-solid cmsmasters-featured-box__graphic-align-center cmsmasters-featured-box__image_fit-none cmsmasters-featured-box__graphic-position-column cmsmasters-featured-box__graphic-position-tablet-column cmsmasters-featured-box__graphic-position-mobile-column cmsmasters-featured-box__both cmsmasters-featured-box__text-valign-middle cmsmasters-block-default cmsmasters-sticky-default elementor-widget elementor-widget-cmsmasters-featured-box\" data-id=\"d989048\" data-element_type=\"widget\" data-widget_type=\"cmsmasters-featured-box.default\">\n\t\t\t\t<div class=\"elementor-widget-container\">\n\t\t\t\t\t<a href=\"https:\/\/mfbanka.com\/index.php\/eko-mf-kredit\/\" class=\"elementor-widget-cmsmasters-featured-box__wrapper\"><div class=\"elementor-widget-cmsmasters-featured-box__content\">\r\n\t\t\t\t<div class=\"elementor-widget-cmsmasters-featured-box__content-vertical-inner\"><div class=\"elementor-widget-cmsmasters-featured-box__graphic-wrapper elementor-widget-cmsmasters-featured-box__content-item elementor-widget-cmsmasters-featured-box__image\"><h2 class=\"elementor-widget-cmsmasters-featured-box__title elementor-widget-cmsmasters-featured-box__content-item\">Eko MF kredit<\/h2><figure class=\"elementor-widget-cmsmasters-featured-box__image-wrap elementor-widget-cmsmasters-featured-box__graphic-item\"><img fetchpriority=\"high\" decoding=\"async\" width=\"1500\" height=\"844\" src=\"https:\/\/mfbanka.com\/wp-content\/uploads\/2024\/07\/2147831624-min.jpg\" class=\"attachment-full size-full wp-image-21665\" alt=\"\" srcset=\"https:\/\/mfbanka.com\/wp-content\/uploads\/2024\/07\/2147831624-min.jpg 1500w, https:\/\/mfbanka.com\/wp-content\/uploads\/2024\/07\/2147831624-min-300x169.jpg 300w, https:\/\/mfbanka.com\/wp-content\/uploads\/2024\/07\/2147831624-min-1024x576.jpg 1024w, https:\/\/mfbanka.com\/wp-content\/uploads\/2024\/07\/2147831624-min-768x432.jpg 768w, https:\/\/mfbanka.com\/wp-content\/uploads\/2024\/07\/2147831624-min-533x300.jpg 533w, https:\/\/mfbanka.com\/wp-content\/uploads\/2024\/07\/2147831624-min-30x16.jpg 30w, https:\/\/mfbanka.com\/wp-content\/uploads\/2024\/07\/2147831624-min-18x10.jpg 18w\" sizes=\"(max-width: 1500px) 100vw, 1500px\" \/><\/figure><\/div><div class=\"elementor-widget-cmsmasters-featured-box__type-wrap elementor-widget-cmsmasters-featured-box__content-item\"><h2 class=\"elementor-widget-cmsmasters-featured-box__title elementor-widget-cmsmasters-featured-box__content-item\">Eko MF kredit<\/h2><div class=\"elementor-widget-cmsmasters-featured-box__description elementor-widget-cmsmasters-featured-box__content-item\">Kredit za projekte energetske <br>efikasnosti.<\/div><div class=\"elementor-widget-cmsmasters-featured-box__button-wrapper elementor-widget-cmsmasters-featured-box__content-item\">\r\n\t\t\t\t<span class=\"elementor-widget-cmsmasters-featured-box__button elementor-widget-cmsmasters-featured-box__content-item cmsmasters-theme-button\">SAZNAJ VI\u0160E<\/span>\r\n\t\t\t<\/div><\/div>\r\n\t\t\t\t<\/div>\r\n\t\t\t<\/div>\r\n\t\t<\/a>\t\t\t\t<\/div>\n\t\t\t\t<\/div>\n\t\t\t\t\t<\/div>\n\t\t<\/div>\n\t\t\t\t<div class=\"elementor-column elementor-col-33 elementor-top-column elementor-element elementor-element-6ae5d16\" data-id=\"6ae5d16\" data-element_type=\"column\">\n\t\t\t<div class=\"elementor-widget-wrap elementor-element-populated\">\n\t\t\t\t\t\t<div data-separate-animation-selector=\".elementor-widget-cmsmasters-featured-box__icon-wrap, .elementor-widget-cmsmasters-featured-box__image-wrap, .elementor-widget-cmsmasters-featured-box__title, .elementor-widget-cmsmasters-featured-box__description, .elementor-widget-cmsmasters-featured-box__button-wrapper\" data-text-animation-class=\"sequental, random\" class=\"elementor-element elementor-element-36c5f8a cmsmasters-featured-box__button-border-solid cmsmasters-featured-box__graphic-align-center cmsmasters-featured-box__image_fit-none cmsmasters-featured-box__graphic-position-column cmsmasters-featured-box__graphic-position-tablet-column cmsmasters-featured-box__graphic-position-mobile-column cmsmasters-featured-box__both cmsmasters-featured-box__text-valign-middle cmsmasters-block-default cmsmasters-sticky-default elementor-widget elementor-widget-cmsmasters-featured-box\" data-id=\"36c5f8a\" data-element_type=\"widget\" data-widget_type=\"cmsmasters-featured-box.default\">\n\t\t\t\t<div class=\"elementor-widget-container\">\n\t\t\t\t\t<a href=\"https:\/\/mfbanka.com\/index.php\/kredit-za-drustveno-odgovorno-finansiranje\/\" class=\"elementor-widget-cmsmasters-featured-box__wrapper\"><div class=\"elementor-widget-cmsmasters-featured-box__content\">\r\n\t\t\t\t<div class=\"elementor-widget-cmsmasters-featured-box__content-vertical-inner\"><div class=\"elementor-widget-cmsmasters-featured-box__graphic-wrapper elementor-widget-cmsmasters-featured-box__content-item elementor-widget-cmsmasters-featured-box__image\"><h2 class=\"elementor-widget-cmsmasters-featured-box__title elementor-widget-cmsmasters-featured-box__content-item\">Kredit za dru\u0161tveno odgovorno finansiranje<\/h2><figure class=\"elementor-widget-cmsmasters-featured-box__image-wrap elementor-widget-cmsmasters-featured-box__graphic-item\"><img decoding=\"async\" width=\"1500\" height=\"845\" src=\"https:\/\/mfbanka.com\/wp-content\/uploads\/2024\/07\/2150196701-min-e1721720919590.jpg\" class=\"attachment-full size-full wp-image-21683\" alt=\"\" srcset=\"https:\/\/mfbanka.com\/wp-content\/uploads\/2024\/07\/2150196701-min-e1721720919590.jpg 1500w, https:\/\/mfbanka.com\/wp-content\/uploads\/2024\/07\/2150196701-min-e1721720919590-300x169.jpg 300w, https:\/\/mfbanka.com\/wp-content\/uploads\/2024\/07\/2150196701-min-e1721720919590-1024x577.jpg 1024w, https:\/\/mfbanka.com\/wp-content\/uploads\/2024\/07\/2150196701-min-e1721720919590-768x433.jpg 768w, https:\/\/mfbanka.com\/wp-content\/uploads\/2024\/07\/2150196701-min-e1721720919590-533x300.jpg 533w, https:\/\/mfbanka.com\/wp-content\/uploads\/2024\/07\/2150196701-min-e1721720919590-30x16.jpg 30w, https:\/\/mfbanka.com\/wp-content\/uploads\/2024\/07\/2150196701-min-e1721720919590-18x10.jpg 18w\" sizes=\"(max-width: 1500px) 100vw, 1500px\" \/><\/figure><\/div><div class=\"elementor-widget-cmsmasters-featured-box__type-wrap elementor-widget-cmsmasters-featured-box__content-item\"><h2 class=\"elementor-widget-cmsmasters-featured-box__title elementor-widget-cmsmasters-featured-box__content-item\">Kredit za dru\u0161tveno odgovorno finansiranje<\/h2><div class=\"elementor-widget-cmsmasters-featured-box__description elementor-widget-cmsmasters-featured-box__content-item\">Finansiranje ulaganja u dru\u0161tveno odgovorno poslovanje.<\/div><div class=\"elementor-widget-cmsmasters-featured-box__button-wrapper elementor-widget-cmsmasters-featured-box__content-item\">\r\n\t\t\t\t<span class=\"elementor-widget-cmsmasters-featured-box__button elementor-widget-cmsmasters-featured-box__content-item cmsmasters-theme-button\">SAZNAJ VI\u0160E<\/span>\r\n\t\t\t<\/div><\/div>\r\n\t\t\t\t<\/div>\r\n\t\t\t<\/div>\r\n\t\t<\/a>\t\t\t\t<\/div>\n\t\t\t\t<\/div>\n\t\t\t\t\t<\/div>\n\t\t<\/div>\n\t\t\t\t<div class=\"elementor-column elementor-col-33 elementor-top-column elementor-element elementor-element-da31beb\" data-id=\"da31beb\" data-element_type=\"column\">\n\t\t\t<div class=\"elementor-widget-wrap elementor-element-populated\">\n\t\t\t\t\t\t<div data-separate-animation-selector=\".elementor-widget-cmsmasters-featured-box__icon-wrap, .elementor-widget-cmsmasters-featured-box__image-wrap, .elementor-widget-cmsmasters-featured-box__title, .elementor-widget-cmsmasters-featured-box__description, .elementor-widget-cmsmasters-featured-box__button-wrapper\" data-text-animation-class=\"sequental, random\" class=\"elementor-element elementor-element-aa59abd cmsmasters-featured-box__button-border-solid cmsmasters-featured-box__graphic-align-center cmsmasters-featured-box__image_fit-none cmsmasters-featured-box__graphic-position-column cmsmasters-featured-box__graphic-position-tablet-column cmsmasters-featured-box__graphic-position-mobile-column cmsmasters-featured-box__both cmsmasters-featured-box__text-valign-middle cmsmasters-block-default cmsmasters-sticky-default elementor-widget elementor-widget-cmsmasters-featured-box\" data-id=\"aa59abd\" data-element_type=\"widget\" data-widget_type=\"cmsmasters-featured-box.default\">\n\t\t\t\t<div class=\"elementor-widget-container\">\n\t\t\t\t\t<a href=\"https:\/\/mfbanka.com\/index.php\/revolving-2\/\" class=\"elementor-widget-cmsmasters-featured-box__wrapper\"><div class=\"elementor-widget-cmsmasters-featured-box__content\">\r\n\t\t\t\t<div class=\"elementor-widget-cmsmasters-featured-box__content-vertical-inner\"><div class=\"elementor-widget-cmsmasters-featured-box__graphic-wrapper elementor-widget-cmsmasters-featured-box__content-item elementor-widget-cmsmasters-featured-box__image\"><h2 class=\"elementor-widget-cmsmasters-featured-box__title elementor-widget-cmsmasters-featured-box__content-item\">Projektni revolving kredit <\/h2><figure class=\"elementor-widget-cmsmasters-featured-box__image-wrap elementor-widget-cmsmasters-featured-box__graphic-item\"><img decoding=\"async\" width=\"1920\" height=\"1051\" src=\"https:\/\/mfbanka.com\/wp-content\/uploads\/2022\/08\/MF-vizuali-za-sajt-novo-e1660731002721.jpg\" class=\"attachment-full size-full wp-image-16294\" alt=\"\" srcset=\"https:\/\/mfbanka.com\/wp-content\/uploads\/2022\/08\/MF-vizuali-za-sajt-novo-e1660731002721.jpg 1920w, https:\/\/mfbanka.com\/wp-content\/uploads\/2022\/08\/MF-vizuali-za-sajt-novo-e1660731002721-300x164.jpg 300w, https:\/\/mfbanka.com\/wp-content\/uploads\/2022\/08\/MF-vizuali-za-sajt-novo-e1660731002721-1024x561.jpg 1024w, https:\/\/mfbanka.com\/wp-content\/uploads\/2022\/08\/MF-vizuali-za-sajt-novo-e1660731002721-768x420.jpg 768w, https:\/\/mfbanka.com\/wp-content\/uploads\/2022\/08\/MF-vizuali-za-sajt-novo-e1660731002721-1536x841.jpg 1536w, https:\/\/mfbanka.com\/wp-content\/uploads\/2022\/08\/MF-vizuali-za-sajt-novo-e1660731002721-548x300.jpg 548w, https:\/\/mfbanka.com\/wp-content\/uploads\/2022\/08\/MF-vizuali-za-sajt-novo-e1660731002721-330x180.jpg 330w, https:\/\/mfbanka.com\/wp-content\/uploads\/2022\/08\/MF-vizuali-za-sajt-novo-e1660731002721-30x16.jpg 30w, https:\/\/mfbanka.com\/wp-content\/uploads\/2022\/08\/MF-vizuali-za-sajt-novo-e1660731002721-18x10.jpg 18w\" sizes=\"(max-width: 1920px) 100vw, 1920px\" \/><\/figure><\/div><div class=\"elementor-widget-cmsmasters-featured-box__type-wrap elementor-widget-cmsmasters-featured-box__content-item\"><h2 class=\"elementor-widget-cmsmasters-featured-box__title elementor-widget-cmsmasters-featured-box__content-item\">Projektni revolving kredit <\/h2><div class=\"elementor-widget-cmsmasters-featured-box__description elementor-widget-cmsmasters-featured-box__content-item\">Kratkoro\u010dni kredit za podmirivanje<br>teku\u0107ih potreba<\/div><div class=\"elementor-widget-cmsmasters-featured-box__button-wrapper elementor-widget-cmsmasters-featured-box__content-item\">\r\n\t\t\t\t<span class=\"elementor-widget-cmsmasters-featured-box__button elementor-widget-cmsmasters-featured-box__content-item cmsmasters-theme-button\">SAZNAJ VI\u0160E<\/span>\r\n\t\t\t<\/div><\/div>\r\n\t\t\t\t<\/div>\r\n\t\t\t<\/div>\r\n\t\t<\/a>\t\t\t\t<\/div>\n\t\t\t\t<\/div>\n\t\t\t\t\t<\/div>\n\t\t<\/div>\n\t\t\t\t\t<\/div>\n\t\t<\/section>\n\t\t\t\t<\/div>\n\t\t","protected":false},"excerpt":{"rendered":"<p>Odr\u017eivi proizvodi Informacioni list Eko MF kredit Eko MF kredit Kredit za projekte energetske efikasnosti. SAZNAJ VI\u0160E Kredit za dru\u0161tveno odgovorno finansiranje Kredit za dru\u0161tveno odgovorno finansiranje Finansiranje ulaganja u dru\u0161tveno odgovorno poslovanje. SAZNAJ VI\u0160E Projektni revolving kredit Projektni revolving kredit Kratkoro\u010dni kredit za podmirivanjeteku\u0107ih potreba SAZNAJ VI\u0160E<\/p>\n","protected":false},"author":1,"featured_media":15664,"parent":0,"menu_order":0,"comment_status":"closed","ping_status":"closed","template":"","meta":{"inline_featured_image":false,"footnotes":""},"class_list":["post-22430","page","type-page","status-publish","has-post-thumbnail","hentry"],"_links":{"self":[{"href":"https:\/\/mfbanka.com\/index.php\/wp-json\/wp\/v2\/pages\/22430","targetHints":{"allow":["GET"]}}],"collection":[{"href":"https:\/\/mfbanka.com\/index.php\/wp-json\/wp\/v2\/pages"}],"about":[{"href":"https:\/\/mfbanka.com\/index.php\/wp-json\/wp\/v2\/types\/page"}],"author":[{"embeddable":true,"href":"https:\/\/mfbanka.com\/index.php\/wp-json\/wp\/v2\/users\/1"}],"replies":[{"embeddable":true,"href":"https:\/\/mfbanka.com\/index.php\/wp-json\/wp\/v2\/comments?post=22430"}],"version-history":[{"count":29,"href":"https:\/\/mfbanka.com\/index.php\/wp-json\/wp\/v2\/pages\/22430\/revisions"}],"predecessor-version":[{"id":23680,"href":"https:\/\/mfbanka.com\/index.php\/wp-json\/wp\/v2\/pages\/22430\/revisions\/23680"}],"wp:featuredmedia":[{"embeddable":true,"href":"https:\/\/mfbanka.com\/index.php\/wp-json\/wp\/v2\/media\/15664"}],"wp:attachment":[{"href":"https:\/\/mfbanka.com\/index.php\/wp-json\/wp\/v2\/media?parent=22430"}],"curies":[{"name":"wp","href":"https:\/\/api.w.org\/{rel}","templated":true}]}}