{"id":22451,"date":"2025-02-26T11:42:53","date_gmt":"2025-02-26T11:42:53","guid":{"rendered":"https:\/\/mfbanka.com\/?page_id=22451"},"modified":"2025-12-31T08:02:08","modified_gmt":"2025-12-31T08:02:08","slug":"odrzivi-proizvodi-stanovnistvo","status":"publish","type":"page","link":"https:\/\/mfbanka.com\/index.php\/odrzivi-proizvodi-stanovnistvo\/","title":{"rendered":"ODR\u017dIVI PROIZVODI"},"content":{"rendered":"\t\t<div data-elementor-type=\"wp-page\" data-elementor-id=\"22451\" class=\"elementor elementor-22451\" data-elementor-settings=\"{&quot;ha_cmc_init_switcher&quot;:&quot;no&quot;}\" data-elementor-post-type=\"page\">\n\t\t\t\t\t\t<section class=\"elementor-section elementor-top-section elementor-element elementor-element-2f6dead elementor-section-boxed elementor-section-height-default elementor-section-height-default cmsmasters-block-default\" data-id=\"2f6dead\" data-element_type=\"section\" id=\"zeleni\" data-settings=\"{&quot;_ha_eqh_enable&quot;:false}\">\n\t\t\t\t\t\t<div class=\"elementor-container elementor-column-gap-default\">\n\t\t\t\t\t<div class=\"elementor-column elementor-col-100 elementor-top-column elementor-element elementor-element-d396152\" data-id=\"d396152\" data-element_type=\"column\">\n\t\t\t<div class=\"elementor-widget-wrap elementor-element-populated\">\n\t\t\t\t\t\t<div class=\"elementor-element elementor-element-6e5774a elementor-widget__width-auto cmsmasters-block-default cmsmasters-sticky-default elementor-widget elementor-widget-heading\" data-id=\"6e5774a\" data-element_type=\"widget\" data-widget_type=\"heading.default\">\n\t\t\t\t<div class=\"elementor-widget-container\">\n\t\t\t\t\t<h2 class=\"elementor-heading-title elementor-size-default\">Odr\u017eivi proizvodi<\/h2>\t\t\t\t<\/div>\n\t\t\t\t<\/div>\n\t\t\t\t<div class=\"elementor-element elementor-element-d796ed2 cmsmasters-button-align-center elementor-widget__width-auto cmsmasters-block-default cmsmasters-sticky-default elementor-widget elementor-widget-cmsmasters-button\" data-id=\"d796ed2\" data-element_type=\"widget\" data-widget_type=\"cmsmasters-button.default\">\n\t\t\t\t<div class=\"elementor-widget-container\">\n\t\t\t\t\t<div class=\"elementor-widget-cmsmasters-button__button-container\"><div class=\"elementor-widget-cmsmasters-button__button-container-inner\"><a href=\"https:\/\/mfbanka.com\/wp-content\/uploads\/2025\/12\/Informacija-o-ponudi-Odrzivog-paketa-usluga-za-finansijsku-inkluziju-311225.pdf\" class=\"cmsmasters-button-link elementor-widget-cmsmasters-button__button cmsmasters-icon-view- cmsmasters-icon-shape- cmsmasters-button-size-sm\" role=\"button\" tabindex=\"0\"><span class=\"elementor-widget-cmsmasters-button__content-wrapper cmsmasters-align-icon-\"><span class=\"elementor-widget-cmsmasters-button__text\">Informacioni list<\/span><\/span><\/a><\/div><\/div>\t\t\t\t<\/div>\n\t\t\t\t<\/div>\n\t\t\t\t\t<\/div>\n\t\t<\/div>\n\t\t\t\t\t<\/div>\n\t\t<\/section>\n\t\t\t\t<section class=\"elementor-section elementor-top-section elementor-element elementor-element-a151310 elementor-section-boxed elementor-section-height-default elementor-section-height-default cmsmasters-block-default\" data-id=\"a151310\" data-element_type=\"section\" data-settings=\"{&quot;_ha_eqh_enable&quot;:&quot;yes&quot;,&quot;_ha_eqh_widget&quot;:[&quot;cmsmasters-featured-box&quot;],&quot;_ha_eqh_to&quot;:&quot;widget&quot;,&quot;_ha_eqh_disable_on_tablet&quot;:&quot;no&quot;,&quot;_ha_eqh_disable_on_mobile&quot;:&quot;yes&quot;}\">\n\t\t\t\t\t\t<div class=\"elementor-container elementor-column-gap-default\">\n\t\t\t\t\t<div class=\"elementor-column elementor-col-33 elementor-top-column elementor-element elementor-element-15c0990\" data-id=\"15c0990\" data-element_type=\"column\">\n\t\t\t<div class=\"elementor-widget-wrap elementor-element-populated\">\n\t\t\t\t\t\t<div data-separate-animation-selector=\".elementor-widget-cmsmasters-featured-box__icon-wrap, .elementor-widget-cmsmasters-featured-box__image-wrap, .elementor-widget-cmsmasters-featured-box__title, .elementor-widget-cmsmasters-featured-box__description, .elementor-widget-cmsmasters-featured-box__button-wrapper\" data-text-animation-class=\"sequental, random\" class=\"elementor-element elementor-element-4ad2a3f cmsmasters-featured-box__button-border-solid cmsmasters-featured-box__graphic-align-center cmsmasters-featured-box__image_fit-none cmsmasters-featured-box__graphic-position-column cmsmasters-featured-box__graphic-position-tablet-column cmsmasters-featured-box__graphic-position-mobile-column cmsmasters-featured-box__both cmsmasters-featured-box__text-valign-middle cmsmasters-block-default cmsmasters-sticky-default elementor-widget elementor-widget-cmsmasters-featured-box\" data-id=\"4ad2a3f\" data-element_type=\"widget\" data-widget_type=\"cmsmasters-featured-box.default\">\n\t\t\t\t<div class=\"elementor-widget-container\">\n\t\t\t\t\t<a href=\"https:\/\/mfbanka.com\/index.php\/kredit-za-eko-dom\/\" class=\"elementor-widget-cmsmasters-featured-box__wrapper\"><div class=\"elementor-widget-cmsmasters-featured-box__content\">\r\n\t\t\t\t<div class=\"elementor-widget-cmsmasters-featured-box__content-vertical-inner\"><div class=\"elementor-widget-cmsmasters-featured-box__graphic-wrapper elementor-widget-cmsmasters-featured-box__content-item elementor-widget-cmsmasters-featured-box__image\"><h2 class=\"elementor-widget-cmsmasters-featured-box__title elementor-widget-cmsmasters-featured-box__content-item\">MF Kredit za <br> eko dom<\/h2><figure class=\"elementor-widget-cmsmasters-featured-box__image-wrap elementor-widget-cmsmasters-featured-box__graphic-item\"><img fetchpriority=\"high\" decoding=\"async\" width=\"1920\" height=\"1080\" src=\"https:\/\/mfbanka.com\/wp-content\/uploads\/2025\/10\/mf-kredit-eko-dom.jpg\" class=\"attachment-full size-full wp-image-23448\" alt=\"\" srcset=\"https:\/\/mfbanka.com\/wp-content\/uploads\/2025\/10\/mf-kredit-eko-dom.jpg 1920w, https:\/\/mfbanka.com\/wp-content\/uploads\/2025\/10\/mf-kredit-eko-dom-300x169.jpg 300w, https:\/\/mfbanka.com\/wp-content\/uploads\/2025\/10\/mf-kredit-eko-dom-1024x576.jpg 1024w, https:\/\/mfbanka.com\/wp-content\/uploads\/2025\/10\/mf-kredit-eko-dom-768x432.jpg 768w, https:\/\/mfbanka.com\/wp-content\/uploads\/2025\/10\/mf-kredit-eko-dom-1536x864.jpg 1536w, https:\/\/mfbanka.com\/wp-content\/uploads\/2025\/10\/mf-kredit-eko-dom-533x300.jpg 533w\" sizes=\"(max-width: 1920px) 100vw, 1920px\" \/><\/figure><\/div><div class=\"elementor-widget-cmsmasters-featured-box__type-wrap elementor-widget-cmsmasters-featured-box__content-item\"><h2 class=\"elementor-widget-cmsmasters-featured-box__title elementor-widget-cmsmasters-featured-box__content-item\">MF Kredit za <br> eko dom<\/h2><div class=\"elementor-widget-cmsmasters-featured-box__description elementor-widget-cmsmasters-featured-box__content-item\">Kredit za rekonstrukciju I adaptaciju stambenog objekta.<\/div><div class=\"elementor-widget-cmsmasters-featured-box__button-wrapper elementor-widget-cmsmasters-featured-box__content-item\">\r\n\t\t\t\t<span class=\"elementor-widget-cmsmasters-featured-box__button elementor-widget-cmsmasters-featured-box__content-item cmsmasters-theme-button\">saznaj vi\u0161e<\/span>\r\n\t\t\t<\/div><\/div>\r\n\t\t\t\t<\/div>\r\n\t\t\t<\/div>\r\n\t\t<\/a>\t\t\t\t<\/div>\n\t\t\t\t<\/div>\n\t\t\t\t\t<\/div>\n\t\t<\/div>\n\t\t\t\t<div class=\"elementor-column elementor-col-33 elementor-top-column elementor-element elementor-element-bc3819c\" data-id=\"bc3819c\" data-element_type=\"column\">\n\t\t\t<div class=\"elementor-widget-wrap elementor-element-populated\">\n\t\t\t\t\t\t<div data-separate-animation-selector=\".elementor-widget-cmsmasters-featured-box__icon-wrap, .elementor-widget-cmsmasters-featured-box__image-wrap, .elementor-widget-cmsmasters-featured-box__title, .elementor-widget-cmsmasters-featured-box__description, .elementor-widget-cmsmasters-featured-box__button-wrapper\" data-text-animation-class=\"sequental, random\" class=\"elementor-element elementor-element-4463c76 cmsmasters-featured-box__button-border-solid cmsmasters-featured-box__graphic-align-center cmsmasters-featured-box__image_fit-none cmsmasters-featured-box__graphic-position-column cmsmasters-featured-box__graphic-position-tablet-column cmsmasters-featured-box__graphic-position-mobile-column cmsmasters-featured-box__both cmsmasters-featured-box__text-valign-middle cmsmasters-block-default cmsmasters-sticky-default elementor-widget elementor-widget-cmsmasters-featured-box\" data-id=\"4463c76\" data-element_type=\"widget\" data-widget_type=\"cmsmasters-featured-box.default\">\n\t\t\t\t<div class=\"elementor-widget-container\">\n\t\t\t\t\t<a href=\"https:\/\/mfbanka.com\/index.php\/kredit-za-znanje\/\" class=\"elementor-widget-cmsmasters-featured-box__wrapper\"><div class=\"elementor-widget-cmsmasters-featured-box__content\">\r\n\t\t\t\t<div class=\"elementor-widget-cmsmasters-featured-box__content-vertical-inner\"><div class=\"elementor-widget-cmsmasters-featured-box__graphic-wrapper elementor-widget-cmsmasters-featured-box__content-item elementor-widget-cmsmasters-featured-box__image\"><h2 class=\"elementor-widget-cmsmasters-featured-box__title elementor-widget-cmsmasters-featured-box__content-item\">MF Kredit za znanje<\/h2><figure class=\"elementor-widget-cmsmasters-featured-box__image-wrap elementor-widget-cmsmasters-featured-box__graphic-item\"><img decoding=\"async\" width=\"1920\" height=\"1080\" src=\"https:\/\/mfbanka.com\/wp-content\/uploads\/2025\/10\/mf-kredit-znanje.jpg\" class=\"attachment-full size-full wp-image-23449\" alt=\"\" srcset=\"https:\/\/mfbanka.com\/wp-content\/uploads\/2025\/10\/mf-kredit-znanje.jpg 1920w, https:\/\/mfbanka.com\/wp-content\/uploads\/2025\/10\/mf-kredit-znanje-300x169.jpg 300w, https:\/\/mfbanka.com\/wp-content\/uploads\/2025\/10\/mf-kredit-znanje-1024x576.jpg 1024w, https:\/\/mfbanka.com\/wp-content\/uploads\/2025\/10\/mf-kredit-znanje-768x432.jpg 768w, https:\/\/mfbanka.com\/wp-content\/uploads\/2025\/10\/mf-kredit-znanje-1536x864.jpg 1536w, https:\/\/mfbanka.com\/wp-content\/uploads\/2025\/10\/mf-kredit-znanje-533x300.jpg 533w\" sizes=\"(max-width: 1920px) 100vw, 1920px\" \/><\/figure><\/div><div class=\"elementor-widget-cmsmasters-featured-box__type-wrap elementor-widget-cmsmasters-featured-box__content-item\"><h2 class=\"elementor-widget-cmsmasters-featured-box__title elementor-widget-cmsmasters-featured-box__content-item\">MF Kredit za znanje<\/h2><div class=\"elementor-widget-cmsmasters-featured-box__description elementor-widget-cmsmasters-featured-box__content-item\">Kredit za finansiranje i refinansiranje tro\u0161kova formalnog i neformalnog obrzovanja, u zemlji i inostranstvu<\/div><div class=\"elementor-widget-cmsmasters-featured-box__button-wrapper elementor-widget-cmsmasters-featured-box__content-item\">\r\n\t\t\t\t<span class=\"elementor-widget-cmsmasters-featured-box__button elementor-widget-cmsmasters-featured-box__content-item cmsmasters-theme-button\">saznaj vi\u0161e<\/span>\r\n\t\t\t<\/div><\/div>\r\n\t\t\t\t<\/div>\r\n\t\t\t<\/div>\r\n\t\t<\/a>\t\t\t\t<\/div>\n\t\t\t\t<\/div>\n\t\t\t\t\t<\/div>\n\t\t<\/div>\n\t\t\t\t<div class=\"elementor-column elementor-col-33 elementor-top-column elementor-element elementor-element-65d8b73\" data-id=\"65d8b73\" data-element_type=\"column\">\n\t\t\t<div class=\"elementor-widget-wrap\">\n\t\t\t\t\t\t\t<\/div>\n\t\t<\/div>\n\t\t\t\t\t<\/div>\n\t\t<\/section>\n\t\t\t\t<section class=\"elementor-section elementor-top-section elementor-element elementor-element-d54daee elementor-section-boxed elementor-section-height-default elementor-section-height-default cmsmasters-block-default\" data-id=\"d54daee\" data-element_type=\"section\" data-settings=\"{&quot;_ha_eqh_enable&quot;:&quot;yes&quot;,&quot;_ha_eqh_widget&quot;:[&quot;ha-pricing-table&quot;],&quot;_ha_eqh_to&quot;:&quot;widget&quot;,&quot;_ha_eqh_disable_on_tablet&quot;:&quot;no&quot;,&quot;_ha_eqh_disable_on_mobile&quot;:&quot;yes&quot;}\">\n\t\t\t\t\t\t<div class=\"elementor-container elementor-column-gap-default\">\n\t\t\t\t\t<div class=\"elementor-column elementor-col-100 elementor-top-column elementor-element elementor-element-20f48bb\" data-id=\"20f48bb\" data-element_type=\"column\">\n\t\t\t<div class=\"elementor-widget-wrap elementor-element-populated\">\n\t\t\t\t\t\t<div class=\"elementor-element elementor-element-97c1701 cmsmasters-block-default cmsmasters-sticky-default elementor-widget elementor-widget-ha-pricing-table happy-addon ha-pricing-table\" data-id=\"97c1701\" data-element_type=\"widget\" data-widget_type=\"ha-pricing-table.default\">\n\t\t\t\t<div class=\"elementor-widget-container\">\n\t\t\t\t\t\n\t\t\t\t\t<span class=\"ha-pricing-table-badge ha-pricing-table-badge--left\">Inkluzija<\/span>\n\t\t\n\t\t<div class=\"ha-pricing-table-header\">\n\t\t\t\t\t\t\t<h2 class=\"ha-pricing-table-title\">Odr\u017eivi paket za finansijsku inkluziju<\/h2>\t\t\t\t\t<\/div>\n\t\t<div class=\"ha-pricing-table-price\">\n\t\t\t<div class=\"ha-pricing-table-price-tag\"><span class=\"ha-pricing-table-currency\"><\/span><span class=\"ha-pricing-table-price-text\">3,70 KM<\/span><\/div>\n\t\t\t\t\t<\/div>\n\t\t<div class=\"ha-pricing-table-body\">\n\t\t\t\t\t\t\t<h4 class=\"ha-pricing-table-features-title\">Paket uklju\u010duje:<\/h4>\t\t\t\n\t\t\t\t\t\t\t<ul class=\"ha-pricing-table-features-list\">\n\t\t\t\t\t\t\t\t\t\t\t<li class=\"elementor-repeater-item-a652290\">\n\t\t\t\t\t\t\t<i class=\"fas fa-check\"><\/i>\t\t\t\t\t\t\t<div class=\"ha-pricing-table-feature-text\">otvaranje i vo\u0111enje ra\u010duna za pla\u0107anje<\/div>\n\t\t\t\t\t\t<\/li>\n\t\t\t\t\t\t\t\t\t\t\t<li class=\"elementor-repeater-item-9c72ec0\">\n\t\t\t\t\t\t\t<i class=\"fas fa-check\"><\/i>\t\t\t\t\t\t\t<div class=\"ha-pricing-table-feature-text\">kori\u0161tenje usluge internet i mobilnog bankarstva<\/div>\n\t\t\t\t\t\t<\/li>\n\t\t\t\t\t\t\t\t\t\t\t<li class=\"elementor-repeater-item-1164539\">\n\t\t\t\t\t\t\t<i class=\"fas fa-check\"><\/i>\t\t\t\t\t\t\t<div class=\"ha-pricing-table-feature-text\">10 naloga mjese\u010dno za izvr\u0161enje pla\u0107anja u unutra\u0161njem platnom prometu do kumulativnog iznosa od 10.000,00 KM (transakcije \u017eiro kliringa)<\/div>\n\t\t\t\t\t\t<\/li>\n\t\t\t\t\t\t\t\t\t\t\t<li class=\"elementor-repeater-item-b789ca0\">\n\t\t\t\t\t\t\t<i class=\"fas fa-check\"><\/i>\t\t\t\t\t\t\t<div class=\"ha-pricing-table-feature-text\">neograni\u010deno pla\u0107anje roba i usluga na POS terminalima u BiH<\/div>\n\t\t\t\t\t\t<\/li>\n\t\t\t\t\t\t\t\t\t\t\t<li class=\"elementor-repeater-item-8dba6f3\">\n\t\t\t\t\t\t\t<i class=\"fas fa-check\"><\/i>\t\t\t\t\t\t\t<div class=\"ha-pricing-table-feature-text\">izdavanje, reizdavanje i godi\u0161nje odr\u017eavanje debitne kartice<\/div>\n\t\t\t\t\t\t<\/li>\n\t\t\t\t\t\t\t\t\t\t\t<li class=\"elementor-repeater-item-dacddb1\">\n\t\t\t\t\t\t\t<i class=\"fas fa-check\"><\/i>\t\t\t\t\t\t\t<div class=\"ha-pricing-table-feature-text\">svako revidiranje uslova za kori\u0161\u0107enje odr\u017eivog paketa usluga za finansijsku inkluziju<\/div>\n\t\t\t\t\t\t<\/li>\n\t\t\t\t\t\t\t\t\t\t\t<li class=\"elementor-repeater-item-42e3465\">\n\t\t\t\t\t\t\t<i class=\"fas fa-check\"><\/i>\t\t\t\t\t\t\t<div class=\"ha-pricing-table-feature-text\">promjena PIN koda u poslovnici banke ili na bankomatu<\/div>\n\t\t\t\t\t\t<\/li>\n\t\t\t\t\t\t\t\t\t\t\t<li class=\"elementor-repeater-item-0b4827f\">\n\t\t\t\t\t\t\t<i class=\"fas fa-check\"><\/i>\t\t\t\t\t\t\t<div class=\"ha-pricing-table-feature-text\">slanje izvoda putem mail-a ili drugog elektronskog na\u010dina koji ne uklju\u010duje \u0161tampanje ili dodatne tro\u0161kove za korisnika<\/div>\n\t\t\t\t\t\t<\/li>\n\t\t\t\t\t\t\t\t\t<\/ul>\n\t\t\t\t\t<\/div>\n\n\t\t\n\t\t\t\t\t\t<\/div>\n\t\t\t\t<\/div>\n\t\t\t\t<div class=\"elementor-element elementor-element-8ca30a7 cmsmasters-block-default cmsmasters-sticky-default elementor-widget elementor-widget-text-editor\" data-id=\"8ca30a7\" data-element_type=\"widget\" data-widget_type=\"text-editor.default\">\n\t\t\t\t<div class=\"elementor-widget-container\">\n\t\t\t\t\t\t\t\t\t<p><span data-teams=\"true\"><span class=\"ui-provider a b c d e f g h i j k l m n o p q r s t u v w x y z ab ac ae af ag ah ai aj ak\" dir=\"ltr\"><i>Odr\u017eivi paket usluga za finansijsku inkluziju koji je u primjeni od \u00a023.10.2024. godine va\u017ei samo za klijente na teritoriji \u00a0Federacije BiH i Br\u010dko Distrika.<\/i><\/span><\/span><\/p>\t\t\t\t\t\t\t\t<\/div>\n\t\t\t\t<\/div>\n\t\t\t\t\t<\/div>\n\t\t<\/div>\n\t\t\t\t\t<\/div>\n\t\t<\/section>\n\t\t\t\t<\/div>\n\t\t","protected":false},"excerpt":{"rendered":"<p>Odr\u017eivi proizvodi Informacioni list MF Kredit za eko dom MF Kredit za eko dom Kredit za rekonstrukciju I adaptaciju stambenog objekta. saznaj vi\u0161e MF Kredit za znanje MF Kredit za znanje Kredit za finansiranje i refinansiranje tro\u0161kova formalnog i neformalnog obrzovanja, u zemlji i inostranstvu saznaj vi\u0161e Inkluzija Odr\u017eivi paket za finansijsku inkluziju 3,70 KM&#8230;<\/p>\n","protected":false},"author":1,"featured_media":15664,"parent":0,"menu_order":0,"comment_status":"closed","ping_status":"closed","template":"","meta":{"inline_featured_image":false,"footnotes":""},"class_list":["post-22451","page","type-page","status-publish","has-post-thumbnail","hentry"],"_links":{"self":[{"href":"https:\/\/mfbanka.com\/index.php\/wp-json\/wp\/v2\/pages\/22451","targetHints":{"allow":["GET"]}}],"collection":[{"href":"https:\/\/mfbanka.com\/index.php\/wp-json\/wp\/v2\/pages"}],"about":[{"href":"https:\/\/mfbanka.com\/index.php\/wp-json\/wp\/v2\/types\/page"}],"author":[{"embeddable":true,"href":"https:\/\/mfbanka.com\/index.php\/wp-json\/wp\/v2\/users\/1"}],"replies":[{"embeddable":true,"href":"https:\/\/mfbanka.com\/index.php\/wp-json\/wp\/v2\/comments?post=22451"}],"version-history":[{"count":28,"href":"https:\/\/mfbanka.com\/index.php\/wp-json\/wp\/v2\/pages\/22451\/revisions"}],"predecessor-version":[{"id":23683,"href":"https:\/\/mfbanka.com\/index.php\/wp-json\/wp\/v2\/pages\/22451\/revisions\/23683"}],"wp:featuredmedia":[{"embeddable":true,"href":"https:\/\/mfbanka.com\/index.php\/wp-json\/wp\/v2\/media\/15664"}],"wp:attachment":[{"href":"https:\/\/mfbanka.com\/index.php\/wp-json\/wp\/v2\/media?parent=22451"}],"curies":[{"name":"wp","href":"https:\/\/api.w.org\/{rel}","templated":true}]}}