{"id":9928,"date":"2022-05-26T09:30:05","date_gmt":"2022-05-26T09:30:05","guid":{"rendered":"https:\/\/mf.aquariushost.net\/?page_id=9928"},"modified":"2025-11-18T13:05:15","modified_gmt":"2025-11-18T13:05:15","slug":"uprava","status":"publish","type":"page","link":"https:\/\/mfbanka.com\/index.php\/uprava\/","title":{"rendered":"UPRAVA"},"content":{"rendered":"\t\t<div data-elementor-type=\"wp-page\" data-elementor-id=\"9928\" class=\"elementor elementor-9928\" data-elementor-settings=\"{&quot;ha_cmc_init_switcher&quot;:&quot;no&quot;}\" data-elementor-post-type=\"page\">\n\t\t\t\t\t\t<section class=\"elementor-section elementor-top-section elementor-element elementor-element-eae81f4 elementor-section-boxed elementor-section-height-default elementor-section-height-default cmsmasters-block-default\" data-id=\"eae81f4\" data-element_type=\"section\" data-settings=\"{&quot;_ha_eqh_enable&quot;:false}\">\n\t\t\t\t\t\t<div class=\"elementor-container elementor-column-gap-default\">\n\t\t\t\t\t<div class=\"elementor-column elementor-col-100 elementor-top-column elementor-element elementor-element-918c181\" data-id=\"918c181\" data-element_type=\"column\">\n\t\t\t<div class=\"elementor-widget-wrap elementor-element-populated\">\n\t\t\t\t\t\t<div class=\"elementor-element elementor-element-26bf4af cmsmasters-block-default cmsmasters-sticky-default elementor-widget elementor-widget-heading\" data-id=\"26bf4af\" data-element_type=\"widget\" data-widget_type=\"heading.default\">\n\t\t\t\t<div class=\"elementor-widget-container\">\n\t\t\t\t\t<h2 class=\"elementor-heading-title elementor-size-default\">Uprava Banke\n<\/h2>\t\t\t\t<\/div>\n\t\t\t\t<\/div>\n\t\t\t\t\t<\/div>\n\t\t<\/div>\n\t\t\t\t\t<\/div>\n\t\t<\/section>\n\t\t\t\t<section class=\"elementor-section elementor-top-section elementor-element elementor-element-082bbbe elementor-section-boxed elementor-section-height-default elementor-section-height-default cmsmasters-block-default\" data-id=\"082bbbe\" data-element_type=\"section\" data-settings=\"{&quot;_ha_eqh_enable&quot;:false}\">\n\t\t\t\t\t\t<div class=\"elementor-container elementor-column-gap-default\">\n\t\t\t\t\t<div class=\"elementor-column elementor-col-33 elementor-top-column elementor-element elementor-element-604fd1b\" data-id=\"604fd1b\" data-element_type=\"column\">\n\t\t\t<div class=\"elementor-widget-wrap elementor-element-populated\">\n\t\t\t\t\t\t<div class=\"elementor-element elementor-element-29e6548 cmsmasters-block-default cmsmasters-sticky-default elementor-widget elementor-widget-ha-member happy-addon ha-member\" data-id=\"29e6548\" data-element_type=\"widget\" data-widget_type=\"ha-member.default\">\n\t\t\t\t<div class=\"elementor-widget-container\">\n\t\t\t\t\t\n\t\t\t\t\t<figure class=\"ha-member-figure\">\n\t\t\t\t<img fetchpriority=\"high\" decoding=\"async\" width=\"1024\" height=\"682\" src=\"https:\/\/mfbanka.com\/wp-content\/uploads\/2025\/08\/Aleksandar-Kremenovic1-1024x682.jpg\" class=\"elementor-animation-disable-animation attachment-large size-large wp-image-22951\" alt=\"\" srcset=\"https:\/\/mfbanka.com\/wp-content\/uploads\/2025\/08\/Aleksandar-Kremenovic1-1024x682.jpg 1024w, https:\/\/mfbanka.com\/wp-content\/uploads\/2025\/08\/Aleksandar-Kremenovic1-300x200.jpg 300w, https:\/\/mfbanka.com\/wp-content\/uploads\/2025\/08\/Aleksandar-Kremenovic1-768x512.jpg 768w, https:\/\/mfbanka.com\/wp-content\/uploads\/2025\/08\/Aleksandar-Kremenovic1-1536x1024.jpg 1536w, https:\/\/mfbanka.com\/wp-content\/uploads\/2025\/08\/Aleksandar-Kremenovic1-2048x1365.jpg 2048w, https:\/\/mfbanka.com\/wp-content\/uploads\/2025\/08\/Aleksandar-Kremenovic1-450x300.jpg 450w, https:\/\/mfbanka.com\/wp-content\/uploads\/2025\/08\/Aleksandar-Kremenovic1-30x20.jpg 30w, https:\/\/mfbanka.com\/wp-content\/uploads\/2025\/08\/Aleksandar-Kremenovic1-15x10.jpg 15w\" sizes=\"(max-width: 1024px) 100vw, 1024px\" \/>\t\t\t<\/figure>\n\t\t\n\t\t<div class=\"ha-member-body\">\n\t\t\t<h2 class=\"ha-member-name\">Aleksandar Kremenovi\u0107<\/h2>\n\t\t\t\t\t\t\t<div class=\"ha-member-position\">predsjednik Uprave<\/div>\n\t\t\t\n\t\t\t\t\t\t\t<div class=\"ha-member-bio\">\n\t\t\t\t\t<p>Aleksandar Kremenovi\u0107, po struci diplomirani ekonomista, svoju finansijsku karijeru zapo\u010deo je u Banjaluci krajem 1996. godine. Od samim po\u010detaka vjerovao je da finansijski sektor mo\u017ee da slu\u017ei ljudima, ne da im name\u0107e pravila, ve\u0107 da bude uz njih i prati ih na svakom koraku razvoja. Tako je nastao Mikrofin, a potom i MF banka. Kao vlasnik i osniva\u010d MF grupe, tokom bogate karijere obavljao je funkcije u najvi\u0161im upravnim i nadzornim tijelima MKD Mikrofin, MF banke i Mikrofin osiguranja, a od aprila 2024. godine je na poziciji predsjednika Uprave MF banke. U okviru njegovih nadle\u017enosti nalaze se: Sekretarijat, Sektor za platne sisteme i podr\u0161ku, Sektor za IT, Sektor za SPNFTA, Sektor za OPP, te Funkcije nabavki i logistike, marketinga i ljudskih resursa.<\/p>\n\t\t\t\t<\/div>\n\t\t\t\n\t\t\t\n\t\t\t\t\t\t\t<div class=\"ha-member-links\">\n\t\t\t\t\t<a target=\"_blank\" rel=\"noopener\" href=\"https:\/\/ba.linkedin.com\/in\/aleksandar-kremenovic-20266247\" class=\"elementor-repeater-item-38be655\"><i class=\"fa fa-linkedin fab\" aria-hidden=\"true\"><\/i><\/a>\t\t\t\t<\/div>\n\t\t\t\n\t\t\t\t\t<\/div>\n\t\t\t\t\t\t<\/div>\n\t\t\t\t<\/div>\n\t\t\t\t\t<\/div>\n\t\t<\/div>\n\t\t\t\t<div class=\"elementor-column elementor-col-33 elementor-top-column elementor-element elementor-element-f416ef7\" data-id=\"f416ef7\" data-element_type=\"column\">\n\t\t\t<div class=\"elementor-widget-wrap elementor-element-populated\">\n\t\t\t\t\t\t<div class=\"elementor-element elementor-element-268803f cmsmasters-block-default cmsmasters-sticky-default elementor-widget elementor-widget-ha-member happy-addon ha-member\" data-id=\"268803f\" data-element_type=\"widget\" data-widget_type=\"ha-member.default\">\n\t\t\t\t<div class=\"elementor-widget-container\">\n\t\t\t\t\t\n\t\t\t\t\t<figure class=\"ha-member-figure\">\n\t\t\t\t<img decoding=\"async\" width=\"1024\" height=\"681\" src=\"https:\/\/mfbanka.com\/wp-content\/uploads\/2023\/03\/Milijana-obradjene-1-1024x681.jpg\" class=\"elementor-animation-disable-animation attachment-large size-large wp-image-19922\" alt=\"\" srcset=\"https:\/\/mfbanka.com\/wp-content\/uploads\/2023\/03\/Milijana-obradjene-1-1024x681.jpg 1024w, https:\/\/mfbanka.com\/wp-content\/uploads\/2023\/03\/Milijana-obradjene-1-300x200.jpg 300w, https:\/\/mfbanka.com\/wp-content\/uploads\/2023\/03\/Milijana-obradjene-1-768x511.jpg 768w, https:\/\/mfbanka.com\/wp-content\/uploads\/2023\/03\/Milijana-obradjene-1-1536x1022.jpg 1536w, https:\/\/mfbanka.com\/wp-content\/uploads\/2023\/03\/Milijana-obradjene-1-2048x1363.jpg 2048w, https:\/\/mfbanka.com\/wp-content\/uploads\/2023\/03\/Milijana-obradjene-1-451x300.jpg 451w, https:\/\/mfbanka.com\/wp-content\/uploads\/2023\/03\/Milijana-obradjene-1-30x20.jpg 30w, https:\/\/mfbanka.com\/wp-content\/uploads\/2023\/03\/Milijana-obradjene-1-15x10.jpg 15w\" sizes=\"(max-width: 1024px) 100vw, 1024px\" \/>\t\t\t<\/figure>\n\t\t\n\t\t<div class=\"ha-member-body\">\n\t\t\t<h2 class=\"ha-member-name\">Milijana \u010cavi\u0107<\/h2>\n\t\t\t\t\t\t\t<div class=\"ha-member-position\">\u010dlan Uprave<\/div>\n\t\t\t\n\t\t\t\t\t\t\t<div class=\"ha-member-bio\">\n\t\t\t\t\t<p>Milijana \u010cavi\u0107 imenovana je na mjesto \u010dlana Uprave MF banke 1.februara 2023.godine, a u okviru njenih nadle\u017enosti nalaze se sektori: Sektor za stanovni\u0161tvo i \u0161altere , Sektor za preduzetnike,  Sektor za korporativne i javne klijente, Sektor za podr\u0161ku i kontrolu prodaje i pripadaju\u0107im slu\u017ebama i odjelima, kao i Slu\u017ebe za upravljanje proizvodima i kanalima.  \n\nOd oktobra 2019. godine do 1. februrara 2023.godine, obavljala je funkciju izvr\u0161nog direktora Mikrokreditnog dru\u0161tva Mikrofin , a od juna 2022.godine nalazila se na poziciji \u010dlana Nadzornog odbora MF banke a.d. Banja Luka. Diplomirala je na Ekonomskom fakultetu Univerziteta u Banjoj Luci.\n\n<\/p>\n\t\t\t\t<\/div>\n\t\t\t\n\t\t\t\n\t\t\t\t\t\t\t<div class=\"ha-member-links\">\n\t\t\t\t\t<a target=\"_blank\" rel=\"noopener\" href=\"https:\/\/ba.linkedin.com\/in\/milijana-%C4%8Davi%C4%87-1461611a2\" class=\"elementor-repeater-item-38be655\"><i class=\"fa fa-linkedin fab\" aria-hidden=\"true\"><\/i><\/a>\t\t\t\t<\/div>\n\t\t\t\n\t\t\t\t\t<\/div>\n\t\t\t\t\t\t<\/div>\n\t\t\t\t<\/div>\n\t\t\t\t\t<\/div>\n\t\t<\/div>\n\t\t\t\t<div class=\"elementor-column elementor-col-33 elementor-top-column elementor-element elementor-element-4dc5af3\" data-id=\"4dc5af3\" data-element_type=\"column\">\n\t\t\t<div class=\"elementor-widget-wrap elementor-element-populated\">\n\t\t\t\t\t\t<div class=\"elementor-element elementor-element-da61b60 elementor-widget__width-initial cmsmasters-block-default cmsmasters-sticky-default elementor-widget elementor-widget-ha-member happy-addon ha-member\" data-id=\"da61b60\" data-element_type=\"widget\" data-widget_type=\"ha-member.default\">\n\t\t\t\t<div class=\"elementor-widget-container\">\n\t\t\t\t\t\n\t\t\t\t\t<figure class=\"ha-member-figure\">\n\t\t\t\t<img decoding=\"async\" width=\"1024\" height=\"691\" src=\"https:\/\/mfbanka.com\/wp-content\/uploads\/2025\/11\/MF-vizuali-za-sajt-vijesti-aktuelnosti-e1660035712912-1-e1763470989628-1024x691.jpg\" class=\"elementor-animation-disable-animation attachment-large size-large wp-image-23550\" alt=\"\" srcset=\"https:\/\/mfbanka.com\/wp-content\/uploads\/2025\/11\/MF-vizuali-za-sajt-vijesti-aktuelnosti-e1660035712912-1-e1763470989628-1024x691.jpg 1024w, https:\/\/mfbanka.com\/wp-content\/uploads\/2025\/11\/MF-vizuali-za-sajt-vijesti-aktuelnosti-e1660035712912-1-e1763470989628-300x202.jpg 300w, https:\/\/mfbanka.com\/wp-content\/uploads\/2025\/11\/MF-vizuali-za-sajt-vijesti-aktuelnosti-e1660035712912-1-e1763470989628-768x518.jpg 768w, https:\/\/mfbanka.com\/wp-content\/uploads\/2025\/11\/MF-vizuali-za-sajt-vijesti-aktuelnosti-e1660035712912-1-e1763470989628-445x300.jpg 445w, https:\/\/mfbanka.com\/wp-content\/uploads\/2025\/11\/MF-vizuali-za-sajt-vijesti-aktuelnosti-e1660035712912-1-e1763470989628.jpg 1305w\" sizes=\"(max-width: 1024px) 100vw, 1024px\" \/>\t\t\t<\/figure>\n\t\t\n\t\t<div class=\"ha-member-body\">\n\t\t\t<h2 class=\"ha-member-name\">Sne\u017eana Mileti\u0107<\/h2>\n\t\t\t\t\t\t\t<div class=\"ha-member-position\">v.d. \u010dlana Uprave<\/div>\n\t\t\t\n\t\t\t\t\t\t\t<div class=\"ha-member-bio\">\n\t\t\t\t\t<p>Sne\u017eana Mileti\u0107 je zaposlenik MF banke od 2022. godine. Zavr\u0161ila je Ekonomski fakultet Univerziteta u Banjoj Luci, a aktivno je u bankarstvu preko 18 godina. Njeno radno iskustvo u najve\u0107em dijelu povezano je sa poslovima procjene i upravljanja rizicima, te je od po\u010detka rada u MF banci bila dio kontrolne funkcije za upravljanje rizicima. Imenovana je na poziciju v.d. \u010dlana Uprave MF banke 14.08.2025. godine, a u okviru njenih nadle\u017enosti nalaze se sektori: \nSektor za upravljanje rizicima, Sektor za ra\u010dunovodstvo i finansijsko izvje\u0161tavanje, Sektor za procjenu i monitoring kreditnog rizika i upravljanje nekvalitetnim izlo\u017eenostima te Sektor za pra\u0107enje uskla\u0111enosti poslovanja i bezbjednost informacionog sistema.<\/p>\n\t\t\t\t<\/div>\n\t\t\t\n\t\t\t\n\t\t\t\t\t\t\t<div class=\"ha-member-links\">\n\t\t\t\t\t<a target=\"_blank\" rel=\"noopener\" href=\"#\" class=\"elementor-repeater-item-4aa5aab\"><i class=\"fa fa-linkedin fab\" aria-hidden=\"true\"><\/i><\/a>\t\t\t\t<\/div>\n\t\t\t\n\t\t\t\t\t<\/div>\n\t\t\t\t\t\t<\/div>\n\t\t\t\t<\/div>\n\t\t\t\t\t<\/div>\n\t\t<\/div>\n\t\t\t\t\t<\/div>\n\t\t<\/section>\n\t\t\t\t<section class=\"elementor-section elementor-top-section elementor-element elementor-element-a399690 elementor-section-boxed elementor-section-height-default elementor-section-height-default cmsmasters-block-default\" data-id=\"a399690\" data-element_type=\"section\" data-settings=\"{&quot;_ha_eqh_enable&quot;:false}\">\n\t\t\t\t\t\t<div class=\"elementor-container elementor-column-gap-default\">\n\t\t\t\t\t<div class=\"elementor-column elementor-col-100 elementor-top-column elementor-element elementor-element-a644c9b\" data-id=\"a644c9b\" data-element_type=\"column\">\n\t\t\t<div class=\"elementor-widget-wrap elementor-element-populated\">\n\t\t\t\t\t\t<div class=\"elementor-element elementor-element-d2927ba cmsmasters-block-default cmsmasters-sticky-default elementor-widget elementor-widget-heading\" data-id=\"d2927ba\" data-element_type=\"widget\" data-widget_type=\"heading.default\">\n\t\t\t\t<div class=\"elementor-widget-container\">\n\t\t\t\t\t<h2 class=\"elementor-heading-title elementor-size-default\">Nadzorni odbor banke<\/h2>\t\t\t\t<\/div>\n\t\t\t\t<\/div>\n\t\t\t\t\t<\/div>\n\t\t<\/div>\n\t\t\t\t\t<\/div>\n\t\t<\/section>\n\t\t\t\t<section class=\"elementor-section elementor-top-section elementor-element elementor-element-f64e82e elementor-section-boxed elementor-section-height-default elementor-section-height-default cmsmasters-block-default\" data-id=\"f64e82e\" data-element_type=\"section\" data-settings=\"{&quot;_ha_eqh_enable&quot;:false}\">\n\t\t\t\t\t\t<div class=\"elementor-container elementor-column-gap-default\">\n\t\t\t\t\t<div class=\"elementor-column elementor-col-100 elementor-top-column elementor-element elementor-element-1919d0c\" data-id=\"1919d0c\" data-element_type=\"column\">\n\t\t\t<div class=\"elementor-widget-wrap elementor-element-populated\">\n\t\t\t\t\t\t<div class=\"elementor-element elementor-element-db075f6 cmsmasters-block-default cmsmasters-sticky-default elementor-widget elementor-widget-heading\" data-id=\"db075f6\" data-element_type=\"widget\" data-widget_type=\"heading.default\">\n\t\t\t\t<div class=\"elementor-widget-container\">\n\t\t\t\t\t<h2 class=\"elementor-heading-title elementor-size-default\"><b>Sandra Lonco<\/b> - predsjednik<\/h2>\t\t\t\t<\/div>\n\t\t\t\t<\/div>\n\t\t\t\t<div class=\"elementor-element elementor-element-52c51c0 elementor-widget-divider--view-line cmsmasters-block-default cmsmasters-sticky-default elementor-widget elementor-widget-divider\" data-id=\"52c51c0\" data-element_type=\"widget\" data-widget_type=\"divider.default\">\n\t\t\t\t<div class=\"elementor-widget-container\">\n\t\t\t\t\t\t\t<div class=\"elementor-divider\">\n\t\t\t<span class=\"elementor-divider-separator\">\n\t\t\t\t\t\t<\/span>\n\t\t<\/div>\n\t\t\t\t\t\t<\/div>\n\t\t\t\t<\/div>\n\t\t\t\t<div class=\"elementor-element elementor-element-a402945 cmsmasters-block-default cmsmasters-sticky-default elementor-widget elementor-widget-heading\" data-id=\"a402945\" data-element_type=\"widget\" data-widget_type=\"heading.default\">\n\t\t\t\t<div class=\"elementor-widget-container\">\n\t\t\t\t\t<h2 class=\"elementor-heading-title elementor-size-default\"><b>Ranko Travar<\/b> - \u010dlan<\/h2>\t\t\t\t<\/div>\n\t\t\t\t<\/div>\n\t\t\t\t<div class=\"elementor-element elementor-element-7fe2e63 elementor-widget-divider--view-line cmsmasters-block-default cmsmasters-sticky-default elementor-widget elementor-widget-divider\" data-id=\"7fe2e63\" data-element_type=\"widget\" data-widget_type=\"divider.default\">\n\t\t\t\t<div class=\"elementor-widget-container\">\n\t\t\t\t\t\t\t<div class=\"elementor-divider\">\n\t\t\t<span class=\"elementor-divider-separator\">\n\t\t\t\t\t\t<\/span>\n\t\t<\/div>\n\t\t\t\t\t\t<\/div>\n\t\t\t\t<\/div>\n\t\t\t\t<div class=\"elementor-element elementor-element-4cfa98a cmsmasters-block-default cmsmasters-sticky-default elementor-widget elementor-widget-heading\" data-id=\"4cfa98a\" data-element_type=\"widget\" data-widget_type=\"heading.default\">\n\t\t\t\t<div class=\"elementor-widget-container\">\n\t\t\t\t\t<h2 class=\"elementor-heading-title elementor-size-default\"><b>Frieder Wohrmann<\/b>\u00a0\u2013 \u010dlan<\/h2>\t\t\t\t<\/div>\n\t\t\t\t<\/div>\n\t\t\t\t<div class=\"elementor-element elementor-element-589414b elementor-widget-divider--view-line cmsmasters-block-default cmsmasters-sticky-default elementor-widget elementor-widget-divider\" data-id=\"589414b\" data-element_type=\"widget\" data-widget_type=\"divider.default\">\n\t\t\t\t<div class=\"elementor-widget-container\">\n\t\t\t\t\t\t\t<div class=\"elementor-divider\">\n\t\t\t<span class=\"elementor-divider-separator\">\n\t\t\t\t\t\t<\/span>\n\t\t<\/div>\n\t\t\t\t\t\t<\/div>\n\t\t\t\t<\/div>\n\t\t\t\t<div class=\"elementor-element elementor-element-e14d2b0 cmsmasters-block-default cmsmasters-sticky-default elementor-widget elementor-widget-heading\" data-id=\"e14d2b0\" data-element_type=\"widget\" data-widget_type=\"heading.default\">\n\t\t\t\t<div class=\"elementor-widget-container\">\n\t\t\t\t\t<h2 class=\"elementor-heading-title elementor-size-default\"><b>Aleksandar \u010coli\u0107<\/b> - \u010dlan<\/h2>\t\t\t\t<\/div>\n\t\t\t\t<\/div>\n\t\t\t\t<div class=\"elementor-element elementor-element-e4126bd elementor-widget-divider--view-line cmsmasters-block-default cmsmasters-sticky-default elementor-widget elementor-widget-divider\" data-id=\"e4126bd\" data-element_type=\"widget\" data-widget_type=\"divider.default\">\n\t\t\t\t<div class=\"elementor-widget-container\">\n\t\t\t\t\t\t\t<div class=\"elementor-divider\">\n\t\t\t<span class=\"elementor-divider-separator\">\n\t\t\t\t\t\t<\/span>\n\t\t<\/div>\n\t\t\t\t\t\t<\/div>\n\t\t\t\t<\/div>\n\t\t\t\t<div class=\"elementor-element elementor-element-f9b7021 cmsmasters-block-default cmsmasters-sticky-default elementor-widget elementor-widget-heading\" data-id=\"f9b7021\" data-element_type=\"widget\" data-widget_type=\"heading.default\">\n\t\t\t\t<div class=\"elementor-widget-container\">\n\t\t\t\t\t<h2 class=\"elementor-heading-title elementor-size-default\"><b>Sre\u0107ko Bogunovi\u0107 - \u010dlan<\/h2>\t\t\t\t<\/div>\n\t\t\t\t<\/div>\n\t\t\t\t\t<\/div>\n\t\t<\/div>\n\t\t\t\t\t<\/div>\n\t\t<\/section>\n\t\t\t\t<\/div>\n\t\t","protected":false},"excerpt":{"rendered":"<p>Uprava Banke Aleksandar Kremenovi\u0107 predsjednik Uprave Aleksandar Kremenovi\u0107, po struci diplomirani ekonomista, svoju finansijsku karijeru zapo\u010deo je u Banjaluci krajem 1996. godine. Od samim po\u010detaka vjerovao je da finansijski sektor mo\u017ee da slu\u017ei ljudima, ne da im name\u0107e pravila, ve\u0107 da bude uz njih i prati ih na svakom koraku razvoja. Tako je nastao Mikrofin,&#8230;<\/p>\n","protected":false},"author":1,"featured_media":0,"parent":0,"menu_order":0,"comment_status":"closed","ping_status":"closed","template":"","meta":{"inline_featured_image":false,"footnotes":""},"class_list":["post-9928","page","type-page","status-publish","hentry"],"_links":{"self":[{"href":"https:\/\/mfbanka.com\/index.php\/wp-json\/wp\/v2\/pages\/9928","targetHints":{"allow":["GET"]}}],"collection":[{"href":"https:\/\/mfbanka.com\/index.php\/wp-json\/wp\/v2\/pages"}],"about":[{"href":"https:\/\/mfbanka.com\/index.php\/wp-json\/wp\/v2\/types\/page"}],"author":[{"embeddable":true,"href":"https:\/\/mfbanka.com\/index.php\/wp-json\/wp\/v2\/users\/1"}],"replies":[{"embeddable":true,"href":"https:\/\/mfbanka.com\/index.php\/wp-json\/wp\/v2\/comments?post=9928"}],"version-history":[{"count":87,"href":"https:\/\/mfbanka.com\/index.php\/wp-json\/wp\/v2\/pages\/9928\/revisions"}],"predecessor-version":[{"id":23559,"href":"https:\/\/mfbanka.com\/index.php\/wp-json\/wp\/v2\/pages\/9928\/revisions\/23559"}],"wp:attachment":[{"href":"https:\/\/mfbanka.com\/index.php\/wp-json\/wp\/v2\/media?parent=9928"}],"curies":[{"name":"wp","href":"https:\/\/api.w.org\/{rel}","templated":true}]}}